{"id":1088,"date":"2021-12-03T12:30:24","date_gmt":"2021-12-03T11:30:24","guid":{"rendered":"https:\/\/peaksofthebalkans.info\/?page_id=1088"},"modified":"2026-03-08T06:57:45","modified_gmt":"2026-03-08T05:57:45","slug":"contact-us","status":"publish","type":"page","link":"https:\/\/peaksofthebalkans.info\/de\/kontaktieren-sie-uns\/","title":{"rendered":"Kontakt"},"content":{"rendered":"<section class=\"pob-contact-content\">\n    <div class=\"site-container\">\n        <div class=\"pob-contact-layout\">\n            <div class=\"pob-contact-main\">\n                <h1 class=\"translation-block\"><strong><span class=\"green-text\">INFORMATIONEN<\/span><br>KONTAKTIEREN SIE UNS<\/strong><\/h1>\n                <p>Wir sind bereit, Ihnen bei der Suche und Planung Ihrer idealen Abenteuerreise zu helfen und eventuelle Probleme mit Ihrer Buchung zu l\u00f6sen. Sie k\u00f6nnen auch die Antworten auf unsere am h\u00e4ufigsten gestellten Fragen durchst\u00f6bern:<\/p>\n                <p class=\"translation-block\"><span class=\"green-text\">\u2022 <a href=\"https:\/\/peaksofthebalkans.info\/de\/faq\/\" class=\"green-link\" target=\"_self\">H\u00e4ufige Fragen zu Buchungen und Touren<\/a><\/span><\/p>\n                <div class=\"pob-contact-details\">\n                    <h5 class=\"translation-block\"><strong>Schreiben Sie uns eine E-Mail, rufen Sie uns an<\/strong><br><br>\r\n\t\t\t\t\t\t\t<a href=\"mailto:info@peaksofthebalkans.info\" class=\"blue-link\" target=\"_self\">info@peaksofthebalkans.info<\/a> <a href=\"tel:+38349661105\" class=\"blue-link\" target=\"_self\">+383 49 661 105<\/a><\/h5>\n                <\/div>\n                <div class=\"pob-contact-form-wrapper\">\n                    <h2>Senden Sie uns eine Nachricht<\/h2>\n                    <form class=\"pob-contact-form\" method=\"post\" action=\"\" data-trp-original-action=\"\">\n                        <div class=\"pob-contact-form__row\">\n                            <div class=\"pob-contact-form__field pob-contact-form__field--half\">\n                                <label for=\"name\">Name*<\/label>\n                                <input type=\"text\" id=\"name\" name=\"name\" placeholder=\"Name*\" required>\n                            <\/div>\n                            <div class=\"pob-contact-form__field pob-contact-form__field--half\">\n                                <label for=\"surname\">Nachname*<\/label>\n                                <input type=\"text\" id=\"surname\" name=\"surname\" placeholder=\"Nachname*\" required>\n                            <\/div>\n                        <\/div>\n                        <div class=\"pob-contact-form__field\">\n                            <label for=\"email\">E-Mail-Adresse<\/label>\n                            <input type=\"email\" id=\"email\" name=\"email\" placeholder=\"E-Mail-Adresse\" required>\n                        <\/div>\n                        <div class=\"pob-contact-form__field\">\n                            <label for=\"message\">Nachricht<\/label>\n                            <textarea id=\"message\" name=\"message\" placeholder=\"Nachricht\" rows=\"6\" required><\/textarea>\n                        <\/div>\n                        <button type=\"submit\" class=\"pob-contact-form__submit\">Absenden<\/button>\n                    <input type=\"hidden\" name=\"trp-form-language\" value=\"de\"\/><\/form>\n                <\/div>\n            <\/div>\n            <div class=\"pob-contact-sidebar\">\n                <div class=\"pob-contact-image\">\n                    <img decoding=\"async\" src=\"\/wp-content\/uploads\/2019\/02\/PoB_Trail.jpg\" alt=\"Peaks of the Balkans Trail\" loading=\"lazy\">\n                <\/div>\n            <\/div>\n        <\/div>\n    <\/div>\n<\/section>","protected":false},"excerpt":{"rendered":"","protected":false},"author":5,"featured_media":0,"parent":0,"menu_order":0,"comment_status":"closed","ping_status":"closed","template":"","meta":{"footnotes":""},"class_list":["post-1088","page","type-page","status-publish","hentry"],"yoast_head":"<!-- This site is optimized with the Yoast SEO Premium plugin v27.1 (Yoast SEO v27.1.1) - https:\/\/yoast.com\/product\/yoast-seo-premium-wordpress\/ -->\n<title>Kontakt \u2013 Peaks of the Balkans<\/title>\n<meta name=\"description\" content=\"Through this page you can contact some of the best support in the Peaks of the Balkans\" \/>\n<meta name=\"robots\" content=\"index, follow, max-snippet:-1, max-image-preview:large, max-video-preview:-1\" \/>\n<link rel=\"canonical\" href=\"https:\/\/peaksofthebalkans.info\/de\/kontaktieren-sie-uns\/\" \/>\n<meta property=\"og:locale\" content=\"de_DE\" \/>\n<meta property=\"og:type\" content=\"article\" \/>\n<meta property=\"og:title\" content=\"Kontakt\" \/>\n<meta property=\"og:description\" content=\"Through this page you can contact some of the best support in the Peaks of the Balkans\" \/>\n<meta property=\"og:url\" content=\"https:\/\/peaksofthebalkans.info\/de\/kontaktieren-sie-uns\/\" \/>\n<meta property=\"og:site_name\" content=\"Peaks of the Balkans, Trail, Hiking Tours\" \/>\n<meta property=\"article:publisher\" content=\"https:\/\/www.facebook.com\/peaksofthebalkans\/\" \/>\n<meta property=\"article:modified_time\" content=\"2026-03-08T05:57:45+00:00\" \/>\n<meta property=\"og:image\" content=\"https:\/\/peaksofthebalkans.info\/wp-content\/uploads\/2019\/11\/Grbaja-Valley.jpeg\" \/>\n\t<meta property=\"og:image:width\" content=\"1280\" \/>\n\t<meta property=\"og:image:height\" content=\"720\" \/>\n\t<meta property=\"og:image:type\" content=\"image\/jpeg\" \/>\n<meta name=\"twitter:card\" content=\"summary_large_image\" \/>\n<meta name=\"twitter:label1\" content=\"Gesch\u00e4tzte Lesezeit\" \/>\n\t<meta name=\"twitter:data1\" content=\"1\u00a0Minute\" \/>\n<script type=\"application\/ld+json\" class=\"yoast-schema-graph\">{\"@context\":\"https:\/\/schema.org\",\"@graph\":[{\"@type\":\"WebPage\",\"@id\":\"https:\/\/peaksofthebalkans.info\/contact-us\/\",\"url\":\"https:\/\/peaksofthebalkans.info\/contact-us\/\",\"name\":\"Kontakt \u2013 Peaks of the Balkans\",\"isPartOf\":{\"@id\":\"https:\/\/peaksofthebalkans.info\/#website\"},\"datePublished\":\"2021-12-03T11:30:24+00:00\",\"dateModified\":\"2026-03-08T05:57:45+00:00\",\"description\":\"Through this page you can contact some of the best support in the Peaks of the Balkans\",\"breadcrumb\":{\"@id\":\"https:\/\/peaksofthebalkans.info\/contact-us\/#breadcrumb\"},\"inLanguage\":\"de\",\"potentialAction\":[{\"@type\":\"ReadAction\",\"target\":[\"https:\/\/peaksofthebalkans.info\/contact-us\/\"]}]},{\"@type\":\"BreadcrumbList\",\"@id\":\"https:\/\/peaksofthebalkans.info\/contact-us\/#breadcrumb\",\"itemListElement\":[{\"@type\":\"ListItem\",\"position\":1,\"name\":\"Heim\",\"item\":\"https:\/\/peaksofthebalkans.info\/\"},{\"@type\":\"ListItem\",\"position\":2,\"name\":\"Kontakt\"}]},{\"@type\":\"WebSite\",\"@id\":\"https:\/\/peaksofthebalkans.info\/#website\",\"url\":\"https:\/\/peaksofthebalkans.info\/\",\"name\":\"Die Gipfel des Balkans\",\"description\":\"Auf dieser Website finden Sie die neuesten Informationen \u00fcber den Peaks of the Balkans Trail, GPS, F\u00fchrer, Grenzgenehmigungen und andere wichtige Informationen.\",\"publisher\":{\"@id\":\"https:\/\/peaksofthebalkans.info\/#organization\"},\"alternateName\":\"Gipfelweg des Balkans\",\"potentialAction\":[{\"@type\":\"SearchAction\",\"target\":{\"@type\":\"EntryPoint\",\"urlTemplate\":\"https:\/\/peaksofthebalkans.info\/?s={search_term_string}\"},\"query-input\":{\"@type\":\"PropertyValueSpecification\",\"valueRequired\":true,\"valueName\":\"search_term_string\"}}],\"inLanguage\":\"de\"},{\"@type\":\"Organization\",\"@id\":\"https:\/\/peaksofthebalkans.info\/#organization\",\"name\":\"Die Gipfel des Balkans\",\"url\":\"https:\/\/peaksofthebalkans.info\/\",\"logo\":{\"@type\":\"ImageObject\",\"inLanguage\":\"de\",\"@id\":\"https:\/\/peaksofthebalkans.info\/#\/schema\/logo\/image\/\",\"url\":\"https:\/\/peaksofthebalkans.info\/wp-content\/uploads\/2026\/01\/Screenshot_20190219-141246-17.jpg\",\"contentUrl\":\"https:\/\/peaksofthebalkans.info\/wp-content\/uploads\/2026\/01\/Screenshot_20190219-141246-17.jpg\",\"width\":720,\"height\":519,\"caption\":\"Die Gipfel des Balkans\"},\"image\":{\"@id\":\"https:\/\/peaksofthebalkans.info\/#\/schema\/logo\/image\/\"},\"sameAs\":[\"https:\/\/www.facebook.com\/peaksofthebalkans\/\"],\"description\":\"Peaks of the Balkans rund the trail and this is the official website of the trail\",\"foundingDate\":\"2015-01-13\",\"numberOfEmployees\":{\"@type\":\"QuantitativeValue\",\"minValue\":\"1\",\"maxValue\":\"10\"}}]}<\/script>\n<!-- \/ Yoast SEO Premium plugin. -->","yoast_head_json":{"title":"Kontakt \u2013 Gipfel des Balkans","description":"Through this page you can contact some of the best support in the Peaks of the Balkans","robots":{"index":"index","follow":"follow","max-snippet":"max-snippet:-1","max-image-preview":"max-image-preview:large","max-video-preview":"max-video-preview:-1"},"canonical":"https:\/\/peaksofthebalkans.info\/de\/kontaktieren-sie-uns\/","og_locale":"de_DE","og_type":"article","og_title":"Kontakt","og_description":"Through this page you can contact some of the best support in the Peaks of the Balkans","og_url":"https:\/\/peaksofthebalkans.info\/de\/kontaktieren-sie-uns\/","og_site_name":"Peaks of the Balkans, Trail, Hiking Tours","article_publisher":"https:\/\/www.facebook.com\/peaksofthebalkans\/","article_modified_time":"2026-03-08T05:57:45+00:00","og_image":[{"width":1280,"height":720,"url":"https:\/\/peaksofthebalkans.info\/wp-content\/uploads\/2019\/11\/Grbaja-Valley.jpeg","type":"image\/jpeg"}],"twitter_card":"summary_large_image","twitter_misc":{"Gesch\u00e4tzte Lesezeit":"1\u00a0Minute"},"schema":{"@context":"https:\/\/schema.org","@graph":[{"@type":"WebPage","@id":"https:\/\/peaksofthebalkans.info\/contact-us\/","url":"https:\/\/peaksofthebalkans.info\/contact-us\/","name":"Kontakt \u2013 Gipfel des Balkans","isPartOf":{"@id":"https:\/\/peaksofthebalkans.info\/#website"},"datePublished":"2021-12-03T11:30:24+00:00","dateModified":"2026-03-08T05:57:45+00:00","description":"Through this page you can contact some of the best support in the Peaks of the Balkans","breadcrumb":{"@id":"https:\/\/peaksofthebalkans.info\/contact-us\/#breadcrumb"},"inLanguage":"de","potentialAction":[{"@type":"ReadAction","target":["https:\/\/peaksofthebalkans.info\/contact-us\/"]}]},{"@type":"BreadcrumbList","@id":"https:\/\/peaksofthebalkans.info\/contact-us\/#breadcrumb","itemListElement":[{"@type":"ListItem","position":1,"name":"Heim","item":"https:\/\/peaksofthebalkans.info\/"},{"@type":"ListItem","position":2,"name":"Kontakt"}]},{"@type":"WebSite","@id":"https:\/\/peaksofthebalkans.info\/#website","url":"https:\/\/peaksofthebalkans.info\/","name":"Die Gipfel des Balkans","description":"Auf dieser Website finden Sie die neuesten Informationen \u00fcber den Peaks of the Balkans Trail, GPS, F\u00fchrer, Grenzgenehmigungen und andere wichtige Informationen.","publisher":{"@id":"https:\/\/peaksofthebalkans.info\/#organization"},"alternateName":"Gipfelweg des Balkans","potentialAction":[{"@type":"SearchAction","target":{"@type":"EntryPoint","urlTemplate":"https:\/\/peaksofthebalkans.info\/?s={search_term_string}"},"query-input":{"@type":"PropertyValueSpecification","valueRequired":true,"valueName":"search_term_string"}}],"inLanguage":"de"},{"@type":"Organization","@id":"https:\/\/peaksofthebalkans.info\/#organization","name":"Die Gipfel des Balkans","url":"https:\/\/peaksofthebalkans.info\/","logo":{"@type":"ImageObject","inLanguage":"de","@id":"https:\/\/peaksofthebalkans.info\/#\/schema\/logo\/image\/","url":"https:\/\/peaksofthebalkans.info\/wp-content\/uploads\/2026\/01\/Screenshot_20190219-141246-17.jpg","contentUrl":"https:\/\/peaksofthebalkans.info\/wp-content\/uploads\/2026\/01\/Screenshot_20190219-141246-17.jpg","width":720,"height":519,"caption":"Die Gipfel des Balkans"},"image":{"@id":"https:\/\/peaksofthebalkans.info\/#\/schema\/logo\/image\/"},"sameAs":["https:\/\/www.facebook.com\/peaksofthebalkans\/"],"description":"Peaks of the Balkans rund the trail and this is the official website of the trail","foundingDate":"2015-01-13","numberOfEmployees":{"@type":"QuantitativeValue","minValue":"1","maxValue":"10"}}]}},"_links":{"self":[{"href":"https:\/\/peaksofthebalkans.info\/de\/wp-json\/wp\/v2\/pages\/1088","targetHints":{"allow":["GET"]}}],"collection":[{"href":"https:\/\/peaksofthebalkans.info\/de\/wp-json\/wp\/v2\/pages"}],"about":[{"href":"https:\/\/peaksofthebalkans.info\/de\/wp-json\/wp\/v2\/types\/page"}],"author":[{"embeddable":true,"href":"https:\/\/peaksofthebalkans.info\/de\/wp-json\/wp\/v2\/users\/5"}],"replies":[{"embeddable":true,"href":"https:\/\/peaksofthebalkans.info\/de\/wp-json\/wp\/v2\/comments?post=1088"}],"version-history":[{"count":36,"href":"https:\/\/peaksofthebalkans.info\/de\/wp-json\/wp\/v2\/pages\/1088\/revisions"}],"predecessor-version":[{"id":1883,"href":"https:\/\/peaksofthebalkans.info\/de\/wp-json\/wp\/v2\/pages\/1088\/revisions\/1883"}],"wp:attachment":[{"href":"https:\/\/peaksofthebalkans.info\/de\/wp-json\/wp\/v2\/media?parent=1088"}],"curies":[{"name":"wp","href":"https:\/\/api.w.org\/{rel}","templated":true}]}}