{"id":1283,"date":"2022-01-04T12:02:20","date_gmt":"2022-01-04T11:02:20","guid":{"rendered":"https:\/\/peaksofthebalkans.info\/?page_id=1283"},"modified":"2026-03-08T07:21:30","modified_gmt":"2026-03-08T06:21:30","slug":"peaks-of-the-balkans-self-guided-tour-5-days","status":"publish","type":"page","link":"https:\/\/peaksofthebalkans.info\/de\/gipfel-des-balkans-selbst-gefuhrte-tour-5-tage\/","title":{"rendered":"Peaks of the Balkans | Selbstgef\u00fchrte Tour \u2013 5 Tage"},"content":{"rendered":"<h1><span style=\"color: #008000\"><strong>\u00dcberblick<\/strong><\/span><\/h1>\n<p style=\"text-align: justify\"><span style=\"color: #000000\">Genie\u00dfen Sie f\u00fcnf Tage in den Peaks of the Balkans auf einer selbstgef\u00fchrten Tour und entdecken Sie die wichtigsten Highlights Nordalbaniens. Die Tour umfasst die beiden Hauptd\u00f6rfer Theth, \u00fcberwiegend r\u00f6misch-katholisch, und Valbona, ein \u00fcberwiegend muslimisches Dorf. Die beiden D\u00f6rfer werden durch den Qafa e Valbones-Pass getrennt. Obwohl sie geografisch nahe beieinanderliegen, hatten diese D\u00f6rfer zu osmanischer Zeit unterschiedliche Orientierungspunkte: Valbona war st\u00e4rker mit Gjakova im Kosovo verbunden, w\u00e4hrend Theth eher an Shkod\u00ebr in Albanien orientiert war.\u00a0<\/span><\/p>\n<p>&nbsp;<\/p>\n<h2><span style=\"color: #000000\">Reiseverlauf<\/span><\/h2>\n<p><span style=\"color: #000000\"><\/span><\/p>\n<h5><strong><span style=\"color: #000000\">Tag 1: Ankunft in Shkodra<\/span><\/strong><\/h5>\n<p style=\"text-align: justify\"><span style=\"color: #000000\">Die Tour beinhaltet die erste Nacht in Shkoder nach Ihrer Ankunft in Albanien. Diesen Tag k\u00f6nnen Sie nutzen, um das reichhaltige kulturelle Angebot von Shkoder zu genie\u00dfen.<\/span><\/p>\n<p><span style=\"color: #000000\"><\/span><\/p>\n<h5><strong><span style=\"color: #000000\">Tag 2: Shkoder \u2013 Valbone \u00fcber den Komani-See\u00a0<\/span><\/strong><\/h5>\n<p style=\"text-align: justify\"><span style=\"color: #000000\">Ein \u00f6ffentliches Fahrzeug holt Sie ab und bringt Sie ins Dorf Koman. Nach der Busfahrt setzen Sie Ihre Reise mit dem Boot \u00fcber den beeindruckenden See fort, der von den felsigen W\u00e4nden der Albanischen Alpen (Accursed Mountains) umgeben ist. Ihr Weg f\u00fchrt anschlie\u00dfend am Fluss Valbona entlang, der mit seinen gr\u00fcnen Farben und dem wei\u00dfen Wasser, das durch den Zusammensto\u00df mit den Felsen entsteht, beeindruckt.\u00a0<\/span><\/p>\n<p style=\"text-align: justify\"><img loading=\"lazy\" decoding=\"async\" src=\"https:\/\/peaksofthebalkans.info\/wp-content\/uploads\/2021\/12\/Lake_Koman_800x800-1.jpg\" width=\"800\" height=\"800\" alt=\"Koman-See\" class=\"wp-image-1295 alignnone size-full\" srcset=\"https:\/\/peaksofthebalkans.info\/wp-content\/uploads\/2021\/12\/Lake_Koman_800x800-1.jpg 800w, https:\/\/peaksofthebalkans.info\/wp-content\/uploads\/2021\/12\/Lake_Koman_800x800-1-300x300.jpg 300w, https:\/\/peaksofthebalkans.info\/wp-content\/uploads\/2021\/12\/Lake_Koman_800x800-1-150x150.jpg 150w, https:\/\/peaksofthebalkans.info\/wp-content\/uploads\/2021\/12\/Lake_Koman_800x800-1-768x768.jpg 768w\" sizes=\"auto, (max-width: 800px) 100vw, 800px\" \/><\/p>\n<h5><strong><span style=\"color: #000000\">Tag 3: Wanderung Valbone \u2013 Rosi-Gipfel\u00a0<\/span><\/strong><\/h5>\n<p style=\"text-align: justify\" class=\"translation-block\"><span style=\"color: #000000\">Der Weg von Valbona zur Maja Rosit oder Rosin Vrh f\u00fchrt durch das halbverlassene Dorf Kukaj. Dieser Abschnitt ist ein sehr sch\u00f6ner und leichter Pfad, und im Hochsommer k\u00f6nnen Sie bei einigen Dorfh\u00e4usern anhalten, um ein Glas Milch oder Tee zu genie\u00dfen. Der Wanderweg schl\u00e4ngelt sich mehrere Kilometer durch die Schlucht und setzt sich anschlie\u00dfend mit einem steilen Anstieg fort. Der Rosi-Gipfel, 2.523 Meter hoch, liegt an der Grenze zwischen Albanien und Montenegro und bietet atemberaubende Ausblicke auf beide L\u00e4nder. Der Rosi-Berg ist besonders interessant f\u00fcr Botaniker, da dort viele Blumen, wie die endemische albanische Lilie <a href=\"https:\/\/sq.wikipedia.org\/wiki\/Zambaku_shqiptar\" target=\"_self\">(Lilium albanicum)<\/a>, Orchideen und viele weitere Pflanzen zu finden sind.<\/span><\/p>\n<p><span style=\"color: #000000\">Strecke: 17,8 km,\u00a0 \u00a0\u2191 1.378 m\u00a0 \u00a0\u2193 1.594 m<\/span><\/p>\n<p><span style=\"color: #000000\"><\/span><\/p>\n<p><span style=\"color: #000000\"><\/span><\/p>\n<h5><strong><span style=\"color: #000000\">Tag 4: Wanderung Valbone \u2013 Theth\u00a0<\/span><\/strong><\/h5>\n<p style=\"text-align: justify\" class=\"translation-block\"><span style=\"color: #000000\">Heute unternehmen Sie eine der bekanntesten Wanderungen Albaniens, von der Stadt Valbona (995 m) \u00fcber den Valbona-Pass (1.759 m) nach <a href=\"https:\/\/peaksofthebalkans.info\/de\/theth-albania\/\" target=\"_self\">Theth<\/a> (728 m). Diese 20 Kilometer lange Route folgt dem Pfad eines alten Maultierwegs, der die Stammesregionen Shala und Nikaj miteinander verband.<\/span><\/p>\n<p style=\"text-align: justify\"><span style=\"color: #000000\"><span>Strecke: 19,5 km,   \u2191 850 m   \u2193 1.068 m<\/span><\/span><\/p>\n<p style=\"text-align: justify\"><img loading=\"lazy\" decoding=\"async\" src=\"https:\/\/peaksofthebalkans.info\/wp-content\/uploads\/2021\/12\/Thethi-1024x561.jpg\" width=\"1024\" height=\"561\" alt=\"Thethi Village, Gipfel des Balkans\" class=\"wp-image-1296 alignnone size-large\" srcset=\"https:\/\/peaksofthebalkans.info\/wp-content\/uploads\/2021\/12\/Thethi-1024x561.jpg 1024w, https:\/\/peaksofthebalkans.info\/wp-content\/uploads\/2021\/12\/Thethi-300x164.jpg 300w, https:\/\/peaksofthebalkans.info\/wp-content\/uploads\/2021\/12\/Thethi-768x421.jpg 768w, https:\/\/peaksofthebalkans.info\/wp-content\/uploads\/2021\/12\/Thethi-1536x841.jpg 1536w, https:\/\/peaksofthebalkans.info\/wp-content\/uploads\/2021\/12\/Thethi-1080x592.jpg 1080w, https:\/\/peaksofthebalkans.info\/wp-content\/uploads\/2021\/12\/Thethi.jpg 1800w\" sizes=\"auto, (max-width: 1024px) 100vw, 1024px\" \/><\/p>\n<p style=\"text-align: justify\"><span style=\"color: #000000\"><\/span><\/p>\n<h5><strong><span style=\"color: #000000\">Tag 5: Wanderung Theth - Nderlyse - Blue Eye\u00a0<\/span><\/strong><\/h5>\n<p style=\"text-align: justify\"><span style=\"color: #000000\">Ein abgelegenes, ehemals vergessenes Dorf ist heute zum Zentrum f\u00fcr Besucher geworden, w\u00e4hrend es seine Architektur und Natur bewahrt hat. Das Dorf besitzt noch die Kulla und andere Geb\u00e4ude aus dem Mittelalter. Es ist zu 100 Prozent r\u00f6misch-katholisch und weist die weltweit einzigartigste Struktur auf: die Kulla e Ngujimit, ein dreist\u00f6ckiges Steingeb\u00e4ude ohne Fenster.\n\nAn diesem Tag werden Sie im Dorf spazieren gehen, zu den Wasserf\u00e4llen und den nat\u00fcrlich entstandenen \u201eBadewannen\u201c des Flusses Shala. Dies ist ein entspannter Spaziergang voller Kultur und Naturwunder. Obwohl die Wanderung recht lang ist, ist sie nicht schwer, da Sie auf einem Weg mit wenigen Auf- und Abstiegen unterwegs sind. Am Ende des Trails werden Sie abgeholt und zur\u00fcck nach Shkoder gebracht.\u00a0<\/span><\/p>\n<p style=\"text-align: justify\"><span style=\"color: #000000\"><span>Strecke: 11,5 km,\u00a0 \u00a0\u2191 266 m\u00a0 \u00a0\u2193 435 m<\/span><\/span><\/p>\n<p style=\"text-align: justify\"><span style=\"color: #000000\"><span><\/span><\/span><\/p>\n<p><span style=\"color: #800080\"><strong><\/strong><\/span><\/p>\n<p>&nbsp;<\/p>\n<h3>Inbegriffen<\/h3>\n<ul>\n<li><span>GPS-Spuren zur Nutzung \u00fcber eine Smartphone-App oder auf Ihrem eigenen GPS-Ger\u00e4t<\/span><\/li>\n<li>Unterkunft f\u00fcr 5 N\u00e4chte in Hotels, G\u00e4steh\u00e4usern und Bergh\u00fctten. In den Bergen sind die Zimmer gemeinschaftlich.<\/li>\n<li>Transfers von und nach Shkodra<\/li>\n<li>5 Fr\u00fchst\u00fccke, 4 Mittagessen, 3 Abendessen<\/li>\n<li>Unser lokales B\u00fcro\/Vertreter bietet rund um die Uhr Kundenbetreuung<\/li>\n<\/ul>\n<p>&nbsp;<\/p>\n<h3>Nicht inbegriffen<\/h3>\n<ul>\n<li><span>Gep\u00e4cktransfer (kann auf Wunsch angeboten werden)<\/span><\/li>\n<li><span>Abholung und R\u00fccktransfer vom\/zum Flughafen (kann auf Wunsch bereitgestellt werden)<\/span><\/li>\n<li><span>Reiseversicherung (muss von den Reisenden selbst abgeschlossen werden)<\/span><\/li>\n<\/ul>\n<h5><span><strong><\/strong><\/span><\/h5>\n<p><span><strong><\/strong><\/span><\/p>\n<p><span><strong><\/strong><\/span><\/p>\n<h5 class=\"translation-block\"><span><strong>Land: <\/strong>Albanien\u00a0 \u00a0 \u00a0 \u00a0<span style=\"color: #800080\"> |<\/span>\u00a0\u00a0<strong>Dauer: 5\u00a0<\/strong>Tage<strong><br> <\/strong><\/span><\/h5>\n<h5 class=\"translation-block\"><span><strong>Aktivit\u00e4t:<\/strong> Wandern\u00a0 \u00a0 \u00a0 \u00a0 \u00a0 \u00a0<span style=\"color: #800080\">|<\/span>\u00a0\u00a0<strong>Reisestil:<\/strong>Selbstgef\u00fchrte Tour <\/span><\/h5>\n<h5 class=\"translation-block\"><span><strong>Schwierigkeitsgrad: <\/strong>Mittel\u00a0 <span style=\"color: #800080\">|\u00a0\u00a0<\/span><strong>Verf\u00fcgbarkeit: <\/strong>Juni \u2013 Oktober<\/span><\/h5>\n<p>&nbsp;<\/p>\n\n\n<p><a href=\"https:\/\/bnadventure.com\/products\/5-days-self-guided-peaks-of-the-balkans\/\">Klicken Sie hier f\u00fcr Ihre Buchung<\/a><\/p>","protected":false},"excerpt":{"rendered":"<p>Overview Enjoy five days in the Peaks of the Balkans in a self-guided tour visiting top highlights of North Albania. [&hellip;]<\/p>","protected":false},"author":5,"featured_media":0,"parent":0,"menu_order":0,"comment_status":"closed","ping_status":"closed","template":"","meta":{"footnotes":""},"class_list":["post-1283","page","type-page","status-publish","hentry"],"yoast_head":"<!-- This site is optimized with the Yoast SEO Premium plugin v27.1 (Yoast SEO v27.1.1) - https:\/\/yoast.com\/product\/yoast-seo-premium-wordpress\/ -->\n<title>Peaks of the Balkans \u2013 5-Tage Selbstgef\u00fchrte Tour<\/title>\n<meta name=\"description\" content=\"Experience the Peaks of the Balkans on a 5-day self-guided tour, hiking scenic trails and visiting traditional villages at your own pace.\" \/>\n<meta name=\"robots\" content=\"index, follow, max-snippet:-1, max-image-preview:large, max-video-preview:-1\" \/>\n<link rel=\"canonical\" href=\"https:\/\/peaksofthebalkans.info\/de\/gipfel-des-balkans-selbst-gefuhrte-tour-5-tage\/\" \/>\n<meta property=\"og:locale\" content=\"de_DE\" \/>\n<meta property=\"og:type\" content=\"article\" \/>\n<meta property=\"og:title\" content=\"Peaks of the Balkans | Selbstgef\u00fchrte Tour \u2013 5 Tage\" \/>\n<meta property=\"og:description\" content=\"Experience the Peaks of the Balkans on a 5-day self-guided tour, hiking scenic trails and visiting traditional villages at your own pace.\" \/>\n<meta property=\"og:url\" content=\"https:\/\/peaksofthebalkans.info\/de\/gipfel-des-balkans-selbst-gefuhrte-tour-5-tage\/\" \/>\n<meta property=\"og:site_name\" content=\"Peaks of the Balkans, Trail, Hiking Tours\" \/>\n<meta property=\"article:publisher\" content=\"https:\/\/www.facebook.com\/peaksofthebalkans\/\" \/>\n<meta property=\"article:modified_time\" content=\"2026-03-08T06:21:30+00:00\" \/>\n<meta property=\"og:image\" content=\"https:\/\/peaksofthebalkans.info\/wp-content\/uploads\/2021\/12\/Lake_Koman_800x800-1.jpg\" \/>\n\t<meta property=\"og:image:width\" content=\"800\" \/>\n\t<meta property=\"og:image:height\" content=\"800\" \/>\n\t<meta property=\"og:image:type\" content=\"image\/jpeg\" \/>\n<meta name=\"twitter:card\" content=\"summary_large_image\" \/>\n<meta name=\"twitter:label1\" content=\"Gesch\u00e4tzte Lesezeit\" \/>\n\t<meta name=\"twitter:data1\" content=\"4\u00a0Minuten\" \/>\n<script type=\"application\/ld+json\" class=\"yoast-schema-graph\">{\"@context\":\"https:\/\/schema.org\",\"@graph\":[{\"@type\":\"WebPage\",\"@id\":\"https:\/\/peaksofthebalkans.info\/peaks-of-the-balkans-self-guided-tour-5-days\/\",\"url\":\"https:\/\/peaksofthebalkans.info\/peaks-of-the-balkans-self-guided-tour-5-days\/\",\"name\":\"Peaks of the Balkans \u2013 5-Tage Selbstgef\u00fchrte Tour\",\"isPartOf\":{\"@id\":\"https:\/\/peaksofthebalkans.info\/#website\"},\"primaryImageOfPage\":{\"@id\":\"https:\/\/peaksofthebalkans.info\/peaks-of-the-balkans-self-guided-tour-5-days\/#primaryimage\"},\"image\":{\"@id\":\"https:\/\/peaksofthebalkans.info\/peaks-of-the-balkans-self-guided-tour-5-days\/#primaryimage\"},\"thumbnailUrl\":\"https:\/\/peaksofthebalkans.info\/wp-content\/uploads\/2021\/12\/Lake_Koman_800x800-1.jpg\",\"datePublished\":\"2022-01-04T11:02:20+00:00\",\"dateModified\":\"2026-03-08T06:21:30+00:00\",\"description\":\"Experience the Peaks of the Balkans on a 5-day self-guided tour, hiking scenic trails and visiting traditional villages at your own pace.\",\"breadcrumb\":{\"@id\":\"https:\/\/peaksofthebalkans.info\/peaks-of-the-balkans-self-guided-tour-5-days\/#breadcrumb\"},\"inLanguage\":\"de\",\"potentialAction\":[{\"@type\":\"ReadAction\",\"target\":[\"https:\/\/peaksofthebalkans.info\/peaks-of-the-balkans-self-guided-tour-5-days\/\"]}]},{\"@type\":\"ImageObject\",\"inLanguage\":\"de\",\"@id\":\"https:\/\/peaksofthebalkans.info\/peaks-of-the-balkans-self-guided-tour-5-days\/#primaryimage\",\"url\":\"https:\/\/peaksofthebalkans.info\/wp-content\/uploads\/2021\/12\/Lake_Koman_800x800-1.jpg\",\"contentUrl\":\"https:\/\/peaksofthebalkans.info\/wp-content\/uploads\/2021\/12\/Lake_Koman_800x800-1.jpg\"},{\"@type\":\"BreadcrumbList\",\"@id\":\"https:\/\/peaksofthebalkans.info\/peaks-of-the-balkans-self-guided-tour-5-days\/#breadcrumb\",\"itemListElement\":[{\"@type\":\"ListItem\",\"position\":1,\"name\":\"Heim\",\"item\":\"https:\/\/peaksofthebalkans.info\/\"},{\"@type\":\"ListItem\",\"position\":2,\"name\":\"Peaks of the Balkans | Selbstgef\u00fchrte Tour \u2013 5 Tage\"}]},{\"@type\":\"WebSite\",\"@id\":\"https:\/\/peaksofthebalkans.info\/#website\",\"url\":\"https:\/\/peaksofthebalkans.info\/\",\"name\":\"Die Gipfel des Balkans\",\"description\":\"Auf dieser Website finden Sie die neuesten Informationen \u00fcber den Peaks of the Balkans Trail, GPS, F\u00fchrer, Grenzgenehmigungen und andere wichtige Informationen.\",\"publisher\":{\"@id\":\"https:\/\/peaksofthebalkans.info\/#organization\"},\"alternateName\":\"Gipfelweg des Balkans\",\"potentialAction\":[{\"@type\":\"SearchAction\",\"target\":{\"@type\":\"EntryPoint\",\"urlTemplate\":\"https:\/\/peaksofthebalkans.info\/?s={search_term_string}\"},\"query-input\":{\"@type\":\"PropertyValueSpecification\",\"valueRequired\":true,\"valueName\":\"search_term_string\"}}],\"inLanguage\":\"de\"},{\"@type\":\"Organization\",\"@id\":\"https:\/\/peaksofthebalkans.info\/#organization\",\"name\":\"Die Gipfel des Balkans\",\"url\":\"https:\/\/peaksofthebalkans.info\/\",\"logo\":{\"@type\":\"ImageObject\",\"inLanguage\":\"de\",\"@id\":\"https:\/\/peaksofthebalkans.info\/#\/schema\/logo\/image\/\",\"url\":\"https:\/\/peaksofthebalkans.info\/wp-content\/uploads\/2026\/01\/Screenshot_20190219-141246-17.jpg\",\"contentUrl\":\"https:\/\/peaksofthebalkans.info\/wp-content\/uploads\/2026\/01\/Screenshot_20190219-141246-17.jpg\",\"width\":720,\"height\":519,\"caption\":\"Die Gipfel des Balkans\"},\"image\":{\"@id\":\"https:\/\/peaksofthebalkans.info\/#\/schema\/logo\/image\/\"},\"sameAs\":[\"https:\/\/www.facebook.com\/peaksofthebalkans\/\"],\"description\":\"Peaks of the Balkans rund the trail and this is the official website of the trail\",\"foundingDate\":\"2015-01-13\",\"numberOfEmployees\":{\"@type\":\"QuantitativeValue\",\"minValue\":\"1\",\"maxValue\":\"10\"}}]}<\/script>\n<!-- \/ Yoast SEO Premium plugin. -->","yoast_head_json":{"title":"Gipfel des Balkans \u2013 5-t\u00e4gige selbstgef\u00fchrte Tour","description":"Experience the Peaks of the Balkans on a 5-day self-guided tour, hiking scenic trails and visiting traditional villages at your own pace.","robots":{"index":"index","follow":"follow","max-snippet":"max-snippet:-1","max-image-preview":"max-image-preview:large","max-video-preview":"max-video-preview:-1"},"canonical":"https:\/\/peaksofthebalkans.info\/de\/gipfel-des-balkans-selbst-gefuhrte-tour-5-tage\/","og_locale":"de_DE","og_type":"article","og_title":"Peaks of the Balkans | Selbstgef\u00fchrte Tour \u2013 5 Tage","og_description":"Experience the Peaks of the Balkans on a 5-day self-guided tour, hiking scenic trails and visiting traditional villages at your own pace.","og_url":"https:\/\/peaksofthebalkans.info\/de\/gipfel-des-balkans-selbst-gefuhrte-tour-5-tage\/","og_site_name":"Peaks of the Balkans, Trail, Hiking Tours","article_publisher":"https:\/\/www.facebook.com\/peaksofthebalkans\/","article_modified_time":"2026-03-08T06:21:30+00:00","og_image":[{"width":800,"height":800,"url":"https:\/\/peaksofthebalkans.info\/wp-content\/uploads\/2021\/12\/Lake_Koman_800x800-1.jpg","type":"image\/jpeg"}],"twitter_card":"summary_large_image","twitter_misc":{"Gesch\u00e4tzte Lesezeit":"4\u00a0Minuten"},"schema":{"@context":"https:\/\/schema.org","@graph":[{"@type":"WebPage","@id":"https:\/\/peaksofthebalkans.info\/peaks-of-the-balkans-self-guided-tour-5-days\/","url":"https:\/\/peaksofthebalkans.info\/peaks-of-the-balkans-self-guided-tour-5-days\/","name":"Gipfel des Balkans \u2013 5-t\u00e4gige selbstgef\u00fchrte Tour","isPartOf":{"@id":"https:\/\/peaksofthebalkans.info\/#website"},"primaryImageOfPage":{"@id":"https:\/\/peaksofthebalkans.info\/peaks-of-the-balkans-self-guided-tour-5-days\/#primaryimage"},"image":{"@id":"https:\/\/peaksofthebalkans.info\/peaks-of-the-balkans-self-guided-tour-5-days\/#primaryimage"},"thumbnailUrl":"https:\/\/peaksofthebalkans.info\/wp-content\/uploads\/2021\/12\/Lake_Koman_800x800-1.jpg","datePublished":"2022-01-04T11:02:20+00:00","dateModified":"2026-03-08T06:21:30+00:00","description":"Experience the Peaks of the Balkans on a 5-day self-guided tour, hiking scenic trails and visiting traditional villages at your own pace.","breadcrumb":{"@id":"https:\/\/peaksofthebalkans.info\/peaks-of-the-balkans-self-guided-tour-5-days\/#breadcrumb"},"inLanguage":"de","potentialAction":[{"@type":"ReadAction","target":["https:\/\/peaksofthebalkans.info\/peaks-of-the-balkans-self-guided-tour-5-days\/"]}]},{"@type":"ImageObject","inLanguage":"de","@id":"https:\/\/peaksofthebalkans.info\/peaks-of-the-balkans-self-guided-tour-5-days\/#primaryimage","url":"https:\/\/peaksofthebalkans.info\/wp-content\/uploads\/2021\/12\/Lake_Koman_800x800-1.jpg","contentUrl":"https:\/\/peaksofthebalkans.info\/wp-content\/uploads\/2021\/12\/Lake_Koman_800x800-1.jpg"},{"@type":"BreadcrumbList","@id":"https:\/\/peaksofthebalkans.info\/peaks-of-the-balkans-self-guided-tour-5-days\/#breadcrumb","itemListElement":[{"@type":"ListItem","position":1,"name":"Heim","item":"https:\/\/peaksofthebalkans.info\/"},{"@type":"ListItem","position":2,"name":"Peaks of the Balkans | Selbstgef\u00fchrte Tour \u2013 5 Tage"}]},{"@type":"WebSite","@id":"https:\/\/peaksofthebalkans.info\/#website","url":"https:\/\/peaksofthebalkans.info\/","name":"Die Gipfel des Balkans","description":"Auf dieser Website finden Sie die neuesten Informationen \u00fcber den Peaks of the Balkans Trail, GPS, F\u00fchrer, Grenzgenehmigungen und andere wichtige Informationen.","publisher":{"@id":"https:\/\/peaksofthebalkans.info\/#organization"},"alternateName":"Gipfelweg des Balkans","potentialAction":[{"@type":"SearchAction","target":{"@type":"EntryPoint","urlTemplate":"https:\/\/peaksofthebalkans.info\/?s={search_term_string}"},"query-input":{"@type":"PropertyValueSpecification","valueRequired":true,"valueName":"search_term_string"}}],"inLanguage":"de"},{"@type":"Organization","@id":"https:\/\/peaksofthebalkans.info\/#organization","name":"Die Gipfel des Balkans","url":"https:\/\/peaksofthebalkans.info\/","logo":{"@type":"ImageObject","inLanguage":"de","@id":"https:\/\/peaksofthebalkans.info\/#\/schema\/logo\/image\/","url":"https:\/\/peaksofthebalkans.info\/wp-content\/uploads\/2026\/01\/Screenshot_20190219-141246-17.jpg","contentUrl":"https:\/\/peaksofthebalkans.info\/wp-content\/uploads\/2026\/01\/Screenshot_20190219-141246-17.jpg","width":720,"height":519,"caption":"Die Gipfel des Balkans"},"image":{"@id":"https:\/\/peaksofthebalkans.info\/#\/schema\/logo\/image\/"},"sameAs":["https:\/\/www.facebook.com\/peaksofthebalkans\/"],"description":"Peaks of the Balkans rund the trail and this is the official website of the trail","foundingDate":"2015-01-13","numberOfEmployees":{"@type":"QuantitativeValue","minValue":"1","maxValue":"10"}}]}},"_links":{"self":[{"href":"https:\/\/peaksofthebalkans.info\/de\/wp-json\/wp\/v2\/pages\/1283","targetHints":{"allow":["GET"]}}],"collection":[{"href":"https:\/\/peaksofthebalkans.info\/de\/wp-json\/wp\/v2\/pages"}],"about":[{"href":"https:\/\/peaksofthebalkans.info\/de\/wp-json\/wp\/v2\/types\/page"}],"author":[{"embeddable":true,"href":"https:\/\/peaksofthebalkans.info\/de\/wp-json\/wp\/v2\/users\/5"}],"replies":[{"embeddable":true,"href":"https:\/\/peaksofthebalkans.info\/de\/wp-json\/wp\/v2\/comments?post=1283"}],"version-history":[{"count":23,"href":"https:\/\/peaksofthebalkans.info\/de\/wp-json\/wp\/v2\/pages\/1283\/revisions"}],"predecessor-version":[{"id":2159,"href":"https:\/\/peaksofthebalkans.info\/de\/wp-json\/wp\/v2\/pages\/1283\/revisions\/2159"}],"wp:attachment":[{"href":"https:\/\/peaksofthebalkans.info\/de\/wp-json\/wp\/v2\/media?parent=1283"}],"curies":[{"name":"wp","href":"https:\/\/api.w.org\/{rel}","templated":true}]}}