{"id":1317,"date":"2022-01-05T12:13:10","date_gmt":"2022-01-05T11:13:10","guid":{"rendered":"https:\/\/peaksofthebalkans.info\/?page_id=1317"},"modified":"2026-03-08T07:24:01","modified_gmt":"2026-03-08T06:24:01","slug":"peaks-of-the-balkans-self-guided-tour-10-days","status":"publish","type":"page","link":"https:\/\/peaksofthebalkans.info\/de\/gipfel-des-balkans-selbst-gefuhrte-tour-10-tage\/","title":{"rendered":"Peaks of the Balkans | Selbstgef\u00fchrte Tour \u2013 10 Tage"},"content":{"rendered":"<h1><strong><span style=\"color: #008000\">\u00dcberblick<\/span><\/strong><\/h1>\n<p style=\"text-align: justify\"><span style=\"color: #000000\">10 Wandertage auf den Peaks of the Balkans \u2013 eine Reise, die Sie durch drei L\u00e4nder f\u00fchrt: Albanien, Kosovo und Montenegro. Dies ist einer der abwechslungsreichsten Wanderwege der Welt, der durch Wiesen, Berggipfel, Seen und W\u00e4lder verl\u00e4uft. Die Ausblicke und Wege ver\u00e4ndern sich st\u00e4ndig, von steinigen Pfaden und kargen Gipfeln hin zu blumen- und pflanzenreichen Wiesen, in denen die Natur ungest\u00f6rt gedeihen darf.<\/span><\/p>\n<p style=\"text-align: justify\"><span style=\"color: #000000\"><\/span><\/p>\n<p style=\"text-align: justify\"><span style=\"color: #000000\"><\/span><\/p>\n<p style=\"text-align: justify\"><span style=\"color: #000000\"><\/span><\/p>\n<h2><span style=\"color: #000000\">Reiseverlauf<\/span><\/h2>\n<p><span style=\"color: #000000\"><\/span><\/p>\n<h5><strong><span style=\"color: #000000\">Tag 1: Ankunft in Shkodra<\/span><\/strong><\/h5>\n<p class=\"translation-block\"><span style=\"color: #000000\">Die Tour beinhaltet die erste Nacht in <a href=\"https:\/\/bnadventure.com\/shkodra-one-day-city-visit\/\" target=\"_self\">Shkodra<\/a> nach Ihrer Ankunft in Albanien. Diesen Tag k\u00f6nnen Sie nutzen, um das reichhaltige kulturelle Angebot von Shkodra zu genie\u00dfen.<\/span><\/p>\n<p><span style=\"color: #000000\"><\/span><\/p>\n<h5><strong><span style=\"color: #000000\">Tag 2: Transfer nach Theth. Wanderung Theth \u2013 Nderlyse \u2013 Theth<\/span><\/strong><\/h5>\n<p style=\"text-align: justify\" class=\"translation-block\"><span style=\"color: #000000\">Das Dorf <a href=\"https:\/\/bnadventure.com\/theth-albania\/\" target=\"_self\">Theth<\/a> ist einer der malerischsten Orte Nordalbaniens. Dank der wilden Natur und der sehr schlechten Stra\u00dfen ist das Dorf noch gut erhalten und besitzt die Kulla sowie andere Geb\u00e4ude aus dem Mittelalter. Das Dorf ist zu 100 Prozent r\u00f6misch-katholisch und verf\u00fcgt \u00fcber die weltweit einzigartige Struktur Kulla e Ngujimit, ein dreist\u00f6ckiges Steingeb\u00e4ude ohne Fenster. Es diente als selbstgew\u00e4hlte Zuflucht f\u00fcr Personen, die in Blutrache verwickelt waren.<\/span><\/p>\n<p style=\"text-align: justify\"><span style=\"color: #000000\">Strecke: 10 km,\u00a0 \u00a0\u2191 266 m\u00a0 \u00a0\u2193 435 m<\/span><\/p>\n<p style=\"text-align: justify\"><span style=\"color: #000000\"><\/span><\/p>\n<h5><strong><span style=\"color: #000000\">Tag 3: Wanderung Theth - Valbona<\/span><\/strong><\/h5>\n<p class=\"translation-block\"><span style=\"color: #000000\">Heute unternehmen Sie eine der bekanntesten Wanderungen Albaniens, von Theth (728 m) \u00fcber den Valbona-Pass (1.759 m) zur Stadt Valbona (995 m) im Herzen des gleichnamigen Nationalparks.<br> Diese 20 Kilometer lange Route folgt dem Pfad eines alten Maultierwegs, der die Stammesregionen Shala und Nikaj miteinander verband.<\/span><\/p>\n<p><span style=\"color: #000000\">Strecke: 19,5 km,   \u2191 1068 m   \u2193 850 m<\/span><\/p>\n<p><span style=\"color: #000000\"><img loading=\"lazy\" decoding=\"async\" src=\"https:\/\/peaksofthebalkans.info\/wp-content\/uploads\/2021\/12\/DSC_2496-1024x683.jpg\" width=\"1024\" height=\"683\" alt=\"Gipfel des Balkans Selbstgef\u00fchrte f\u00fcnft\u00e4gige Tour\" class=\"wp-image-1286 alignnone size-large\" srcset=\"https:\/\/peaksofthebalkans.info\/wp-content\/uploads\/2021\/12\/DSC_2496-1024x683.jpg 1024w, https:\/\/peaksofthebalkans.info\/wp-content\/uploads\/2021\/12\/DSC_2496-300x200.jpg 300w, https:\/\/peaksofthebalkans.info\/wp-content\/uploads\/2021\/12\/DSC_2496-768x512.jpg 768w, https:\/\/peaksofthebalkans.info\/wp-content\/uploads\/2021\/12\/DSC_2496-1536x1024.jpg 1536w, https:\/\/peaksofthebalkans.info\/wp-content\/uploads\/2021\/12\/DSC_2496-1080x720.jpg 1080w, https:\/\/peaksofthebalkans.info\/wp-content\/uploads\/2021\/12\/DSC_2496.jpg 2048w\" sizes=\"auto, (max-width: 1024px) 100vw, 1024px\" \/><\/span><\/p>\n<p><span style=\"color: #000000\"><\/span><\/p>\n<h5><strong><span style=\"color: #000000\">Tag 4:\u00a0Wanderung Valbona \u2013 Cerem<\/span><\/strong><\/h5>\n<p style=\"text-align: justify\" class=\"translation-block\">Es gibt zwei m\u00f6gliche Routen von <a href=\"https:\/\/peaksofthebalkans.info\/de\/valbone-albania\/\" target=\"_self\">Valbone nach Cerem<\/a>: die \u201aniedrige\u2018 (Tal-)Route und die spektakul\u00e4re \u201ahohe\u2018 Route \u00fcber den Prosllopi-Pass (die Route, die wir nehmen). Dieser Weg f\u00fchrt durch Kollata und ist die l\u00e4ngste Etappe der Wanderung. Er wurde er\u00f6ffnet, da der \u00fcbliche Valbone\u2013Cerem-Weg \u00fcber die \u201aniedrige\u2018 Route gr\u00f6\u00dftenteils ein Traktorweg ist und wenig bietet. Der Kollata-Weg ist sehr reizvoll und bietet Ausblicke auf den steilen, felsigen Berg Kollata, der zum Klettern genutzt wird.<\/p>\n<p style=\"text-align: justify\"><span style=\"color: #000000\">Strecke: 14 km,\u00a0 \u00a0\u2191 1200 m\u00a0 \u00a0\u2193950 m<\/span><\/p>\n<p style=\"text-align: justify\"><span style=\"color: #000000\"><\/span><\/p>\n<h5><strong><span style=\"color: #000000\">Tag 5:\u00a0Wanderung Cerem \u2013 Doberdol<\/span><\/strong><\/h5>\n<p style=\"text-align: justify\"><span style=\"color: #000000\">Heute wandern Sie zwischen zwei Sch\u00e4ferd\u00f6rfern, die nur im Sommer bewohnt sind, um die \u00fcppigen Weiden zu nutzen. Doberdol, ein Dorf, das nur \u00fcber kleine Pfade mit der Au\u00dfenwelt verbunden ist, ist f\u00fcr Autos nicht erreichbar. Das Dorf liegt unterhalb des Dreil\u00e4nderecks zwischen Albanien, Kosovo und Montenegro. Auf dem Weg passieren Sie das Dorf Balqin, wo Sie bei den einheimischen Sch\u00e4fern eine Glas Milch genie\u00dfen k\u00f6nnen. <\/span><\/p>\n<p style=\"text-align: justify\"><span style=\"color: #000000\">Dieser Teil der Berge steht unter strengem Schutz, da er auch die Gletscherseen des Sulbica-Plateaus beherbergt. Das Gashi-Tal wurde 2017 in die Liste des UNESCO-Weltnaturerbes aufgenommen.<\/span><\/p>\n<p style=\"text-align: justify\"><span style=\"color: #000000\">Strecke: 15.5 km,\u00a0 \u00a0\u2191 1030 m\u00a0 \u00a0\u2193440 m<\/span><\/p>\n<p style=\"text-align: justify\"><span style=\"color: #000000\"><\/span><\/p>\n<h5 class=\"translation-block\"><strong>Tag 6: Wanderung Doberdol \u2013 <a href=\"https:\/\/bnadventure.com\/gjeravica-hiking\/\" target=\"_self\">Gjeravica-Gipfel<\/a> \u2013 Doberdol<\/strong><\/h5>\n<p style=\"text-align: justify\"><span style=\"color: #000000\">Auf diesem Weg werden Sie den h\u00f6chsten Berg Kosovos erklimmen und gleichzeitig den zweith\u00f6chsten der Verfluchten Berge nach dem Jezerca-Gipfel. Der Aufstieg vom Doberdol-Gipfel ist eine relativ einfache Wanderung. Es handelt sich um eine Rundroute, die Sie nach Kosovo f\u00fchrt \u2013 eine Grenze, die heutzutage kaum gesichert ist. W\u00e4hrend der kommunistischen Regime in dieser Region war dies jedoch die Grenze zwischen Albanien und Jugoslawien und eine der am st\u00e4rksten bewachten Grenzen der Welt.<\/span><\/p>\n<p style=\"text-align: justify\"><span style=\"color: #000000\">Strecke: 18 km,\u00a0 \u00a0\u2191 915 m\u00a0 \u00a0\u2193915 m<\/span><\/p>\n<p style=\"text-align: justify\"><span style=\"color: #000000\"><img loading=\"lazy\" decoding=\"async\" src=\"https:\/\/peaksofthebalkans.info\/wp-content\/uploads\/2022\/01\/doberdol-gjeravica_3-1024x569.jpg\" width=\"1024\" height=\"569\" alt=\"\" class=\"wp-image-1322 alignnone size-large\" srcset=\"https:\/\/peaksofthebalkans.info\/wp-content\/uploads\/2022\/01\/doberdol-gjeravica_3-1024x569.jpg 1024w, https:\/\/peaksofthebalkans.info\/wp-content\/uploads\/2022\/01\/doberdol-gjeravica_3-300x167.jpg 300w, https:\/\/peaksofthebalkans.info\/wp-content\/uploads\/2022\/01\/doberdol-gjeravica_3-768x427.jpg 768w, https:\/\/peaksofthebalkans.info\/wp-content\/uploads\/2022\/01\/doberdol-gjeravica_3-1536x853.jpg 1536w, https:\/\/peaksofthebalkans.info\/wp-content\/uploads\/2022\/01\/doberdol-gjeravica_3-2048x1138.jpg 2048w, https:\/\/peaksofthebalkans.info\/wp-content\/uploads\/2022\/01\/doberdol-gjeravica_3-1080x600.jpg 1080w\" sizes=\"auto, (max-width: 1024px) 100vw, 1024px\" \/><\/span><\/p>\n<p style=\"text-align: justify\"><span style=\"color: #000000\"><\/span><\/p>\n<h5><strong><span style=\"color: #000000\">Tag 7:\u00a0Wanderung Doberdol \u2013 Milisevc<\/span><\/strong><\/h5>\n<p><span style=\"color: #000000\">\u201eSie wandern erneut zwischen zwei Sch\u00e4ferd\u00f6rfern in zwei verschiedenen L\u00e4ndern, die jedoch dieselbe Kultur und Sprache teilen. Diese beiden T\u00e4ler sind kulturell verbunden, aber durch politische Grenzen getrennt. Etwa eine Stunde vom Gasthaus entfernt erreichen Sie den schmalen Pass an der Grenze zu Montenegro, von dem aus die Aussicht spektakul\u00e4r ist. Von hier aus steigen Sie auf den 2.366 m hohen Tromedja (Dreil\u00e4ndergipfel) hinauf.<\/span><\/p>\n<p><span style=\"color: #000000\">Dieser Teil des Gebirges ist sehr gut gesch\u00fctzt, da Sie von Milisevc aus mit der gr\u00f6\u00dften Stadt in der N\u00e4he des Gebirges, Peja, verbunden sind, die wir auch als die Hauptstadt der Verfluchten Berge bezeichnen.<\/span><\/p>\n<p><span style=\"color: #000000\">Strecke: 15.8 km,\u00a0 \u00a0\u2191 915 m\u00a0 \u00a0\u2193980 m<\/span><\/p>\n<p><span style=\"color: #000000\"><\/span><\/p>\n<p><span style=\"color: #000000\"><\/span><\/p>\n<h5><strong><span style=\"color: #000000\">Tag 8:\u00a0Wanderung Milisevc \u2013 Babino Polje<br \/> <\/span><\/strong><\/h5>\n<p><span style=\"color: #000000\">Diese intensive 15,8 Kilometer lange Wanderung bietet einige der atemberaubendsten Ausblicke der Region und f\u00fchrt an einem Gletschersee sowie Wasserquellen vorbei. Manche entscheiden sich, diese Wanderung in zwei Etappen zu unterteilen: 7,4 Kilometer Aufstieg am ersten Tag und 8,4 Kilometer Abstieg am zweiten Tag. Wir werden die Wanderung jedoch an einem Tag absolvieren. Daher ist sie nicht die l\u00e4ngste Wanderung der Reise. Dieser Teil des Gebirges ist voraussichtlich \u201atouristenfrei\u2018 und bietet spektakul\u00e4re Ausblicke auf die Stadt Peja und den Rest der Verfluchten Berge.<\/span><\/p>\n<p style=\"margin: 0in 0in 8.0pt 0in\"><span style=\"color: #000000\">\u00a0Strecke: 15.8 km,\u00a0 \u00a0\u2191 1150 m\u00a0 \u00a0\u21931100 m<\/span><\/p>\n<p><span style=\"color: #000000\"><\/span><\/p>\n<h5><strong><span style=\"color: #000000\">Tag 9: Transfer von Babino Polje ins Grbaja-Tal. Wanderung zum Taljanka-Gipfel. Transfer nach Vusanje.<\/span><\/strong><\/h5>\n<p><span style=\"color: #000000\">Das in Montenegro gelegene Grbaja-Tal galt einst als das sch\u00f6nste Tal im ehemaligen Jugoslawien unter Tito, das heute sieben unabh\u00e4ngige Staaten umfasst. Es ist ein Abstecher von der klassischen Route der Peaks of the Balkans. Wir finden, es ist schade, dass dieses Tal in der klassischen Peaks-of-the-Balkans-Route ausgelassen wurde. F\u00fcr den Beginn der Wanderung werden Sie zun\u00e4chst 20 Minuten mit dem Transport verbringen. Die Wanderung beginnt mit dem Aufstieg zum Taljanka-Gipfel, einem gr\u00fcnen Paradies mit Blick auf Karanfil, ein raues Felsenmassiv.<\/span><\/p>\n<p><span style=\"color: #000000\">\u00a0Strecke: 9.8 km,\u00a0 \u00a0\u2191 834 m\u00a0 \u00a0\u2193908 m<\/span><\/p>\n<p><img loading=\"lazy\" decoding=\"async\" src=\"https:\/\/peaksofthebalkans.info\/wp-content\/uploads\/2022\/01\/BNA_2173-1024x683.jpg\" width=\"1024\" height=\"683\" alt=\"\" class=\"wp-image-1324 alignnone size-large\" srcset=\"https:\/\/peaksofthebalkans.info\/wp-content\/uploads\/2022\/01\/BNA_2173-1024x683.jpg 1024w, https:\/\/peaksofthebalkans.info\/wp-content\/uploads\/2022\/01\/BNA_2173-300x200.jpg 300w, https:\/\/peaksofthebalkans.info\/wp-content\/uploads\/2022\/01\/BNA_2173-768x512.jpg 768w, https:\/\/peaksofthebalkans.info\/wp-content\/uploads\/2022\/01\/BNA_2173-1536x1024.jpg 1536w, https:\/\/peaksofthebalkans.info\/wp-content\/uploads\/2022\/01\/BNA_2173-1080x720.jpg 1080w, https:\/\/peaksofthebalkans.info\/wp-content\/uploads\/2022\/01\/BNA_2173.jpg 2048w\" sizes=\"auto, (max-width: 1024px) 100vw, 1024px\" \/><\/p>\n<h5><strong><span style=\"color: #000000\">Tag 10: Wanderung von Vusanje nach Theth. Transfer nach Shkodra.<\/span><\/strong><\/h5>\n<p class=\"translation-block\">Von Vusanje in den Prokletije starten Sie die 21 Kilometer lange Wanderung ins historische albanische Dorf Theth. Der Weg f\u00fchrt durch den zerkl\u00fcftetsten Teil der <a href=\"https:\/\/www.lonelyplanet.com\/albania\/the-accursed-mountains\" target=\"_self\">Verfluchten Berge<\/a> oder Prokletije\/Albanische Alpen, die w\u00e4hrend der kommunistischen \u00c4ra eine Sperrzone waren. Neben den dramatischen Klippen, die die Kulisse f\u00fcr die heutige Wanderung bilden, werden Sie auch einen Milit\u00e4rbunker und alte Grenzschilder sehen, w\u00e4hrend Sie nach Albanien \u00fcberqueren.<\/p>\n<p><span style=\"color: #000000\">\u00a0Nach der Wanderung erfolgt der Transfer nach Shkoder.<\/span><\/p>\n<p><span style=\"color: #000000\">Strecke: 21.3 km,\u00a0 \u00a0\u2191 1110 m\u00a0 \u00a0\u21931440 m<\/span><\/p>\n<h3>Inbegriffen<\/h3>\n<ul>\n<li><span>GPS-Spuren zur Nutzung \u00fcber eine Smartphone-App oder auf Ihrem eigenen GPS-Ger\u00e4t<\/span><\/li>\n<li>Unterkunft f\u00fcr 10 N\u00e4chte in Hotels, Gasth\u00e4usern und Bergh\u00fctten. In den Bergen sind die Zimmer meist geteilt.<\/li>\n<li>Transfers von und nach Shkodra<\/li>\n<li>10 Fr\u00fchst\u00fccke, 8 Mittagessen, 8 Abendessen<\/li>\n<li>Unser lokales B\u00fcro\/Vertreter bietet rund um die Uhr Kundenbetreuung<\/li>\n<\/ul>\n<p>&nbsp;<\/p>\n<h3>Nicht inbegriffen<\/h3>\n<ul>\n<li><span>Gep\u00e4cktransfer (kann auf Wunsch angeboten werden)<\/span><\/li>\n<li><span>Abholung und R\u00fccktransfer vom\/zum Flughafen (kann auf Wunsch bereitgestellt werden)<\/span><\/li>\n<li><span>Reiseversicherung (muss von den Reisenden selbst abgeschlossen werden)<\/span><\/li>\n<\/ul>\n<h5><span><strong><\/strong><\/span><\/h5>\n<h5><span><strong><\/strong><\/span><\/h5>\n<h5><span><strong><\/strong><\/span><\/h5>\n<h5><span><strong><\/strong><\/span><\/h5>\n<h5><span><strong>Land: <\/strong>Albanien, Kosovo und Montenegro\u00a0 \u00a0 \u00a0 <\/span><\/h5>\n<h5><span><strong>Dauer: 10\u00a0<\/strong>Tage<\/span><span>\u00a0 \u00a0 \u00a0 |\u00a0\u00a0<strong>Reisestil:<\/strong>\u00a0Selbstgef\u00fchrte Tour<br \/> <\/span><\/h5>\n<h5 class=\"translation-block\"><span><strong>Schwierigkeitsgrad: <\/strong>Mittel\u00a0 <span style=\"color: #800080\">|\u00a0\u00a0<\/span><strong>Verf\u00fcgbarkeit: <\/strong>Juni \u2013 Oktober<\/span><\/h5>\n<p>&nbsp;<\/p>","protected":false},"excerpt":{"rendered":"<p>Overview 10 hiking days at Peaks of the Balkans, a journey that will take you through three countries:\u00a0 Albania, Kosovo, [&hellip;]<\/p>","protected":false},"author":5,"featured_media":0,"parent":0,"menu_order":0,"comment_status":"closed","ping_status":"closed","template":"","meta":{"footnotes":""},"class_list":["post-1317","page","type-page","status-publish","hentry"],"yoast_head":"<!-- This site is optimized with the Yoast SEO Premium plugin v27.1 (Yoast SEO v27.1.1) - https:\/\/yoast.com\/product\/yoast-seo-premium-wordpress\/ -->\n<title>Peaks of the Balkans | Selbstgef\u00fchrte Tour \u2013 10 Tage<\/title>\n<meta name=\"description\" content=\"Explore the Peaks of the Balkans on a 10-day self-guided tour, with detailed routes, villages, and stunning alpine landscapes.\" \/>\n<meta name=\"robots\" content=\"index, follow, max-snippet:-1, max-image-preview:large, max-video-preview:-1\" \/>\n<link rel=\"canonical\" href=\"https:\/\/peaksofthebalkans.info\/de\/gipfel-des-balkans-selbst-gefuhrte-tour-10-tage\/\" \/>\n<meta property=\"og:locale\" content=\"de_DE\" \/>\n<meta property=\"og:type\" content=\"article\" \/>\n<meta property=\"og:title\" content=\"Peaks of the Balkans | Selbstgef\u00fchrte Tour \u2013 10 Tage\" \/>\n<meta property=\"og:description\" content=\"Explore the Peaks of the Balkans on a 10-day self-guided tour, with detailed routes, villages, and stunning alpine landscapes.\" \/>\n<meta property=\"og:url\" content=\"https:\/\/peaksofthebalkans.info\/de\/gipfel-des-balkans-selbst-gefuhrte-tour-10-tage\/\" \/>\n<meta property=\"og:site_name\" content=\"Peaks of the Balkans, Trail, Hiking Tours\" \/>\n<meta property=\"article:publisher\" content=\"https:\/\/www.facebook.com\/peaksofthebalkans\/\" \/>\n<meta property=\"article:modified_time\" content=\"2026-03-08T06:24:01+00:00\" \/>\n<meta property=\"og:image\" content=\"https:\/\/peaksofthebalkans.info\/wp-content\/uploads\/2021\/12\/DSC_2496.jpg\" \/>\n\t<meta property=\"og:image:width\" content=\"2048\" \/>\n\t<meta property=\"og:image:height\" content=\"1365\" \/>\n\t<meta property=\"og:image:type\" content=\"image\/jpeg\" \/>\n<meta name=\"twitter:card\" content=\"summary_large_image\" \/>\n<meta name=\"twitter:label1\" content=\"Gesch\u00e4tzte Lesezeit\" \/>\n\t<meta name=\"twitter:data1\" content=\"6\u00a0Minuten\" \/>\n<script type=\"application\/ld+json\" class=\"yoast-schema-graph\">{\"@context\":\"https:\/\/schema.org\",\"@graph\":[{\"@type\":\"WebPage\",\"@id\":\"https:\/\/peaksofthebalkans.info\/peaks-of-the-balkans-self-guided-tour-10-days\/\",\"url\":\"https:\/\/peaksofthebalkans.info\/peaks-of-the-balkans-self-guided-tour-10-days\/\",\"name\":\"Peaks of the Balkans | Selbstgef\u00fchrte Tour \u2013 10 Tage\",\"isPartOf\":{\"@id\":\"https:\/\/peaksofthebalkans.info\/#website\"},\"primaryImageOfPage\":{\"@id\":\"https:\/\/peaksofthebalkans.info\/peaks-of-the-balkans-self-guided-tour-10-days\/#primaryimage\"},\"image\":{\"@id\":\"https:\/\/peaksofthebalkans.info\/peaks-of-the-balkans-self-guided-tour-10-days\/#primaryimage\"},\"thumbnailUrl\":\"https:\/\/peaksofthebalkans.info\/wp-content\/uploads\/2021\/12\/DSC_2496-1024x683.jpg\",\"datePublished\":\"2022-01-05T11:13:10+00:00\",\"dateModified\":\"2026-03-08T06:24:01+00:00\",\"description\":\"Explore the Peaks of the Balkans on a 10-day self-guided tour, with detailed routes, villages, and stunning alpine landscapes.\",\"breadcrumb\":{\"@id\":\"https:\/\/peaksofthebalkans.info\/peaks-of-the-balkans-self-guided-tour-10-days\/#breadcrumb\"},\"inLanguage\":\"de\",\"potentialAction\":[{\"@type\":\"ReadAction\",\"target\":[\"https:\/\/peaksofthebalkans.info\/peaks-of-the-balkans-self-guided-tour-10-days\/\"]}]},{\"@type\":\"ImageObject\",\"inLanguage\":\"de\",\"@id\":\"https:\/\/peaksofthebalkans.info\/peaks-of-the-balkans-self-guided-tour-10-days\/#primaryimage\",\"url\":\"https:\/\/peaksofthebalkans.info\/wp-content\/uploads\/2021\/12\/DSC_2496-1024x683.jpg\",\"contentUrl\":\"https:\/\/peaksofthebalkans.info\/wp-content\/uploads\/2021\/12\/DSC_2496-1024x683.jpg\"},{\"@type\":\"BreadcrumbList\",\"@id\":\"https:\/\/peaksofthebalkans.info\/peaks-of-the-balkans-self-guided-tour-10-days\/#breadcrumb\",\"itemListElement\":[{\"@type\":\"ListItem\",\"position\":1,\"name\":\"Heim\",\"item\":\"https:\/\/peaksofthebalkans.info\/\"},{\"@type\":\"ListItem\",\"position\":2,\"name\":\"Peaks of the Balkans | Selbstgef\u00fchrte Tour \u2013 10 Tage\"}]},{\"@type\":\"WebSite\",\"@id\":\"https:\/\/peaksofthebalkans.info\/#website\",\"url\":\"https:\/\/peaksofthebalkans.info\/\",\"name\":\"Die Gipfel des Balkans\",\"description\":\"Auf dieser Website finden Sie die neuesten Informationen \u00fcber den Peaks of the Balkans Trail, GPS, F\u00fchrer, Grenzgenehmigungen und andere wichtige Informationen.\",\"publisher\":{\"@id\":\"https:\/\/peaksofthebalkans.info\/#organization\"},\"alternateName\":\"Gipfelweg des Balkans\",\"potentialAction\":[{\"@type\":\"SearchAction\",\"target\":{\"@type\":\"EntryPoint\",\"urlTemplate\":\"https:\/\/peaksofthebalkans.info\/?s={search_term_string}\"},\"query-input\":{\"@type\":\"PropertyValueSpecification\",\"valueRequired\":true,\"valueName\":\"search_term_string\"}}],\"inLanguage\":\"de\"},{\"@type\":\"Organization\",\"@id\":\"https:\/\/peaksofthebalkans.info\/#organization\",\"name\":\"Die Gipfel des Balkans\",\"url\":\"https:\/\/peaksofthebalkans.info\/\",\"logo\":{\"@type\":\"ImageObject\",\"inLanguage\":\"de\",\"@id\":\"https:\/\/peaksofthebalkans.info\/#\/schema\/logo\/image\/\",\"url\":\"https:\/\/peaksofthebalkans.info\/wp-content\/uploads\/2026\/01\/Screenshot_20190219-141246-17.jpg\",\"contentUrl\":\"https:\/\/peaksofthebalkans.info\/wp-content\/uploads\/2026\/01\/Screenshot_20190219-141246-17.jpg\",\"width\":720,\"height\":519,\"caption\":\"Die Gipfel des Balkans\"},\"image\":{\"@id\":\"https:\/\/peaksofthebalkans.info\/#\/schema\/logo\/image\/\"},\"sameAs\":[\"https:\/\/www.facebook.com\/peaksofthebalkans\/\"],\"description\":\"Peaks of the Balkans rund the trail and this is the official website of the trail\",\"foundingDate\":\"2015-01-13\",\"numberOfEmployees\":{\"@type\":\"QuantitativeValue\",\"minValue\":\"1\",\"maxValue\":\"10\"}}]}<\/script>\n<!-- \/ Yoast SEO Premium plugin. -->","yoast_head_json":{"title":"Gipfel des Balkans | Selbstgef\u00fchrte Tour \u2013 10 Tage","description":"Explore the Peaks of the Balkans on a 10-day self-guided tour, with detailed routes, villages, and stunning alpine landscapes.","robots":{"index":"index","follow":"follow","max-snippet":"max-snippet:-1","max-image-preview":"max-image-preview:large","max-video-preview":"max-video-preview:-1"},"canonical":"https:\/\/peaksofthebalkans.info\/de\/gipfel-des-balkans-selbst-gefuhrte-tour-10-tage\/","og_locale":"de_DE","og_type":"article","og_title":"Peaks of the Balkans | Selbstgef\u00fchrte Tour \u2013 10 Tage","og_description":"Explore the Peaks of the Balkans on a 10-day self-guided tour, with detailed routes, villages, and stunning alpine landscapes.","og_url":"https:\/\/peaksofthebalkans.info\/de\/gipfel-des-balkans-selbst-gefuhrte-tour-10-tage\/","og_site_name":"Peaks of the Balkans, Trail, Hiking Tours","article_publisher":"https:\/\/www.facebook.com\/peaksofthebalkans\/","article_modified_time":"2026-03-08T06:24:01+00:00","og_image":[{"width":2048,"height":1365,"url":"https:\/\/peaksofthebalkans.info\/wp-content\/uploads\/2021\/12\/DSC_2496.jpg","type":"image\/jpeg"}],"twitter_card":"summary_large_image","twitter_misc":{"Gesch\u00e4tzte Lesezeit":"6\u00a0Minuten"},"schema":{"@context":"https:\/\/schema.org","@graph":[{"@type":"WebPage","@id":"https:\/\/peaksofthebalkans.info\/peaks-of-the-balkans-self-guided-tour-10-days\/","url":"https:\/\/peaksofthebalkans.info\/peaks-of-the-balkans-self-guided-tour-10-days\/","name":"Gipfel des Balkans | Selbstgef\u00fchrte Tour \u2013 10 Tage","isPartOf":{"@id":"https:\/\/peaksofthebalkans.info\/#website"},"primaryImageOfPage":{"@id":"https:\/\/peaksofthebalkans.info\/peaks-of-the-balkans-self-guided-tour-10-days\/#primaryimage"},"image":{"@id":"https:\/\/peaksofthebalkans.info\/peaks-of-the-balkans-self-guided-tour-10-days\/#primaryimage"},"thumbnailUrl":"https:\/\/peaksofthebalkans.info\/wp-content\/uploads\/2021\/12\/DSC_2496-1024x683.jpg","datePublished":"2022-01-05T11:13:10+00:00","dateModified":"2026-03-08T06:24:01+00:00","description":"Explore the Peaks of the Balkans on a 10-day self-guided tour, with detailed routes, villages, and stunning alpine landscapes.","breadcrumb":{"@id":"https:\/\/peaksofthebalkans.info\/peaks-of-the-balkans-self-guided-tour-10-days\/#breadcrumb"},"inLanguage":"de","potentialAction":[{"@type":"ReadAction","target":["https:\/\/peaksofthebalkans.info\/peaks-of-the-balkans-self-guided-tour-10-days\/"]}]},{"@type":"ImageObject","inLanguage":"de","@id":"https:\/\/peaksofthebalkans.info\/peaks-of-the-balkans-self-guided-tour-10-days\/#primaryimage","url":"https:\/\/peaksofthebalkans.info\/wp-content\/uploads\/2021\/12\/DSC_2496-1024x683.jpg","contentUrl":"https:\/\/peaksofthebalkans.info\/wp-content\/uploads\/2021\/12\/DSC_2496-1024x683.jpg"},{"@type":"BreadcrumbList","@id":"https:\/\/peaksofthebalkans.info\/peaks-of-the-balkans-self-guided-tour-10-days\/#breadcrumb","itemListElement":[{"@type":"ListItem","position":1,"name":"Heim","item":"https:\/\/peaksofthebalkans.info\/"},{"@type":"ListItem","position":2,"name":"Peaks of the Balkans | Selbstgef\u00fchrte Tour \u2013 10 Tage"}]},{"@type":"WebSite","@id":"https:\/\/peaksofthebalkans.info\/#website","url":"https:\/\/peaksofthebalkans.info\/","name":"Die Gipfel des Balkans","description":"Auf dieser Website finden Sie die neuesten Informationen \u00fcber den Peaks of the Balkans Trail, GPS, F\u00fchrer, Grenzgenehmigungen und andere wichtige Informationen.","publisher":{"@id":"https:\/\/peaksofthebalkans.info\/#organization"},"alternateName":"Gipfelweg des Balkans","potentialAction":[{"@type":"SearchAction","target":{"@type":"EntryPoint","urlTemplate":"https:\/\/peaksofthebalkans.info\/?s={search_term_string}"},"query-input":{"@type":"PropertyValueSpecification","valueRequired":true,"valueName":"search_term_string"}}],"inLanguage":"de"},{"@type":"Organization","@id":"https:\/\/peaksofthebalkans.info\/#organization","name":"Die Gipfel des Balkans","url":"https:\/\/peaksofthebalkans.info\/","logo":{"@type":"ImageObject","inLanguage":"de","@id":"https:\/\/peaksofthebalkans.info\/#\/schema\/logo\/image\/","url":"https:\/\/peaksofthebalkans.info\/wp-content\/uploads\/2026\/01\/Screenshot_20190219-141246-17.jpg","contentUrl":"https:\/\/peaksofthebalkans.info\/wp-content\/uploads\/2026\/01\/Screenshot_20190219-141246-17.jpg","width":720,"height":519,"caption":"Die Gipfel des Balkans"},"image":{"@id":"https:\/\/peaksofthebalkans.info\/#\/schema\/logo\/image\/"},"sameAs":["https:\/\/www.facebook.com\/peaksofthebalkans\/"],"description":"Peaks of the Balkans rund the trail and this is the official website of the trail","foundingDate":"2015-01-13","numberOfEmployees":{"@type":"QuantitativeValue","minValue":"1","maxValue":"10"}}]}},"_links":{"self":[{"href":"https:\/\/peaksofthebalkans.info\/de\/wp-json\/wp\/v2\/pages\/1317","targetHints":{"allow":["GET"]}}],"collection":[{"href":"https:\/\/peaksofthebalkans.info\/de\/wp-json\/wp\/v2\/pages"}],"about":[{"href":"https:\/\/peaksofthebalkans.info\/de\/wp-json\/wp\/v2\/types\/page"}],"author":[{"embeddable":true,"href":"https:\/\/peaksofthebalkans.info\/de\/wp-json\/wp\/v2\/users\/5"}],"replies":[{"embeddable":true,"href":"https:\/\/peaksofthebalkans.info\/de\/wp-json\/wp\/v2\/comments?post=1317"}],"version-history":[{"count":20,"href":"https:\/\/peaksofthebalkans.info\/de\/wp-json\/wp\/v2\/pages\/1317\/revisions"}],"predecessor-version":[{"id":1881,"href":"https:\/\/peaksofthebalkans.info\/de\/wp-json\/wp\/v2\/pages\/1317\/revisions\/1881"}],"wp:attachment":[{"href":"https:\/\/peaksofthebalkans.info\/de\/wp-json\/wp\/v2\/media?parent=1317"}],"curies":[{"name":"wp","href":"https:\/\/api.w.org\/{rel}","templated":true}]}}