{"id":1345,"date":"2022-01-05T14:28:59","date_gmt":"2022-01-05T13:28:59","guid":{"rendered":"https:\/\/peaksofthebalkans.info\/?page_id=1345"},"modified":"2026-03-08T07:19:46","modified_gmt":"2026-03-08T06:19:46","slug":"peaks-of-the-balkans-self-guided-tour-6-days","status":"publish","type":"page","link":"https:\/\/peaksofthebalkans.info\/de\/gipfel-des-balkans-selbst-gefuhrte-tour-6-tage\/","title":{"rendered":"Peaks of the Balkans | Selbstgef\u00fchrte Tour \u2013 6 Tage"},"content":{"rendered":"<h1><span style=\"color: #008000;\"><strong>\u00dcberblick<\/strong><\/span><\/h1>\n<p style=\"text-align: justify;\" class=\"translation-block\"><span style=\"color: #000000\">Begleiten Sie uns auf dieser 6-t\u00e4gigen selbstgef\u00fchrten Reise auf den <a href=\"https:\/\/bnadventure.com\/peaks-of-the-balkans-trail\/\" target=\"_self\">Peaks of the Balkans<\/a>. Entlang der Routen, die durch diese Berge f\u00fchren, k\u00f6nnen Sie nat\u00fcrliche und kulturelle Sehensw\u00fcrdigkeiten, Menschen und Traditionen sowie Landschaften mit unber\u00fchrter Natur entdecken.<\/span><\/p>\n<p>\u00a0<\/p>\n<h2><span style=\"color: #000000;\">Reiseverlauf<\/span><\/h2>\n<p>\u00a0<\/p>\n<h5><strong>Tag 1: Ankunft in Shkodra<\/strong><\/h5>\n<p class=\"translation-block\"><span style=\"color: #000000\">Die Tour beinhaltet die erste Nacht in <a href=\"https:\/\/bnadventure.com\/shkodra-one-day-city-visit\/\" target=\"_self\">Shkodra<\/a> nach Ihrer Ankunft in Albanien. Diesen Tag k\u00f6nnen Sie nutzen, um das reichhaltige kulturelle Angebot von Shkodra zu genie\u00dfen.<\/span><\/p>\n<p>\u00a0<\/p>\n<h5><strong>Tag 2: Transfer nach Theth. Wanderung Theth \u2013 Nderlyse \u2013 Theth<\/strong><\/h5>\n<p style=\"text-align: justify;\" class=\"translation-block\"><span style=\"color: #000000\">Das Dorf <a href=\"https:\/\/bnadventure.com\/theth-albania\/\" target=\"_self\">Theth<\/a> ist einer der malerischsten Orte Nordalbaniens. Dank der wilden Natur und der sehr schlechten Stra\u00dfen ist das Dorf noch gut erhalten und besitzt die Kulla sowie andere Geb\u00e4ude aus dem Mittelalter. Das Dorf ist zu 100 Prozent r\u00f6misch-katholisch und verf\u00fcgt \u00fcber die weltweit einzigartige Struktur Kulla e Ngujimit, ein dreist\u00f6ckiges Steingeb\u00e4ude ohne Fenster. Es diente als selbstgew\u00e4hlte Zuflucht f\u00fcr Personen, die in Blutrache verwickelt waren.<\/span><\/p>\n<p><span style=\"color: #000000;\">Strecke: 10 km,\u00a0 \u00a0\u2191 266 m\u00a0 \u00a0\u2193 435 m<\/span><\/p>\n<p><span style=\"color: #000000;\"><img loading=\"lazy\" decoding=\"async\" class=\"wp-image-1067 alignnone size-large\" src=\"https:\/\/peaksofthebalkans.info\/wp-content\/uploads\/2021\/11\/Theth_1080x608-1024x576.jpg\" alt=\"Theth, Gipfel des Balkans\" width=\"1024\" height=\"576\" srcset=\"https:\/\/peaksofthebalkans.info\/wp-content\/uploads\/2021\/11\/Theth_1080x608-1024x576.jpg 1024w, https:\/\/peaksofthebalkans.info\/wp-content\/uploads\/2021\/11\/Theth_1080x608-300x169.jpg 300w, https:\/\/peaksofthebalkans.info\/wp-content\/uploads\/2021\/11\/Theth_1080x608-768x432.jpg 768w, https:\/\/peaksofthebalkans.info\/wp-content\/uploads\/2021\/11\/Theth_1080x608-980x552.jpg 980w, https:\/\/peaksofthebalkans.info\/wp-content\/uploads\/2021\/11\/Theth_1080x608-480x270.jpg 480w, https:\/\/peaksofthebalkans.info\/wp-content\/uploads\/2021\/11\/Theth_1080x608.jpg 1080w\" sizes=\"auto, (max-width: 1024px) 100vw, 1024px\" \/><\/span><\/p>\n<h5><strong>Tag 3: Wanderung Theth - Valbona<\/strong><\/h5>\n<p><span style=\"color: #000000;\">Heute unternehmen Sie eine der ber\u00fchmtesten Wanderungen Albaniens von Theth (728 m) \u00fcber den Valbona-Pass (1759 m) zur Stadt Valbona (995 m) im Herzen des gleichnamigen Nationalparks.<br \/>Diese 20 Kilometer lange Route folgt dem Pfad eines alten Saumpfades, der die Stammesregionen verband<br \/>von Shala und Nikaj.<\/span><\/p>\n<p><span style=\"color: #000000;\">Strecke: 19,5 km,   \u2191 1068 m   \u2193 850 m<\/span><\/p>\n<p>\u00a0<\/p>\n<p>\u00a0<\/p>\n<h5><strong>Tag 4: Transfer Valbone \u2013 Cerem. Wanderung Cerem \u2013 Vusanje<\/strong><\/h5>\n<p style=\"text-align: justify;\"><span style=\"color: #000000;\">Heute beginnt Ihr Tag mit einem Transfer zum Ausgangspunkt der Wanderung zum Dorf Cerem. Der Weg ist insgesamt einer der k\u00fcrzesten Pfade im gesamten Peaks of the Balkans Trail. Er f\u00fchrt durch eine kleine saisonale albanische Sch\u00e4fersiedlung, nur wenige Kilometer vor dem Bori-Pass, direkt an der Grenze zwischen Albanien und Montenegro.\n\nEs ist ein sehr malerischer Pfad, der sich durch Buchen- und Birkenw\u00e4lder schl\u00e4ngelt. Viele Einwohner von Cerem und Vusanje sind miteinander verwandt. Daher entstand Cerem Anfang der 1950er Jahre, als Sch\u00e4fer aus Vusanje begannen, die Weiden in Albanien zu nutzen. Nach diesen Grenz\u00fcbertritten entschied der albanische Staat, die Streitkr\u00e4fte zu entsenden und die Grenzen zu sichern. Die Einwohner beider D\u00f6rfer, Cerem (Albanien) und Vusanje (Montenegro), geh\u00f6ren derselben albanischen Ethnie an.<\/span><\/p>\n<p style=\"text-align: justify;\"><span style=\"color: #000000;\">Strecke: 12,8 km, \u2191 801 m, \u2193 1015 m<\/span><\/p>\n<p style=\"text-align: justify;\">\u00a0<\/p>\n<p style=\"text-align: justify;\">\u00a0<\/p>\n<h5><strong>Tag 5: Transfer von Vusanje ins Grbaja-Tal. Wanderung zum Taljanka-Gipfel. R\u00fccktransfer nach Vusanje.<\/strong><\/h5>\n<p><span style=\"color: #000000;\">Das in Montenegro gelegene Grbaja-Tal galt einst als das sch\u00f6nste Tal im ehemaligen Jugoslawien unter Tito, das heute sieben unabh\u00e4ngige Staaten umfasst. Es ist ein Abstecher von der klassischen Route der Peaks of the Balkans. Wir finden, es ist schade, dass dieses Tal in der klassischen Peaks-of-the-Balkans-Route ausgelassen wurde. F\u00fcr den Beginn der Wanderung werden Sie zun\u00e4chst eine 20-min\u00fctige Fahrt unternehmen. Die Wanderung beginnt mit dem Aufstieg zum Taljanka-Gipfel, einem gr\u00fcnen Paradies mit Blick auf Karanfil, ein raues Felsenmassiv.<\/span><\/p>\n<p><span style=\"color: #000000;\">\u00a0Strecke: 9.8 km,\u00a0 \u00a0\u2191 834 m\u00a0 \u00a0\u2193908 m<\/span><\/p>\n<p><span style=\"color: #000000;\"><img loading=\"lazy\" decoding=\"async\" class=\"wp-image-1353 alignnone size-large\" src=\"https:\/\/peaksofthebalkans.info\/wp-content\/uploads\/2022\/01\/Taljanka-peak-1024x575.jpg\" alt=\"Taljanka-Gipfel, Gipfel des Balkans\" width=\"1024\" height=\"575\" srcset=\"https:\/\/peaksofthebalkans.info\/wp-content\/uploads\/2022\/01\/Taljanka-peak-1024x575.jpg 1024w, https:\/\/peaksofthebalkans.info\/wp-content\/uploads\/2022\/01\/Taljanka-peak-300x169.jpg 300w, https:\/\/peaksofthebalkans.info\/wp-content\/uploads\/2022\/01\/Taljanka-peak-768x431.jpg 768w, https:\/\/peaksofthebalkans.info\/wp-content\/uploads\/2022\/01\/Taljanka-peak-1536x863.jpg 1536w, https:\/\/peaksofthebalkans.info\/wp-content\/uploads\/2022\/01\/Taljanka-peak-2048x1151.jpg 2048w, https:\/\/peaksofthebalkans.info\/wp-content\/uploads\/2022\/01\/Taljanka-peak-1080x607.jpg 1080w\" sizes=\"auto, (max-width: 1024px) 100vw, 1024px\" \/><\/span><\/p>\n<p>\u00a0<\/p>\n<h5><strong>Tag 6: Wanderung von Vusanje nach Theth. Transfer nach Shkodra.<\/strong><\/h5>\n<p class=\"translation-block\">Von Vusanje in den Prokletije starten Sie die 21 Kilometer lange Wanderung ins historische albanische Dorf Theth. Der Weg f\u00fchrt durch den zerkl\u00fcftetsten Teil der <a href=\"https:\/\/www.lonelyplanet.com\/albania\/the-accursed-mountains\" target=\"_self\">Verfluchten Berge<\/a> oder Prokletije\/Albanische Alpen, die w\u00e4hrend der kommunistischen \u00c4ra eine Sperrzone waren. Neben den dramatischen Klippen, die die Kulisse f\u00fcr die heutige Wanderung bilden, werden Sie auch einen Milit\u00e4rbunker und alte Grenzschilder sehen, w\u00e4hrend Sie nach Albanien \u00fcberqueren.<\/p>\n<p><span style=\"color: #000000;\">\u00a0Nach der Wanderung erfolgt der Transfer nach Shkoder.<\/span><\/p>\n<p><span style=\"color: #000000;\">Strecke: 21.3 km,\u00a0 \u00a0\u2191 1110 m\u00a0 \u00a0\u21931440 m<\/span><\/p>\n<h3>Inbegriffen<\/h3>\n<ul>\n<li>GPS-Spuren zur Nutzung \u00fcber eine Smartphone-App oder auf Ihrem eigenen GPS-Ger\u00e4t<\/li>\n<li>Unterkunft f\u00fcr 6 N\u00e4chte in Hotels, Gasth\u00e4usern und Bergh\u00fctten. In den Bergen sind die Zimmer meist geteilt.<\/li>\n<li>Transfers von und nach Shkodra<\/li>\n<li>6\u00d7 Fr\u00fchst\u00fcck, 5\u00d7 Mittagessen, 4\u00d7 Abendessen<\/li>\n<li>Unser lokales B\u00fcro\/Vertreter bietet rund um die Uhr Kundenbetreuung<\/li>\n<\/ul>\n<p>\u00a0<\/p>\n<h3>Nicht inbegriffen<\/h3>\n<ul>\n<li>Gep\u00e4cktransfer (kann auf Wunsch angeboten werden)<\/li>\n<li>Abholung und R\u00fccktransfer vom\/zum Flughafen (kann auf Wunsch bereitgestellt werden)<\/li>\n<li>Reiseversicherung (muss von den Reisenden selbst abgeschlossen werden)<\/li>\n<\/ul>\n<h5>\u00a0<\/h5>\n<h5>\u00a0<\/h5>\n<h5>\u00a0<\/h5>\n<h5>\u00a0<\/h5>\n<h5><strong>Land: <\/strong>Albanien und Montenegro\u00a0 \u00a0 \u00a0<\/h5>\n<h5><strong>Dauer: 6\u00a0<\/strong>Tage\u00a0 \u00a0 \u00a0 |\u00a0\u00a0<strong>Reisestil:<\/strong>\u00a0Selbstgef\u00fchrte Tour<\/h5>\n<h5 class=\"translation-block\"><span><strong>Schwierigkeitsgrad: <\/strong>Mittel\u00a0 <span style=\"color: #800080\">|\u00a0\u00a0<\/span><strong>Verf\u00fcgbarkeit: <\/strong>Juni \u2013 Oktober<\/span><\/h5>\n<p>\u00a0<\/p>\n\n\n<p><a href=\"https:\/\/bnadventure.com\/products\/6-days-self-guided-peaks-of-the-balkans\/\">Klicken Sie hier f\u00fcr Ihre Buchung <\/a><\/p>\n\n\n\n<p><\/p>","protected":false},"excerpt":{"rendered":"<p>Overview Join us on this 6 days self-guided trip on Peaks of the Balkans.\u00a0Natural and cultural heritage sights, people and [&hellip;]<\/p>","protected":false},"author":5,"featured_media":0,"parent":0,"menu_order":0,"comment_status":"closed","ping_status":"closed","template":"","meta":{"footnotes":""},"class_list":["post-1345","page","type-page","status-publish","hentry"],"yoast_head":"<!-- This site is optimized with the Yoast SEO Premium plugin v27.1 (Yoast SEO v27.1.1) - https:\/\/yoast.com\/product\/yoast-seo-premium-wordpress\/ -->\n<title>Peaks of the Balkans \u2013 6-Tage Selbstgef\u00fchrte Tour<\/title>\n<meta name=\"description\" content=\"Discover the Peaks of the Balkans on a 6-day self-guided tour, exploring mountains, villages, and scenic trails at your own pace.\" \/>\n<meta name=\"robots\" content=\"index, follow, max-snippet:-1, max-image-preview:large, max-video-preview:-1\" \/>\n<link rel=\"canonical\" href=\"https:\/\/peaksofthebalkans.info\/de\/gipfel-des-balkans-selbst-gefuhrte-tour-6-tage\/\" \/>\n<meta property=\"og:locale\" content=\"de_DE\" \/>\n<meta property=\"og:type\" content=\"article\" \/>\n<meta property=\"og:title\" content=\"Peaks of the Balkans | Selbstgef\u00fchrte Tour \u2013 6 Tage\" \/>\n<meta property=\"og:description\" content=\"Discover the Peaks of the Balkans on a 6-day self-guided tour, exploring mountains, villages, and scenic trails at your own pace.\" \/>\n<meta property=\"og:url\" content=\"https:\/\/peaksofthebalkans.info\/de\/gipfel-des-balkans-selbst-gefuhrte-tour-6-tage\/\" \/>\n<meta property=\"og:site_name\" content=\"Peaks of the Balkans, Trail, Hiking Tours\" \/>\n<meta property=\"article:publisher\" content=\"https:\/\/www.facebook.com\/peaksofthebalkans\/\" \/>\n<meta property=\"article:modified_time\" content=\"2026-03-08T06:19:46+00:00\" \/>\n<meta property=\"og:image\" content=\"https:\/\/peaksofthebalkans.info\/wp-content\/uploads\/2021\/11\/Theth_1080x608.jpg\" \/>\n\t<meta property=\"og:image:width\" content=\"1080\" \/>\n\t<meta property=\"og:image:height\" content=\"608\" \/>\n\t<meta property=\"og:image:type\" content=\"image\/jpeg\" \/>\n<meta name=\"twitter:card\" content=\"summary_large_image\" \/>\n<meta name=\"twitter:label1\" content=\"Gesch\u00e4tzte Lesezeit\" \/>\n\t<meta name=\"twitter:data1\" content=\"4\u00a0Minuten\" \/>\n<script type=\"application\/ld+json\" class=\"yoast-schema-graph\">{\"@context\":\"https:\/\/schema.org\",\"@graph\":[{\"@type\":\"WebPage\",\"@id\":\"https:\/\/peaksofthebalkans.info\/peaks-of-the-balkans-self-guided-tour-6-days\/\",\"url\":\"https:\/\/peaksofthebalkans.info\/peaks-of-the-balkans-self-guided-tour-6-days\/\",\"name\":\"Peaks of the Balkans \u2013 6-Tage Selbstgef\u00fchrte Tour\",\"isPartOf\":{\"@id\":\"https:\/\/peaksofthebalkans.info\/#website\"},\"primaryImageOfPage\":{\"@id\":\"https:\/\/peaksofthebalkans.info\/peaks-of-the-balkans-self-guided-tour-6-days\/#primaryimage\"},\"image\":{\"@id\":\"https:\/\/peaksofthebalkans.info\/peaks-of-the-balkans-self-guided-tour-6-days\/#primaryimage\"},\"thumbnailUrl\":\"https:\/\/peaksofthebalkans.info\/wp-content\/uploads\/2021\/11\/Theth_1080x608-1024x576.jpg\",\"datePublished\":\"2022-01-05T13:28:59+00:00\",\"dateModified\":\"2026-03-08T06:19:46+00:00\",\"description\":\"Discover the Peaks of the Balkans on a 6-day self-guided tour, exploring mountains, villages, and scenic trails at your own pace.\",\"breadcrumb\":{\"@id\":\"https:\/\/peaksofthebalkans.info\/peaks-of-the-balkans-self-guided-tour-6-days\/#breadcrumb\"},\"inLanguage\":\"de\",\"potentialAction\":[{\"@type\":\"ReadAction\",\"target\":[\"https:\/\/peaksofthebalkans.info\/peaks-of-the-balkans-self-guided-tour-6-days\/\"]}]},{\"@type\":\"ImageObject\",\"inLanguage\":\"de\",\"@id\":\"https:\/\/peaksofthebalkans.info\/peaks-of-the-balkans-self-guided-tour-6-days\/#primaryimage\",\"url\":\"https:\/\/peaksofthebalkans.info\/wp-content\/uploads\/2021\/11\/Theth_1080x608-1024x576.jpg\",\"contentUrl\":\"https:\/\/peaksofthebalkans.info\/wp-content\/uploads\/2021\/11\/Theth_1080x608-1024x576.jpg\"},{\"@type\":\"BreadcrumbList\",\"@id\":\"https:\/\/peaksofthebalkans.info\/peaks-of-the-balkans-self-guided-tour-6-days\/#breadcrumb\",\"itemListElement\":[{\"@type\":\"ListItem\",\"position\":1,\"name\":\"Heim\",\"item\":\"https:\/\/peaksofthebalkans.info\/\"},{\"@type\":\"ListItem\",\"position\":2,\"name\":\"Peaks of the Balkans | Selbstgef\u00fchrte Tour \u2013 6 Tage\"}]},{\"@type\":\"WebSite\",\"@id\":\"https:\/\/peaksofthebalkans.info\/#website\",\"url\":\"https:\/\/peaksofthebalkans.info\/\",\"name\":\"Die Gipfel des Balkans\",\"description\":\"Auf dieser Website finden Sie die neuesten Informationen \u00fcber den Peaks of the Balkans Trail, GPS, F\u00fchrer, Grenzgenehmigungen und andere wichtige Informationen.\",\"publisher\":{\"@id\":\"https:\/\/peaksofthebalkans.info\/#organization\"},\"alternateName\":\"Gipfelweg des Balkans\",\"potentialAction\":[{\"@type\":\"SearchAction\",\"target\":{\"@type\":\"EntryPoint\",\"urlTemplate\":\"https:\/\/peaksofthebalkans.info\/?s={search_term_string}\"},\"query-input\":{\"@type\":\"PropertyValueSpecification\",\"valueRequired\":true,\"valueName\":\"search_term_string\"}}],\"inLanguage\":\"de\"},{\"@type\":\"Organization\",\"@id\":\"https:\/\/peaksofthebalkans.info\/#organization\",\"name\":\"Die Gipfel des Balkans\",\"url\":\"https:\/\/peaksofthebalkans.info\/\",\"logo\":{\"@type\":\"ImageObject\",\"inLanguage\":\"de\",\"@id\":\"https:\/\/peaksofthebalkans.info\/#\/schema\/logo\/image\/\",\"url\":\"https:\/\/peaksofthebalkans.info\/wp-content\/uploads\/2026\/01\/Screenshot_20190219-141246-17.jpg\",\"contentUrl\":\"https:\/\/peaksofthebalkans.info\/wp-content\/uploads\/2026\/01\/Screenshot_20190219-141246-17.jpg\",\"width\":720,\"height\":519,\"caption\":\"Die Gipfel des Balkans\"},\"image\":{\"@id\":\"https:\/\/peaksofthebalkans.info\/#\/schema\/logo\/image\/\"},\"sameAs\":[\"https:\/\/www.facebook.com\/peaksofthebalkans\/\"],\"description\":\"Peaks of the Balkans rund the trail and this is the official website of the trail\",\"foundingDate\":\"2015-01-13\",\"numberOfEmployees\":{\"@type\":\"QuantitativeValue\",\"minValue\":\"1\",\"maxValue\":\"10\"}}]}<\/script>\n<!-- \/ Yoast SEO Premium plugin. -->","yoast_head_json":{"title":"Peaks of the Balkans \u2013 6-t\u00e4gige selbstgef\u00fchrte Tour","description":"Discover the Peaks of the Balkans on a 6-day self-guided tour, exploring mountains, villages, and scenic trails at your own pace.","robots":{"index":"index","follow":"follow","max-snippet":"max-snippet:-1","max-image-preview":"max-image-preview:large","max-video-preview":"max-video-preview:-1"},"canonical":"https:\/\/peaksofthebalkans.info\/de\/gipfel-des-balkans-selbst-gefuhrte-tour-6-tage\/","og_locale":"de_DE","og_type":"article","og_title":"Peaks of the Balkans | Selbstgef\u00fchrte Tour \u2013 6 Tage","og_description":"Discover the Peaks of the Balkans on a 6-day self-guided tour, exploring mountains, villages, and scenic trails at your own pace.","og_url":"https:\/\/peaksofthebalkans.info\/de\/gipfel-des-balkans-selbst-gefuhrte-tour-6-tage\/","og_site_name":"Peaks of the Balkans, Trail, Hiking Tours","article_publisher":"https:\/\/www.facebook.com\/peaksofthebalkans\/","article_modified_time":"2026-03-08T06:19:46+00:00","og_image":[{"width":1080,"height":608,"url":"https:\/\/peaksofthebalkans.info\/wp-content\/uploads\/2021\/11\/Theth_1080x608.jpg","type":"image\/jpeg"}],"twitter_card":"summary_large_image","twitter_misc":{"Gesch\u00e4tzte Lesezeit":"4\u00a0Minuten"},"schema":{"@context":"https:\/\/schema.org","@graph":[{"@type":"WebPage","@id":"https:\/\/peaksofthebalkans.info\/peaks-of-the-balkans-self-guided-tour-6-days\/","url":"https:\/\/peaksofthebalkans.info\/peaks-of-the-balkans-self-guided-tour-6-days\/","name":"Peaks of the Balkans \u2013 6-t\u00e4gige selbstgef\u00fchrte Tour","isPartOf":{"@id":"https:\/\/peaksofthebalkans.info\/#website"},"primaryImageOfPage":{"@id":"https:\/\/peaksofthebalkans.info\/peaks-of-the-balkans-self-guided-tour-6-days\/#primaryimage"},"image":{"@id":"https:\/\/peaksofthebalkans.info\/peaks-of-the-balkans-self-guided-tour-6-days\/#primaryimage"},"thumbnailUrl":"https:\/\/peaksofthebalkans.info\/wp-content\/uploads\/2021\/11\/Theth_1080x608-1024x576.jpg","datePublished":"2022-01-05T13:28:59+00:00","dateModified":"2026-03-08T06:19:46+00:00","description":"Discover the Peaks of the Balkans on a 6-day self-guided tour, exploring mountains, villages, and scenic trails at your own pace.","breadcrumb":{"@id":"https:\/\/peaksofthebalkans.info\/peaks-of-the-balkans-self-guided-tour-6-days\/#breadcrumb"},"inLanguage":"de","potentialAction":[{"@type":"ReadAction","target":["https:\/\/peaksofthebalkans.info\/peaks-of-the-balkans-self-guided-tour-6-days\/"]}]},{"@type":"ImageObject","inLanguage":"de","@id":"https:\/\/peaksofthebalkans.info\/peaks-of-the-balkans-self-guided-tour-6-days\/#primaryimage","url":"https:\/\/peaksofthebalkans.info\/wp-content\/uploads\/2021\/11\/Theth_1080x608-1024x576.jpg","contentUrl":"https:\/\/peaksofthebalkans.info\/wp-content\/uploads\/2021\/11\/Theth_1080x608-1024x576.jpg"},{"@type":"BreadcrumbList","@id":"https:\/\/peaksofthebalkans.info\/peaks-of-the-balkans-self-guided-tour-6-days\/#breadcrumb","itemListElement":[{"@type":"ListItem","position":1,"name":"Heim","item":"https:\/\/peaksofthebalkans.info\/"},{"@type":"ListItem","position":2,"name":"Peaks of the Balkans | Selbstgef\u00fchrte Tour \u2013 6 Tage"}]},{"@type":"WebSite","@id":"https:\/\/peaksofthebalkans.info\/#website","url":"https:\/\/peaksofthebalkans.info\/","name":"Die Gipfel des Balkans","description":"Auf dieser Website finden Sie die neuesten Informationen \u00fcber den Peaks of the Balkans Trail, GPS, F\u00fchrer, Grenzgenehmigungen und andere wichtige Informationen.","publisher":{"@id":"https:\/\/peaksofthebalkans.info\/#organization"},"alternateName":"Gipfelweg des Balkans","potentialAction":[{"@type":"SearchAction","target":{"@type":"EntryPoint","urlTemplate":"https:\/\/peaksofthebalkans.info\/?s={search_term_string}"},"query-input":{"@type":"PropertyValueSpecification","valueRequired":true,"valueName":"search_term_string"}}],"inLanguage":"de"},{"@type":"Organization","@id":"https:\/\/peaksofthebalkans.info\/#organization","name":"Die Gipfel des Balkans","url":"https:\/\/peaksofthebalkans.info\/","logo":{"@type":"ImageObject","inLanguage":"de","@id":"https:\/\/peaksofthebalkans.info\/#\/schema\/logo\/image\/","url":"https:\/\/peaksofthebalkans.info\/wp-content\/uploads\/2026\/01\/Screenshot_20190219-141246-17.jpg","contentUrl":"https:\/\/peaksofthebalkans.info\/wp-content\/uploads\/2026\/01\/Screenshot_20190219-141246-17.jpg","width":720,"height":519,"caption":"Die Gipfel des Balkans"},"image":{"@id":"https:\/\/peaksofthebalkans.info\/#\/schema\/logo\/image\/"},"sameAs":["https:\/\/www.facebook.com\/peaksofthebalkans\/"],"description":"Peaks of the Balkans rund the trail and this is the official website of the trail","foundingDate":"2015-01-13","numberOfEmployees":{"@type":"QuantitativeValue","minValue":"1","maxValue":"10"}}]}},"_links":{"self":[{"href":"https:\/\/peaksofthebalkans.info\/de\/wp-json\/wp\/v2\/pages\/1345","targetHints":{"allow":["GET"]}}],"collection":[{"href":"https:\/\/peaksofthebalkans.info\/de\/wp-json\/wp\/v2\/pages"}],"about":[{"href":"https:\/\/peaksofthebalkans.info\/de\/wp-json\/wp\/v2\/types\/page"}],"author":[{"embeddable":true,"href":"https:\/\/peaksofthebalkans.info\/de\/wp-json\/wp\/v2\/users\/5"}],"replies":[{"embeddable":true,"href":"https:\/\/peaksofthebalkans.info\/de\/wp-json\/wp\/v2\/comments?post=1345"}],"version-history":[{"count":17,"href":"https:\/\/peaksofthebalkans.info\/de\/wp-json\/wp\/v2\/pages\/1345\/revisions"}],"predecessor-version":[{"id":2157,"href":"https:\/\/peaksofthebalkans.info\/de\/wp-json\/wp\/v2\/pages\/1345\/revisions\/2157"}],"wp:attachment":[{"href":"https:\/\/peaksofthebalkans.info\/de\/wp-json\/wp\/v2\/media?parent=1345"}],"curies":[{"name":"wp","href":"https:\/\/api.w.org\/{rel}","templated":true}]}}