{"id":358,"date":"2019-02-18T14:42:34","date_gmt":"2019-02-18T13:42:34","guid":{"rendered":"https:\/\/peaksofthebalkans.info\/?page_id=358"},"modified":"2026-02-02T00:41:04","modified_gmt":"2026-02-01T23:41:04","slug":"local-guides","status":"publish","type":"page","link":"https:\/\/peaksofthebalkans.info\/de\/lokale-fuhrer\/","title":{"rendered":"Lokale Guides"},"content":{"rendered":"<section class=\"pob-page-hero\">\n    <div class=\"site-container\">\n        <p class=\"pob-page-hero__eyebrow\">Zertifizierte Experten<\/p>\n        <h1>Lokale F\u00fchrer f\u00fcr die Gipfel des Balkans<\/h1>\n        <p class=\"pob-page-hero__lede\">Kontaktieren Sie einen unserer zertifizierten Guides, der Ihnen bei der Planung Ihres individuellen Abenteuers, der Organisation von Unterk\u00fcnften und dem Austausch von Insiderwissen jeden Tag behilflich ist.<\/p>\n        <a class=\"pob-page-hero__cta\" href=\"https:\/\/peaksofthebalkans.info\/de\/contact\/\">Verbinden Sie sich mit einem F\u00fchrer<\/a>\n    <\/div>\n<\/section>\n\n<section class=\"pob-content-shell\">\n    <div class=\"site-container\">\n        <div class=\"pob-plain-content\">\n                            <p>Wir arbeiten mit einem Kernteam aus lizenzierten F\u00fchrern zusammen, die auf dem Weg leben und die Sprache, Kultur und Logistik jedes Dorfes verstehen.<\/p>\n                <p>Reiseleiterteams k\u00fcmmern sich um Transfers, Grenz\u00fcberg\u00e4nge und Wanderbesprechungen, sodass Sie die Fernwanderung genie\u00dfen k\u00f6nnen, ohne sich um kleinste Details k\u00fcmmern zu m\u00fcssen.<\/p>\n                    <\/div>\n        <div class=\"pob-page-grid\">\n                            <article>\n                    <h3>Mentor Vokshi<\/h3>\n                    <p>Zertifizierter Reisef\u00fchrer \u201ePeaks of the Balkans\u201c. Verf\u00fcgbar f\u00fcr private Gruppen, Nachhilfe und Sicherheitseinweisungen.<\/p>\n                    <p>Kontaktieren Sie uns, um einen F\u00fchrer f\u00fcr Trail-Etappen oder eine komplette Runde zu buchen.<\/p>\n                <\/article>\n                            <article>\n                    <h3>G\u00ebzim Murati<\/h3>\n                    <p>Zertifizierter Reisef\u00fchrer \u201ePeaks of the Balkans\u201c. Verf\u00fcgbar f\u00fcr private Gruppen, Nachhilfe und Sicherheitseinweisungen.<\/p>\n                    <p>Kontaktieren Sie uns, um einen F\u00fchrer f\u00fcr Trail-Etappen oder eine komplette Runde zu buchen.<\/p>\n                <\/article>\n                            <article>\n                    <h3>Agim Ha\u00e7ku<\/h3>\n                    <p>Zertifizierter Reisef\u00fchrer \u201ePeaks of the Balkans\u201c. Verf\u00fcgbar f\u00fcr private Gruppen, Nachhilfe und Sicherheitseinweisungen.<\/p>\n                    <p>Kontaktieren Sie uns, um einen F\u00fchrer f\u00fcr Trail-Etappen oder eine komplette Runde zu buchen.<\/p>\n                <\/article>\n                            <article>\n                    <h3>Nol Krasniqi<\/h3>\n                    <p>Zertifizierter Reisef\u00fchrer \u201ePeaks of the Balkans\u201c. Verf\u00fcgbar f\u00fcr private Gruppen, Nachhilfe und Sicherheitseinweisungen.<\/p>\n                    <p>Kontaktieren Sie uns, um einen F\u00fchrer f\u00fcr Trail-Etappen oder eine komplette Runde zu buchen.<\/p>\n                <\/article>\n                            <article>\n                    <h3>Fisnik \u00c7avolli<\/h3>\n                    <p>Zertifizierter Reisef\u00fchrer \u201ePeaks of the Balkans\u201c. Verf\u00fcgbar f\u00fcr private Gruppen, Nachhilfe und Sicherheitseinweisungen.<\/p>\n                    <p>Kontaktieren Sie uns, um einen F\u00fchrer f\u00fcr Trail-Etappen oder eine komplette Runde zu buchen.<\/p>\n                <\/article>\n                            <article>\n                    <h3>Kushtrim Mema<\/h3>\n                    <p>Zertifizierter Reisef\u00fchrer \u201ePeaks of the Balkans\u201c. Verf\u00fcgbar f\u00fcr private Gruppen, Nachhilfe und Sicherheitseinweisungen.<\/p>\n                    <p>Kontaktieren Sie uns, um einen F\u00fchrer f\u00fcr Trail-Etappen oder eine komplette Runde zu buchen.<\/p>\n                <\/article>\n                            <article>\n                    <h3>Donika Matoshi<\/h3>\n                    <p>Zertifizierter Reisef\u00fchrer \u201ePeaks of the Balkans\u201c. Verf\u00fcgbar f\u00fcr private Gruppen, Nachhilfe und Sicherheitseinweisungen.<\/p>\n                    <p>Kontaktieren Sie uns, um einen F\u00fchrer f\u00fcr Trail-Etappen oder eine komplette Runde zu buchen.<\/p>\n                <\/article>\n                            <article>\n                    <h3>Erind Zalli<\/h3>\n                    <p>Zertifizierter Reisef\u00fchrer \u201ePeaks of the Balkans\u201c. Verf\u00fcgbar f\u00fcr private Gruppen, Nachhilfe und Sicherheitseinweisungen.<\/p>\n                    <p>Kontaktieren Sie uns, um einen F\u00fchrer f\u00fcr Trail-Etappen oder eine komplette Runde zu buchen.<\/p>\n                <\/article>\n                            <article>\n                    <h3>Fidan Abazi<\/h3>\n                    <p>Zertifizierter Reisef\u00fchrer \u201ePeaks of the Balkans\u201c. Verf\u00fcgbar f\u00fcr private Gruppen, Nachhilfe und Sicherheitseinweisungen.<\/p>\n                    <p>Kontaktieren Sie uns, um einen F\u00fchrer f\u00fcr Trail-Etappen oder eine komplette Runde zu buchen.<\/p>\n                <\/article>\n                    <\/div>\n    <\/div>\n<\/section>\n\n<section class=\"pob-page-cta\">\n    <div class=\"site-container\">\n        <h2>Ben\u00f6tigen Sie einen Experten vor Ort?<\/h2>\n        <p>Teilen Sie uns mit, f\u00fcr welche Phase Sie Unterst\u00fctzung ben\u00f6tigen, und wir vermitteln Ihnen einen Reisef\u00fchrer in Ihrer N\u00e4he und koordinieren die Logistik.<\/p>\n        <a class=\"pob-page-cta__button\" href=\"https:\/\/peaksofthebalkans.info\/de\/contact\/\">Fordern Sie einen F\u00fchrer an<\/a>\n    <\/div>\n<\/section>","protected":false},"excerpt":{"rendered":"","protected":false},"author":1,"featured_media":0,"parent":0,"menu_order":0,"comment_status":"closed","ping_status":"closed","template":"","meta":{"footnotes":""},"class_list":["post-358","page","type-page","status-publish","hentry"],"yoast_head":"<!-- This site is optimized with the Yoast SEO Premium plugin v27.1 (Yoast SEO v27.1.1) - https:\/\/yoast.com\/product\/yoast-seo-premium-wordpress\/ -->\n<title>Peaks of the Balkans Lokale Reiseleiter<\/title>\n<meta name=\"robots\" content=\"index, follow, max-snippet:-1, max-image-preview:large, max-video-preview:-1\" \/>\n<link rel=\"canonical\" href=\"https:\/\/peaksofthebalkans.info\/de\/lokale-fuhrer\/\" \/>\n<meta property=\"og:locale\" content=\"de_DE\" \/>\n<meta property=\"og:type\" content=\"article\" \/>\n<meta property=\"og:title\" content=\"Lokale Guides\" \/>\n<meta property=\"og:url\" content=\"https:\/\/peaksofthebalkans.info\/de\/lokale-fuhrer\/\" \/>\n<meta property=\"og:site_name\" content=\"Peaks of the Balkans, Trail, Hiking Tours\" \/>\n<meta property=\"article:publisher\" content=\"https:\/\/www.facebook.com\/peaksofthebalkans\/\" \/>\n<meta property=\"article:modified_time\" content=\"2026-02-01T23:41:04+00:00\" \/>\n<meta property=\"og:image\" content=\"https:\/\/peaksofthebalkans.info\/wp-content\/uploads\/2019\/11\/Grbaja-Valley.jpeg\" \/>\n\t<meta property=\"og:image:width\" content=\"1280\" \/>\n\t<meta property=\"og:image:height\" content=\"720\" \/>\n\t<meta property=\"og:image:type\" content=\"image\/jpeg\" \/>\n<meta name=\"twitter:card\" content=\"summary_large_image\" \/>\n<script type=\"application\/ld+json\" class=\"yoast-schema-graph\">{\"@context\":\"https:\/\/schema.org\",\"@graph\":[{\"@type\":\"WebPage\",\"@id\":\"https:\/\/peaksofthebalkans.info\/local-guides\/\",\"url\":\"https:\/\/peaksofthebalkans.info\/local-guides\/\",\"name\":\"Peaks of the Balkans Lokale Reiseleiter\",\"isPartOf\":{\"@id\":\"https:\/\/peaksofthebalkans.info\/#website\"},\"datePublished\":\"2019-02-18T13:42:34+00:00\",\"dateModified\":\"2026-02-01T23:41:04+00:00\",\"breadcrumb\":{\"@id\":\"https:\/\/peaksofthebalkans.info\/local-guides\/#breadcrumb\"},\"inLanguage\":\"de\",\"potentialAction\":[{\"@type\":\"ReadAction\",\"target\":[\"https:\/\/peaksofthebalkans.info\/local-guides\/\"]}]},{\"@type\":\"BreadcrumbList\",\"@id\":\"https:\/\/peaksofthebalkans.info\/local-guides\/#breadcrumb\",\"itemListElement\":[{\"@type\":\"ListItem\",\"position\":1,\"name\":\"Heim\",\"item\":\"https:\/\/peaksofthebalkans.info\/\"},{\"@type\":\"ListItem\",\"position\":2,\"name\":\"Lokale Guides\"}]},{\"@type\":\"WebSite\",\"@id\":\"https:\/\/peaksofthebalkans.info\/#website\",\"url\":\"https:\/\/peaksofthebalkans.info\/\",\"name\":\"Die Gipfel des Balkans\",\"description\":\"Auf dieser Website finden Sie die neuesten Informationen \u00fcber den Peaks of the Balkans Trail, GPS, F\u00fchrer, Grenzgenehmigungen und andere wichtige Informationen.\",\"publisher\":{\"@id\":\"https:\/\/peaksofthebalkans.info\/#organization\"},\"alternateName\":\"Gipfelweg des Balkans\",\"potentialAction\":[{\"@type\":\"SearchAction\",\"target\":{\"@type\":\"EntryPoint\",\"urlTemplate\":\"https:\/\/peaksofthebalkans.info\/?s={search_term_string}\"},\"query-input\":{\"@type\":\"PropertyValueSpecification\",\"valueRequired\":true,\"valueName\":\"search_term_string\"}}],\"inLanguage\":\"de\"},{\"@type\":\"Organization\",\"@id\":\"https:\/\/peaksofthebalkans.info\/#organization\",\"name\":\"Die Gipfel des Balkans\",\"url\":\"https:\/\/peaksofthebalkans.info\/\",\"logo\":{\"@type\":\"ImageObject\",\"inLanguage\":\"de\",\"@id\":\"https:\/\/peaksofthebalkans.info\/#\/schema\/logo\/image\/\",\"url\":\"https:\/\/peaksofthebalkans.info\/wp-content\/uploads\/2026\/01\/Screenshot_20190219-141246-17.jpg\",\"contentUrl\":\"https:\/\/peaksofthebalkans.info\/wp-content\/uploads\/2026\/01\/Screenshot_20190219-141246-17.jpg\",\"width\":720,\"height\":519,\"caption\":\"Die Gipfel des Balkans\"},\"image\":{\"@id\":\"https:\/\/peaksofthebalkans.info\/#\/schema\/logo\/image\/\"},\"sameAs\":[\"https:\/\/www.facebook.com\/peaksofthebalkans\/\"],\"description\":\"Peaks of the Balkans rund the trail and this is the official website of the trail\",\"foundingDate\":\"2015-01-13\",\"numberOfEmployees\":{\"@type\":\"QuantitativeValue\",\"minValue\":\"1\",\"maxValue\":\"10\"}}]}<\/script>\n<!-- \/ Yoast SEO Premium plugin. -->","yoast_head_json":{"title":"Peaks of the Balkans Lokale Reiseleiter","robots":{"index":"index","follow":"follow","max-snippet":"max-snippet:-1","max-image-preview":"max-image-preview:large","max-video-preview":"max-video-preview:-1"},"canonical":"https:\/\/peaksofthebalkans.info\/de\/lokale-fuhrer\/","og_locale":"de_DE","og_type":"article","og_title":"Lokale Guides","og_url":"https:\/\/peaksofthebalkans.info\/de\/lokale-fuhrer\/","og_site_name":"Peaks of the Balkans, Trail, Hiking Tours","article_publisher":"https:\/\/www.facebook.com\/peaksofthebalkans\/","article_modified_time":"2026-02-01T23:41:04+00:00","og_image":[{"width":1280,"height":720,"url":"https:\/\/peaksofthebalkans.info\/wp-content\/uploads\/2019\/11\/Grbaja-Valley.jpeg","type":"image\/jpeg"}],"twitter_card":"summary_large_image","schema":{"@context":"https:\/\/schema.org","@graph":[{"@type":"WebPage","@id":"https:\/\/peaksofthebalkans.info\/local-guides\/","url":"https:\/\/peaksofthebalkans.info\/local-guides\/","name":"Peaks of the Balkans Lokale Reiseleiter","isPartOf":{"@id":"https:\/\/peaksofthebalkans.info\/#website"},"datePublished":"2019-02-18T13:42:34+00:00","dateModified":"2026-02-01T23:41:04+00:00","breadcrumb":{"@id":"https:\/\/peaksofthebalkans.info\/local-guides\/#breadcrumb"},"inLanguage":"de","potentialAction":[{"@type":"ReadAction","target":["https:\/\/peaksofthebalkans.info\/local-guides\/"]}]},{"@type":"BreadcrumbList","@id":"https:\/\/peaksofthebalkans.info\/local-guides\/#breadcrumb","itemListElement":[{"@type":"ListItem","position":1,"name":"Heim","item":"https:\/\/peaksofthebalkans.info\/"},{"@type":"ListItem","position":2,"name":"Lokale Guides"}]},{"@type":"WebSite","@id":"https:\/\/peaksofthebalkans.info\/#website","url":"https:\/\/peaksofthebalkans.info\/","name":"Die Gipfel des Balkans","description":"Auf dieser Website finden Sie die neuesten Informationen \u00fcber den Peaks of the Balkans Trail, GPS, F\u00fchrer, Grenzgenehmigungen und andere wichtige Informationen.","publisher":{"@id":"https:\/\/peaksofthebalkans.info\/#organization"},"alternateName":"Gipfelweg des Balkans","potentialAction":[{"@type":"SearchAction","target":{"@type":"EntryPoint","urlTemplate":"https:\/\/peaksofthebalkans.info\/?s={search_term_string}"},"query-input":{"@type":"PropertyValueSpecification","valueRequired":true,"valueName":"search_term_string"}}],"inLanguage":"de"},{"@type":"Organization","@id":"https:\/\/peaksofthebalkans.info\/#organization","name":"Die Gipfel des Balkans","url":"https:\/\/peaksofthebalkans.info\/","logo":{"@type":"ImageObject","inLanguage":"de","@id":"https:\/\/peaksofthebalkans.info\/#\/schema\/logo\/image\/","url":"https:\/\/peaksofthebalkans.info\/wp-content\/uploads\/2026\/01\/Screenshot_20190219-141246-17.jpg","contentUrl":"https:\/\/peaksofthebalkans.info\/wp-content\/uploads\/2026\/01\/Screenshot_20190219-141246-17.jpg","width":720,"height":519,"caption":"Die Gipfel des Balkans"},"image":{"@id":"https:\/\/peaksofthebalkans.info\/#\/schema\/logo\/image\/"},"sameAs":["https:\/\/www.facebook.com\/peaksofthebalkans\/"],"description":"Peaks of the Balkans rund the trail and this is the official website of the trail","foundingDate":"2015-01-13","numberOfEmployees":{"@type":"QuantitativeValue","minValue":"1","maxValue":"10"}}]}},"_links":{"self":[{"href":"https:\/\/peaksofthebalkans.info\/de\/wp-json\/wp\/v2\/pages\/358","targetHints":{"allow":["GET"]}}],"collection":[{"href":"https:\/\/peaksofthebalkans.info\/de\/wp-json\/wp\/v2\/pages"}],"about":[{"href":"https:\/\/peaksofthebalkans.info\/de\/wp-json\/wp\/v2\/types\/page"}],"author":[{"embeddable":true,"href":"https:\/\/peaksofthebalkans.info\/de\/wp-json\/wp\/v2\/users\/1"}],"replies":[{"embeddable":true,"href":"https:\/\/peaksofthebalkans.info\/de\/wp-json\/wp\/v2\/comments?post=358"}],"version-history":[{"count":27,"href":"https:\/\/peaksofthebalkans.info\/de\/wp-json\/wp\/v2\/pages\/358\/revisions"}],"predecessor-version":[{"id":1887,"href":"https:\/\/peaksofthebalkans.info\/de\/wp-json\/wp\/v2\/pages\/358\/revisions\/1887"}],"wp:attachment":[{"href":"https:\/\/peaksofthebalkans.info\/de\/wp-json\/wp\/v2\/media?parent=358"}],"curies":[{"name":"wp","href":"https:\/\/api.w.org\/{rel}","templated":true}]}}