{"id":1088,"date":"2021-12-03T12:30:24","date_gmt":"2021-12-03T11:30:24","guid":{"rendered":"https:\/\/peaksofthebalkans.info\/?page_id=1088"},"modified":"2026-03-08T06:57:45","modified_gmt":"2026-03-08T05:57:45","slug":"contact-us","status":"publish","type":"page","link":"https:\/\/peaksofthebalkans.info\/fr\/contactez-nous\/","title":{"rendered":"Contactez-nous"},"content":{"rendered":"<section class=\"pob-contact-content\">\n    <div class=\"site-container\">\n        <div class=\"pob-contact-layout\">\n            <div class=\"pob-contact-main\">\n                <h1 class=\"translation-block\"><strong><span class=\"green-text\">INFORMATIONS<\/span><br>CONTACTEZ-NOUS<\/strong><\/h1>\n                <p>Nous sommes pr\u00eats \u00e0 vous aider \u00e0 trouver et \u00e0 planifier votre voyage d'aventure id\u00e9al, ainsi qu'\u00e0 r\u00e9soudre tout probl\u00e8me que vous pourriez rencontrer avec votre r\u00e9servation. Vous pouvez \u00e9galement parcourir les r\u00e9ponses \u00e0 nos questions les plus fr\u00e9quemment pos\u00e9es\u00a0:<\/p>\n                <p class=\"translation-block\"><span class=\"green-text\">\u2022 <a href=\"https:\/\/peaksofthebalkans.info\/fr\/faq\/\" class=\"green-link\" target=\"_self\">Demandes courantes de r\u00e9servation et de visite<\/a><\/span><\/p>\n                <div class=\"pob-contact-details\">\n                    <h5 class=\"translation-block\"><strong>Envoyez-nous un e-mail Appelez-nous<\/strong><br><br>\r\n\t\t\t\t\t\t\t<a href=\"mailto:info@peaksofthebalkans.info\" class=\"blue-link\" target=\"_self\">info@peaksofthebalkans.info<\/a> <a href=\"tel:+38349661105\" class=\"blue-link\" target=\"_self\">+383 49 661 105<\/a><\/h5>\n                <\/div>\n                <div class=\"pob-contact-form-wrapper\">\n                    <h2>Envoyez-nous un message<\/h2>\n                    <form class=\"pob-contact-form\" method=\"post\" action=\"\" data-trp-original-action=\"\">\n                        <div class=\"pob-contact-form__row\">\n                            <div class=\"pob-contact-form__field pob-contact-form__field--half\">\n                                <label for=\"name\">Nom*<\/label>\n                                <input type=\"text\" id=\"name\" name=\"name\" placeholder=\"Nom*\" required>\n                            <\/div>\n                            <div class=\"pob-contact-form__field pob-contact-form__field--half\">\n                                <label for=\"surname\">Nom*<\/label>\n                                <input type=\"text\" id=\"surname\" name=\"surname\" placeholder=\"Nom*\" required>\n                            <\/div>\n                        <\/div>\n                        <div class=\"pob-contact-form__field\">\n                            <label for=\"email\">Adresse e-mail*<\/label>\n                            <input type=\"email\" id=\"email\" name=\"email\" placeholder=\"Adresse e-mail*\" required>\n                        <\/div>\n                        <div class=\"pob-contact-form__field\">\n                            <label for=\"message\">Message*<\/label>\n                            <textarea id=\"message\" name=\"message\" placeholder=\"Message*\" rows=\"6\" required><\/textarea>\n                        <\/div>\n                        <button type=\"submit\" class=\"pob-contact-form__submit\">Soumettre<\/button>\n                    <input type=\"hidden\" name=\"trp-form-language\" value=\"fr\"\/><\/form>\n                <\/div>\n            <\/div>\n            <div class=\"pob-contact-sidebar\">\n                <div class=\"pob-contact-image\">\n                    <img decoding=\"async\" src=\"\/wp-content\/uploads\/2019\/02\/PoB_Trail.jpg\" alt=\"Sentier des sommets des Balkans\" loading=\"lazy\">\n                <\/div>\n            <\/div>\n        <\/div>\n    <\/div>\n<\/section>","protected":false},"excerpt":{"rendered":"","protected":false},"author":5,"featured_media":0,"parent":0,"menu_order":0,"comment_status":"closed","ping_status":"closed","template":"","meta":{"footnotes":""},"class_list":["post-1088","page","type-page","status-publish","hentry"],"yoast_head":"<!-- This site is optimized with the Yoast SEO Premium plugin v27.1 (Yoast SEO v27.1.1) - https:\/\/yoast.com\/product\/yoast-seo-premium-wordpress\/ -->\n<title>Contactez-nous - Sommets des Balkans<\/title>\n<meta name=\"description\" content=\"Through this page you can contact some of the best support in the Peaks of the Balkans\" \/>\n<meta name=\"robots\" content=\"index, follow, max-snippet:-1, max-image-preview:large, max-video-preview:-1\" \/>\n<link rel=\"canonical\" href=\"https:\/\/peaksofthebalkans.info\/fr\/contactez-nous\/\" \/>\n<meta property=\"og:locale\" content=\"fr_FR\" \/>\n<meta property=\"og:type\" content=\"article\" \/>\n<meta property=\"og:title\" content=\"Contactez-nous\" \/>\n<meta property=\"og:description\" content=\"Through this page you can contact some of the best support in the Peaks of the Balkans\" \/>\n<meta property=\"og:url\" content=\"https:\/\/peaksofthebalkans.info\/fr\/contactez-nous\/\" \/>\n<meta property=\"og:site_name\" content=\"Peaks of the Balkans, Trail, Hiking Tours\" \/>\n<meta property=\"article:publisher\" content=\"https:\/\/www.facebook.com\/peaksofthebalkans\/\" \/>\n<meta property=\"article:modified_time\" content=\"2026-03-08T05:57:45+00:00\" \/>\n<meta property=\"og:image\" content=\"https:\/\/peaksofthebalkans.info\/wp-content\/uploads\/2019\/11\/Grbaja-Valley.jpeg\" \/>\n\t<meta property=\"og:image:width\" content=\"1280\" \/>\n\t<meta property=\"og:image:height\" content=\"720\" \/>\n\t<meta property=\"og:image:type\" content=\"image\/jpeg\" \/>\n<meta name=\"twitter:card\" content=\"summary_large_image\" \/>\n<meta name=\"twitter:label1\" content=\"Dur\u00e9e de lecture estim\u00e9e\" \/>\n\t<meta name=\"twitter:data1\" content=\"1 minute\" \/>\n<script type=\"application\/ld+json\" class=\"yoast-schema-graph\">{\"@context\":\"https:\/\/schema.org\",\"@graph\":[{\"@type\":\"WebPage\",\"@id\":\"https:\/\/peaksofthebalkans.info\/contact-us\/\",\"url\":\"https:\/\/peaksofthebalkans.info\/contact-us\/\",\"name\":\"Contactez-nous - Sommets des Balkans\",\"isPartOf\":{\"@id\":\"https:\/\/peaksofthebalkans.info\/#website\"},\"datePublished\":\"2021-12-03T11:30:24+00:00\",\"dateModified\":\"2026-03-08T05:57:45+00:00\",\"description\":\"Through this page you can contact some of the best support in the Peaks of the Balkans\",\"breadcrumb\":{\"@id\":\"https:\/\/peaksofthebalkans.info\/contact-us\/#breadcrumb\"},\"inLanguage\":\"fr\",\"potentialAction\":[{\"@type\":\"ReadAction\",\"target\":[\"https:\/\/peaksofthebalkans.info\/contact-us\/\"]}]},{\"@type\":\"BreadcrumbList\",\"@id\":\"https:\/\/peaksofthebalkans.info\/contact-us\/#breadcrumb\",\"itemListElement\":[{\"@type\":\"ListItem\",\"position\":1,\"name\":\"Accueil\",\"item\":\"https:\/\/peaksofthebalkans.info\/\"},{\"@type\":\"ListItem\",\"position\":2,\"name\":\"Contactez-nous\"}]},{\"@type\":\"WebSite\",\"@id\":\"https:\/\/peaksofthebalkans.info\/#website\",\"url\":\"https:\/\/peaksofthebalkans.info\/\",\"name\":\"Sommets des Balkans\",\"description\":\"Sur ce site, vous pouvez trouver les derni\u00e8res informations sur le sentier des Sommets des Balkans, des GPS, des guides, des permis frontaliers et d'autres informations importantes.\",\"publisher\":{\"@id\":\"https:\/\/peaksofthebalkans.info\/#organization\"},\"alternateName\":\"Sentier des sommets des Balkans\",\"potentialAction\":[{\"@type\":\"SearchAction\",\"target\":{\"@type\":\"EntryPoint\",\"urlTemplate\":\"https:\/\/peaksofthebalkans.info\/?s={search_term_string}\"},\"query-input\":{\"@type\":\"PropertyValueSpecification\",\"valueRequired\":true,\"valueName\":\"search_term_string\"}}],\"inLanguage\":\"fr\"},{\"@type\":\"Organization\",\"@id\":\"https:\/\/peaksofthebalkans.info\/#organization\",\"name\":\"Sommets des Balkans\",\"url\":\"https:\/\/peaksofthebalkans.info\/\",\"logo\":{\"@type\":\"ImageObject\",\"inLanguage\":\"fr-FR\",\"@id\":\"https:\/\/peaksofthebalkans.info\/#\/schema\/logo\/image\/\",\"url\":\"https:\/\/peaksofthebalkans.info\/wp-content\/uploads\/2026\/01\/Screenshot_20190219-141246-17.jpg\",\"contentUrl\":\"https:\/\/peaksofthebalkans.info\/wp-content\/uploads\/2026\/01\/Screenshot_20190219-141246-17.jpg\",\"width\":720,\"height\":519,\"caption\":\"Sommets des Balkans\"},\"image\":{\"@id\":\"https:\/\/peaksofthebalkans.info\/#\/schema\/logo\/image\/\"},\"sameAs\":[\"https:\/\/www.facebook.com\/peaksofthebalkans\/\"],\"description\":\"Les sommets des Balkans parcourent le sentier et voici le site officiel du sentier\",\"foundingDate\":\"2015-01-13\",\"numberOfEmployees\":{\"@type\":\"QuantitativeValue\",\"minValue\":\"1\",\"maxValue\":\"10\"}}]}<\/script>\n<!-- \/ Yoast SEO Premium plugin. -->","yoast_head_json":{"title":"Contactez-nous - Sommets des Balkans","description":"Through this page you can contact some of the best support in the Peaks of the Balkans","robots":{"index":"index","follow":"follow","max-snippet":"max-snippet:-1","max-image-preview":"max-image-preview:large","max-video-preview":"max-video-preview:-1"},"canonical":"https:\/\/peaksofthebalkans.info\/fr\/contactez-nous\/","og_locale":"fr_FR","og_type":"article","og_title":"Contactez-nous","og_description":"Through this page you can contact some of the best support in the Peaks of the Balkans","og_url":"https:\/\/peaksofthebalkans.info\/fr\/contactez-nous\/","og_site_name":"Peaks of the Balkans, Trail, Hiking Tours","article_publisher":"https:\/\/www.facebook.com\/peaksofthebalkans\/","article_modified_time":"2026-03-08T05:57:45+00:00","og_image":[{"width":1280,"height":720,"url":"https:\/\/peaksofthebalkans.info\/wp-content\/uploads\/2019\/11\/Grbaja-Valley.jpeg","type":"image\/jpeg"}],"twitter_card":"summary_large_image","twitter_misc":{"Dur\u00e9e de lecture estim\u00e9e":"1 minute"},"schema":{"@context":"https:\/\/schema.org","@graph":[{"@type":"WebPage","@id":"https:\/\/peaksofthebalkans.info\/contact-us\/","url":"https:\/\/peaksofthebalkans.info\/contact-us\/","name":"Contactez-nous - Sommets des Balkans","isPartOf":{"@id":"https:\/\/peaksofthebalkans.info\/#website"},"datePublished":"2021-12-03T11:30:24+00:00","dateModified":"2026-03-08T05:57:45+00:00","description":"Through this page you can contact some of the best support in the Peaks of the Balkans","breadcrumb":{"@id":"https:\/\/peaksofthebalkans.info\/contact-us\/#breadcrumb"},"inLanguage":"fr","potentialAction":[{"@type":"ReadAction","target":["https:\/\/peaksofthebalkans.info\/contact-us\/"]}]},{"@type":"BreadcrumbList","@id":"https:\/\/peaksofthebalkans.info\/contact-us\/#breadcrumb","itemListElement":[{"@type":"ListItem","position":1,"name":"Accueil","item":"https:\/\/peaksofthebalkans.info\/"},{"@type":"ListItem","position":2,"name":"Contactez-nous"}]},{"@type":"WebSite","@id":"https:\/\/peaksofthebalkans.info\/#website","url":"https:\/\/peaksofthebalkans.info\/","name":"Sommets des Balkans","description":"Sur ce site, vous pouvez trouver les derni\u00e8res informations sur le sentier des Sommets des Balkans, des GPS, des guides, des permis frontaliers et d'autres informations importantes.","publisher":{"@id":"https:\/\/peaksofthebalkans.info\/#organization"},"alternateName":"Sentier des sommets des Balkans","potentialAction":[{"@type":"SearchAction","target":{"@type":"EntryPoint","urlTemplate":"https:\/\/peaksofthebalkans.info\/?s={search_term_string}"},"query-input":{"@type":"PropertyValueSpecification","valueRequired":true,"valueName":"search_term_string"}}],"inLanguage":"fr"},{"@type":"Organization","@id":"https:\/\/peaksofthebalkans.info\/#organization","name":"Sommets des Balkans","url":"https:\/\/peaksofthebalkans.info\/","logo":{"@type":"ImageObject","inLanguage":"fr-FR","@id":"https:\/\/peaksofthebalkans.info\/#\/schema\/logo\/image\/","url":"https:\/\/peaksofthebalkans.info\/wp-content\/uploads\/2026\/01\/Screenshot_20190219-141246-17.jpg","contentUrl":"https:\/\/peaksofthebalkans.info\/wp-content\/uploads\/2026\/01\/Screenshot_20190219-141246-17.jpg","width":720,"height":519,"caption":"Sommets des Balkans"},"image":{"@id":"https:\/\/peaksofthebalkans.info\/#\/schema\/logo\/image\/"},"sameAs":["https:\/\/www.facebook.com\/peaksofthebalkans\/"],"description":"Les sommets des Balkans parcourent le sentier et voici le site officiel du sentier","foundingDate":"2015-01-13","numberOfEmployees":{"@type":"QuantitativeValue","minValue":"1","maxValue":"10"}}]}},"_links":{"self":[{"href":"https:\/\/peaksofthebalkans.info\/fr\/wp-json\/wp\/v2\/pages\/1088","targetHints":{"allow":["GET"]}}],"collection":[{"href":"https:\/\/peaksofthebalkans.info\/fr\/wp-json\/wp\/v2\/pages"}],"about":[{"href":"https:\/\/peaksofthebalkans.info\/fr\/wp-json\/wp\/v2\/types\/page"}],"author":[{"embeddable":true,"href":"https:\/\/peaksofthebalkans.info\/fr\/wp-json\/wp\/v2\/users\/5"}],"replies":[{"embeddable":true,"href":"https:\/\/peaksofthebalkans.info\/fr\/wp-json\/wp\/v2\/comments?post=1088"}],"version-history":[{"count":36,"href":"https:\/\/peaksofthebalkans.info\/fr\/wp-json\/wp\/v2\/pages\/1088\/revisions"}],"predecessor-version":[{"id":1883,"href":"https:\/\/peaksofthebalkans.info\/fr\/wp-json\/wp\/v2\/pages\/1088\/revisions\/1883"}],"wp:attachment":[{"href":"https:\/\/peaksofthebalkans.info\/fr\/wp-json\/wp\/v2\/media?parent=1088"}],"curies":[{"name":"wp","href":"https:\/\/api.w.org\/{rel}","templated":true}]}}