{"id":1283,"date":"2022-01-04T12:02:20","date_gmt":"2022-01-04T11:02:20","guid":{"rendered":"https:\/\/peaksofthebalkans.info\/?page_id=1283"},"modified":"2026-03-08T07:21:30","modified_gmt":"2026-03-08T06:21:30","slug":"peaks-of-the-balkans-self-guided-tour-5-days","status":"publish","type":"page","link":"https:\/\/peaksofthebalkans.info\/fr\/visite-libre-des-sommets-des-balkans-5-jours\/","title":{"rendered":"Sommets des Balkans | Visite libre 5 jours"},"content":{"rendered":"<h1><span style=\"color: #008000\"><strong>Aper\u00e7u<\/strong><\/span><\/h1>\n<p style=\"text-align: justify\"><span style=\"color: #000000\">Profitez de cinq jours dans les sommets des Balkans lors d'une visite autoguid\u00e9e visitant les principaux points forts du nord de l'Albanie. Le circuit comprend deux villages principaux du circuit, Theth, \u00e0 majorit\u00e9 catholique romaine, et Valbona, un village \u00e0 majorit\u00e9 musulmane. Les deux sont divis\u00e9s par Qafa e Valbones. Bien que proches les uns des autres, ces villages \u00e0 l\u2019\u00e9poque ottomane avaient des centres de gravit\u00e9 diff\u00e9rents. Valbona \u00e9tait davantage li\u00e9e \u00e0 Gjakova au Kosovo tandis que Theth \u00e0 Shkod\u00ebr en Albanie.\u00a0<\/span><\/p>\n<p>&nbsp;<\/p>\n<h2><span style=\"color: #000000\">Itin\u00e9raire<\/span><\/h2>\n<p><span style=\"color: #000000\"><\/span><\/p>\n<h5><strong><span style=\"color: #000000\">Jour 1 : Arriv\u00e9e \u00e0 Shkodra<\/span><\/strong><\/h5>\n<p style=\"text-align: justify\"><span style=\"color: #000000\">La visite comprend la premi\u00e8re nuit \u00e0 Shkoder apr\u00e8s votre arriv\u00e9e en Albanie. Vous pouvez profiter de cette journ\u00e9e pour profiter de la richesse de l\u2019offre culturelle de Shkoder.<\/span><\/p>\n<p><span style=\"color: #000000\"><\/span><\/p>\n<h5><strong><span style=\"color: #000000\">Jour 2\u00a0:\u00a0Shkoder \u2013 Valbone \u00e0 travers le lac Komani\u00a0<\/span><\/strong><\/h5>\n<p style=\"text-align: justify\"><span style=\"color: #000000\">Un v\u00e9hicule public viendra vous chercher et vous conduira au village de Koman. Apr\u00e8s le bus, vous prenez le bateau pour traverser le magnifique lac entour\u00e9 des parois rocheuses des Montagnes Maudites. Votre route longera la rivi\u00e8re de Valbona, caract\u00e9ris\u00e9e par des couleurs vertes et des eaux blanches cr\u00e9\u00e9es par la collision de l'eau avec les rochers.\u00a0<\/span><\/p>\n<p style=\"text-align: justify\"><img loading=\"lazy\" decoding=\"async\" src=\"https:\/\/peaksofthebalkans.info\/wp-content\/uploads\/2021\/12\/Lake_Koman_800x800-1.jpg\" width=\"800\" height=\"800\" alt=\"Lac Koman\" class=\"wp-image-1295 alignnone size-full\" srcset=\"https:\/\/peaksofthebalkans.info\/wp-content\/uploads\/2021\/12\/Lake_Koman_800x800-1.jpg 800w, https:\/\/peaksofthebalkans.info\/wp-content\/uploads\/2021\/12\/Lake_Koman_800x800-1-300x300.jpg 300w, https:\/\/peaksofthebalkans.info\/wp-content\/uploads\/2021\/12\/Lake_Koman_800x800-1-150x150.jpg 150w, https:\/\/peaksofthebalkans.info\/wp-content\/uploads\/2021\/12\/Lake_Koman_800x800-1-768x768.jpg 768w\" sizes=\"auto, (max-width: 800px) 100vw, 800px\" \/><\/p>\n<h5><strong><span style=\"color: #000000\">Jour 3 : Randonn\u00e9e Valbone \u2013 Pic Rosi\u00a0<\/span><\/strong><\/h5>\n<p style=\"text-align: justify\" class=\"translation-block\"><span style=\"color: #000000\">La promenade de Valbona \u00e0 Maja Rosit ou Rosin Vrh traverse le village \u00e0 moiti\u00e9 d\u00e9sert de Kukaj. Cette partie est une piste tr\u00e8s agr\u00e9able et facile et au milieu de l'\u00e9t\u00e9, vous pouvez vous arr\u00eater dans quelques maisons du village pour prendre un verre de lait ou de th\u00e9. Le sentier serpente \u00e0 travers le canyon sur plusieurs kilom\u00e8tres et se poursuit par une randonn\u00e9e raide. Le sommet du Rosi, culminant \u00e0 2 523 m\u00e8tres, se situe \u00e0 la fronti\u00e8re entre l'Albanie et le Mont\u00e9n\u00e9gro et offre une vue imprenable sur les deux pays. La montagne Rosi est particuli\u00e8rement int\u00e9ressante pour les botanistes car de nombreuses fleurs telles que le lys albanais end\u00e9mique <a href=\"https:\/\/sq.wikipedia.org\/wiki\/Zambaku_shqiptar\" target=\"_self\">(Lilium albanicum),<\/a> des orchid\u00e9es et bien d'autres peuvent y \u00eatre trouv\u00e9es.<\/span><\/p>\n<p><span style=\"color: #000000\">Distance\u00a0: 17,8\u00a0km,\u00a0 \u00a0\u2191 1\u00a0378\u00a0m\u00a0 \u00a0\u21931594\u00a0m<\/span><\/p>\n<p><span style=\"color: #000000\"><\/span><\/p>\n<p><span style=\"color: #000000\"><\/span><\/p>\n<h5><strong><span style=\"color: #000000\">Jour 4 : Randonn\u00e9e Valbone \u2013 Theth\u00a0<\/span><\/strong><\/h5>\n<p style=\"text-align: justify\" class=\"translation-block\"><span style=\"color: #000000\">Aujourd'hui, vous ferez l'une des randonn\u00e9es les plus embl\u00e9matiques d'Albanie depuis la ville de Valbona (995 m) en passant par le col de Valbona (1 759 m) jusqu'\u00e0 <a href=\"https:\/\/peaksofthebalkans.info\/fr\/theth-albania\/\" target=\"_self\">Theth<\/a> (728 m). Cet itin\u00e9raire de 20 kilom\u00e8tres suit le trac\u00e9 d'un ancien chemin muletier reliant les r\u00e9gions tribales de Shala et Nikaj.<\/span><\/p>\n<p style=\"text-align: justify\"><span style=\"color: #000000\"><span>Distance\u00a0: 19,5\u00a0km,\u00a0 \u00a0\u2191 850\u00a0m\u00a0 \u21931068\u00a0m<\/span><\/span><\/p>\n<p style=\"text-align: justify\"><img loading=\"lazy\" decoding=\"async\" src=\"https:\/\/peaksofthebalkans.info\/wp-content\/uploads\/2021\/12\/Thethi-1024x561.jpg\" width=\"1024\" height=\"561\" alt=\"Village de Thethi, sommets des Balkans\" class=\"wp-image-1296 alignnone size-large\" srcset=\"https:\/\/peaksofthebalkans.info\/wp-content\/uploads\/2021\/12\/Thethi-1024x561.jpg 1024w, https:\/\/peaksofthebalkans.info\/wp-content\/uploads\/2021\/12\/Thethi-300x164.jpg 300w, https:\/\/peaksofthebalkans.info\/wp-content\/uploads\/2021\/12\/Thethi-768x421.jpg 768w, https:\/\/peaksofthebalkans.info\/wp-content\/uploads\/2021\/12\/Thethi-1536x841.jpg 1536w, https:\/\/peaksofthebalkans.info\/wp-content\/uploads\/2021\/12\/Thethi-1080x592.jpg 1080w, https:\/\/peaksofthebalkans.info\/wp-content\/uploads\/2021\/12\/Thethi.jpg 1800w\" sizes=\"auto, (max-width: 1024px) 100vw, 1024px\" \/><\/p>\n<p style=\"text-align: justify\"><span style=\"color: #000000\"><\/span><\/p>\n<h5><strong><span style=\"color: #000000\">Jour 5 : Randonn\u00e9e Theth \u2013 Nderlyse \u2013 Blue Eye\u00a0<\/span><\/strong><\/h5>\n<p style=\"text-align: justify\"><span style=\"color: #000000\">Un village perdu lointain est devenu l'\u00e9picentre des visiteurs tout en pr\u00e9servant l'architecture et la nature.\u00a0\u00a0Le village poss\u00e8de encore le Kulla et d'autres b\u00e2timents datant du Moyen \u00c2ge. Le village est 100 pour cent catholique et poss\u00e8de la structure la plus unique au monde. Kulla e Ngujimit, qui est un b\u00e2timent en pierre de trois \u00e9tages sans fen\u00eatres. Vous passerez cette journ\u00e9e \u00e0 marcher dans le village en direction des cascades et des \u00ab baignoires \u00bb cr\u00e9\u00e9es naturellement par la rivi\u00e8re Shala. C'est une promenade relaxante pleine de culture et de beaut\u00e9s naturelles. Bien que la randonn\u00e9e soit assez longue, elle n'est pas difficile car vous marcherez sur un sentier comportant peu de mont\u00e9es\/descentes. D\u00e8s la fin du sentier, vous serez pris en charge et transf\u00e9r\u00e9 \u00e0 Shkoder.\u00a0<\/span><\/p>\n<p style=\"text-align: justify\"><span style=\"color: #000000\"><span>Distance\u00a0: 11,5\u00a0km,\u00a0 \u00a0\u2191 266\u00a0m\u00a0 \u00a0\u2193 435\u00a0m<\/span><\/span><\/p>\n<p style=\"text-align: justify\"><span style=\"color: #000000\"><span><\/span><\/span><\/p>\n<p><span style=\"color: #800080\"><strong><\/strong><\/span><\/p>\n<p>&nbsp;<\/p>\n<h3>Inclus<\/h3>\n<ul>\n<li><span>Traces GPS \u00e0 utiliser via une application pour smartphone ou sur votre propre appareil GPS<\/span><\/li>\n<li>H\u00e9bergement pour 5 nuits en h\u00f4tel, pension et refuges de montagne. A la montagne, les chambres sont partag\u00e9es<\/li>\n<li>Transferts depuis et vers Shkodra<\/li>\n<li>5 petits d\u00e9jeuners, 4 d\u00e9jeuners, 3 d\u00eeners<\/li>\n<li>Notre bureau\/repr\u00e9sentant local fournit un service client 24h\/24 et 7j\/7.<\/li>\n<\/ul>\n<p>&nbsp;<\/p>\n<h3>Exclus<\/h3>\n<ul>\n<li><span>Transfert de bagages (peut \u00eatre propos\u00e9 sur demande)<\/span><\/li>\n<li><span>Prise en charge et retour \u00e0 l'a\u00e9roport (peuvent \u00eatre fournis sur demande)<\/span><\/li>\n<li><span>Assurance voyage (doit \u00eatre assur\u00e9e par les voyageurs)<\/span><\/li>\n<\/ul>\n<h5><span><strong><\/strong><\/span><\/h5>\n<p><span><strong><\/strong><\/span><\/p>\n<p><span><strong><\/strong><\/span><\/p>\n<h5 class=\"translation-block\"><span><strong>Pays\u00a0: <\/strong>Albanie\u00a0 \u00a0 \u00a0 \u00a0<span style=\"color: #800080\"> |<\/span>\u00a0\u00a0<strong>Dur\u00e9e\u00a0:\u00a05\u00a0<\/strong>jours<strong><br> <\/strong><\/span><\/h5>\n<h5 class=\"translation-block\"><span><strong>Activit\u00e9\u00a0:<\/strong> Randonn\u00e9e\u00a0 \u00a0 \u00a0 \u00a0 \u00a0 \u00a0<span style=\"color: #800080\">|<\/span>\u00a0\u00a0<strong>Style de voyage\u00a0:<\/strong>\u00a0Autoguid\u00e9<br> <\/span><\/h5>\n<h5 class=\"translation-block\"><span><strong>Difficult\u00e9\u00a0: <\/strong>Mod\u00e9r\u00e9e\u00a0 <span style=\"color: #800080\">|\u00a0\u00a0<\/span><strong>Disponibilit\u00e9\u00a0: <\/strong>Juin \u2013 octobre<\/span><\/h5>\n<p>&nbsp;<\/p>\n\n\n<p><a href=\"https:\/\/bnadventure.com\/products\/5-days-self-guided-peaks-of-the-balkans\/\">Cliquez ici pour votre r\u00e9servation<\/a><\/p>","protected":false},"excerpt":{"rendered":"<p>En bref Profitez de cinq jours dans les sommets des Balkans lors d'une visite autoguid\u00e9e visitant les principaux points forts du nord de l'Albanie. [\u2026]<\/p>","protected":false},"author":5,"featured_media":0,"parent":0,"menu_order":0,"comment_status":"closed","ping_status":"closed","template":"","meta":{"footnotes":""},"class_list":["post-1283","page","type-page","status-publish","hentry"],"yoast_head":"<!-- This site is optimized with the Yoast SEO Premium plugin v27.1 (Yoast SEO v27.1.1) - https:\/\/yoast.com\/product\/yoast-seo-premium-wordpress\/ -->\n<title>Sommets des Balkans \u2013 Visite autoguid\u00e9e de 5 jours<\/title>\n<meta name=\"description\" content=\"D\u00e9couvrez les sommets des Balkans lors d&#039;une visite autoguid\u00e9e de 5 jours, parcourez des sentiers panoramiques et visitez des villages traditionnels \u00e0 votre rythme.\" \/>\n<meta name=\"robots\" content=\"index, follow, max-snippet:-1, max-image-preview:large, max-video-preview:-1\" \/>\n<link rel=\"canonical\" href=\"https:\/\/peaksofthebalkans.info\/fr\/visite-libre-des-sommets-des-balkans-5-jours\/\" \/>\n<meta property=\"og:locale\" content=\"fr_FR\" \/>\n<meta property=\"og:type\" content=\"article\" \/>\n<meta property=\"og:title\" content=\"Sommets des Balkans | Visite libre 5 jours\" \/>\n<meta property=\"og:description\" content=\"D\u00e9couvrez les sommets des Balkans lors d&#039;une visite autoguid\u00e9e de 5 jours, parcourez des sentiers panoramiques et visitez des villages traditionnels \u00e0 votre rythme.\" \/>\n<meta property=\"og:url\" content=\"https:\/\/peaksofthebalkans.info\/fr\/visite-libre-des-sommets-des-balkans-5-jours\/\" \/>\n<meta property=\"og:site_name\" content=\"Peaks of the Balkans, Trail, Hiking Tours\" \/>\n<meta property=\"article:publisher\" content=\"https:\/\/www.facebook.com\/peaksofthebalkans\/\" \/>\n<meta property=\"article:modified_time\" content=\"2026-03-08T06:21:30+00:00\" \/>\n<meta property=\"og:image\" content=\"https:\/\/peaksofthebalkans.info\/wp-content\/uploads\/2021\/12\/Lake_Koman_800x800-1.jpg\" \/>\n\t<meta property=\"og:image:width\" content=\"800\" \/>\n\t<meta property=\"og:image:height\" content=\"800\" \/>\n\t<meta property=\"og:image:type\" content=\"image\/jpeg\" \/>\n<meta name=\"twitter:card\" content=\"summary_large_image\" \/>\n<meta name=\"twitter:label1\" content=\"Dur\u00e9e de lecture estim\u00e9e\" \/>\n\t<meta name=\"twitter:data1\" content=\"4 minutes\" \/>\n<script type=\"application\/ld+json\" class=\"yoast-schema-graph\">{\"@context\":\"https:\/\/schema.org\",\"@graph\":[{\"@type\":\"WebPage\",\"@id\":\"https:\/\/peaksofthebalkans.info\/peaks-of-the-balkans-self-guided-tour-5-days\/\",\"url\":\"https:\/\/peaksofthebalkans.info\/peaks-of-the-balkans-self-guided-tour-5-days\/\",\"name\":\"Sommets des Balkans \u2013 Visite autoguid\u00e9e de 5 jours\",\"isPartOf\":{\"@id\":\"https:\/\/peaksofthebalkans.info\/#website\"},\"primaryImageOfPage\":{\"@id\":\"https:\/\/peaksofthebalkans.info\/peaks-of-the-balkans-self-guided-tour-5-days\/#primaryimage\"},\"image\":{\"@id\":\"https:\/\/peaksofthebalkans.info\/peaks-of-the-balkans-self-guided-tour-5-days\/#primaryimage\"},\"thumbnailUrl\":\"https:\/\/peaksofthebalkans.info\/wp-content\/uploads\/2021\/12\/Lake_Koman_800x800-1.jpg\",\"datePublished\":\"2022-01-04T11:02:20+00:00\",\"dateModified\":\"2026-03-08T06:21:30+00:00\",\"description\":\"D\u00e9couvrez les sommets des Balkans lors d'une visite autoguid\u00e9e de 5 jours, parcourez des sentiers panoramiques et visitez des villages traditionnels \u00e0 votre rythme.\",\"breadcrumb\":{\"@id\":\"https:\/\/peaksofthebalkans.info\/peaks-of-the-balkans-self-guided-tour-5-days\/#breadcrumb\"},\"inLanguage\":\"fr\",\"potentialAction\":[{\"@type\":\"ReadAction\",\"target\":[\"https:\/\/peaksofthebalkans.info\/peaks-of-the-balkans-self-guided-tour-5-days\/\"]}]},{\"@type\":\"ImageObject\",\"inLanguage\":\"fr\",\"@id\":\"https:\/\/peaksofthebalkans.info\/peaks-of-the-balkans-self-guided-tour-5-days\/#primaryimage\",\"url\":\"https:\/\/peaksofthebalkans.info\/wp-content\/uploads\/2021\/12\/Lake_Koman_800x800-1.jpg\",\"contentUrl\":\"https:\/\/peaksofthebalkans.info\/wp-content\/uploads\/2021\/12\/Lake_Koman_800x800-1.jpg\"},{\"@type\":\"BreadcrumbList\",\"@id\":\"https:\/\/peaksofthebalkans.info\/peaks-of-the-balkans-self-guided-tour-5-days\/#breadcrumb\",\"itemListElement\":[{\"@type\":\"ListItem\",\"position\":1,\"name\":\"Accueil\",\"item\":\"https:\/\/peaksofthebalkans.info\/\"},{\"@type\":\"ListItem\",\"position\":2,\"name\":\"Sommets des Balkans | Visite libre 5 jours\"}]},{\"@type\":\"WebSite\",\"@id\":\"https:\/\/peaksofthebalkans.info\/#website\",\"url\":\"https:\/\/peaksofthebalkans.info\/\",\"name\":\"Sommets des Balkans\",\"description\":\"Sur ce site, vous pouvez trouver les derni\u00e8res informations sur le sentier des Sommets des Balkans, des GPS, des guides, des permis frontaliers et d'autres informations importantes.\",\"publisher\":{\"@id\":\"https:\/\/peaksofthebalkans.info\/#organization\"},\"alternateName\":\"Sentier des sommets des Balkans\",\"potentialAction\":[{\"@type\":\"SearchAction\",\"target\":{\"@type\":\"EntryPoint\",\"urlTemplate\":\"https:\/\/peaksofthebalkans.info\/?s={search_term_string}\"},\"query-input\":{\"@type\":\"PropertyValueSpecification\",\"valueRequired\":true,\"valueName\":\"search_term_string\"}}],\"inLanguage\":\"fr\"},{\"@type\":\"Organization\",\"@id\":\"https:\/\/peaksofthebalkans.info\/#organization\",\"name\":\"Sommets des Balkans\",\"url\":\"https:\/\/peaksofthebalkans.info\/\",\"logo\":{\"@type\":\"ImageObject\",\"inLanguage\":\"fr-FR\",\"@id\":\"https:\/\/peaksofthebalkans.info\/#\/schema\/logo\/image\/\",\"url\":\"https:\/\/peaksofthebalkans.info\/wp-content\/uploads\/2026\/01\/Screenshot_20190219-141246-17.jpg\",\"contentUrl\":\"https:\/\/peaksofthebalkans.info\/wp-content\/uploads\/2026\/01\/Screenshot_20190219-141246-17.jpg\",\"width\":720,\"height\":519,\"caption\":\"Sommets des Balkans\"},\"image\":{\"@id\":\"https:\/\/peaksofthebalkans.info\/#\/schema\/logo\/image\/\"},\"sameAs\":[\"https:\/\/www.facebook.com\/peaksofthebalkans\/\"],\"description\":\"Les sommets des Balkans parcourent le sentier et voici le site officiel du sentier\",\"foundingDate\":\"2015-01-13\",\"numberOfEmployees\":{\"@type\":\"QuantitativeValue\",\"minValue\":\"1\",\"maxValue\":\"10\"}}]}<\/script>\n<!-- \/ Yoast SEO Premium plugin. -->","yoast_head_json":{"title":"Sommets des Balkans \u2013 Visite autoguid\u00e9e de 5 jours","description":"D\u00e9couvrez les sommets des Balkans lors d'une visite autoguid\u00e9e de 5 jours, parcourez des sentiers panoramiques et visitez des villages traditionnels \u00e0 votre rythme.","robots":{"index":"index","follow":"follow","max-snippet":"max-snippet:-1","max-image-preview":"max-image-preview:large","max-video-preview":"max-video-preview:-1"},"canonical":"https:\/\/peaksofthebalkans.info\/fr\/visite-libre-des-sommets-des-balkans-5-jours\/","og_locale":"fr_FR","og_type":"article","og_title":"Sommets des Balkans | Visite libre 5 jours","og_description":"D\u00e9couvrez les sommets des Balkans lors d'une visite autoguid\u00e9e de 5 jours, parcourez des sentiers panoramiques et visitez des villages traditionnels \u00e0 votre rythme.","og_url":"https:\/\/peaksofthebalkans.info\/fr\/visite-libre-des-sommets-des-balkans-5-jours\/","og_site_name":"Peaks of the Balkans, Trail, Hiking Tours","article_publisher":"https:\/\/www.facebook.com\/peaksofthebalkans\/","article_modified_time":"2026-03-08T06:21:30+00:00","og_image":[{"width":800,"height":800,"url":"https:\/\/peaksofthebalkans.info\/wp-content\/uploads\/2021\/12\/Lake_Koman_800x800-1.jpg","type":"image\/jpeg"}],"twitter_card":"summary_large_image","twitter_misc":{"Dur\u00e9e de lecture estim\u00e9e":"4 minutes"},"schema":{"@context":"https:\/\/schema.org","@graph":[{"@type":"WebPage","@id":"https:\/\/peaksofthebalkans.info\/peaks-of-the-balkans-self-guided-tour-5-days\/","url":"https:\/\/peaksofthebalkans.info\/peaks-of-the-balkans-self-guided-tour-5-days\/","name":"Sommets des Balkans \u2013 Visite autoguid\u00e9e de 5 jours","isPartOf":{"@id":"https:\/\/peaksofthebalkans.info\/#website"},"primaryImageOfPage":{"@id":"https:\/\/peaksofthebalkans.info\/peaks-of-the-balkans-self-guided-tour-5-days\/#primaryimage"},"image":{"@id":"https:\/\/peaksofthebalkans.info\/peaks-of-the-balkans-self-guided-tour-5-days\/#primaryimage"},"thumbnailUrl":"https:\/\/peaksofthebalkans.info\/wp-content\/uploads\/2021\/12\/Lake_Koman_800x800-1.jpg","datePublished":"2022-01-04T11:02:20+00:00","dateModified":"2026-03-08T06:21:30+00:00","description":"D\u00e9couvrez les sommets des Balkans lors d'une visite autoguid\u00e9e de 5 jours, parcourez des sentiers panoramiques et visitez des villages traditionnels \u00e0 votre rythme.","breadcrumb":{"@id":"https:\/\/peaksofthebalkans.info\/peaks-of-the-balkans-self-guided-tour-5-days\/#breadcrumb"},"inLanguage":"fr","potentialAction":[{"@type":"ReadAction","target":["https:\/\/peaksofthebalkans.info\/peaks-of-the-balkans-self-guided-tour-5-days\/"]}]},{"@type":"ImageObject","inLanguage":"fr","@id":"https:\/\/peaksofthebalkans.info\/peaks-of-the-balkans-self-guided-tour-5-days\/#primaryimage","url":"https:\/\/peaksofthebalkans.info\/wp-content\/uploads\/2021\/12\/Lake_Koman_800x800-1.jpg","contentUrl":"https:\/\/peaksofthebalkans.info\/wp-content\/uploads\/2021\/12\/Lake_Koman_800x800-1.jpg"},{"@type":"BreadcrumbList","@id":"https:\/\/peaksofthebalkans.info\/peaks-of-the-balkans-self-guided-tour-5-days\/#breadcrumb","itemListElement":[{"@type":"ListItem","position":1,"name":"Accueil","item":"https:\/\/peaksofthebalkans.info\/"},{"@type":"ListItem","position":2,"name":"Sommets des Balkans | Visite libre 5 jours"}]},{"@type":"WebSite","@id":"https:\/\/peaksofthebalkans.info\/#website","url":"https:\/\/peaksofthebalkans.info\/","name":"Sommets des Balkans","description":"Sur ce site, vous pouvez trouver les derni\u00e8res informations sur le sentier des Sommets des Balkans, des GPS, des guides, des permis frontaliers et d'autres informations importantes.","publisher":{"@id":"https:\/\/peaksofthebalkans.info\/#organization"},"alternateName":"Sentier des sommets des Balkans","potentialAction":[{"@type":"SearchAction","target":{"@type":"EntryPoint","urlTemplate":"https:\/\/peaksofthebalkans.info\/?s={search_term_string}"},"query-input":{"@type":"PropertyValueSpecification","valueRequired":true,"valueName":"search_term_string"}}],"inLanguage":"fr"},{"@type":"Organization","@id":"https:\/\/peaksofthebalkans.info\/#organization","name":"Sommets des Balkans","url":"https:\/\/peaksofthebalkans.info\/","logo":{"@type":"ImageObject","inLanguage":"fr-FR","@id":"https:\/\/peaksofthebalkans.info\/#\/schema\/logo\/image\/","url":"https:\/\/peaksofthebalkans.info\/wp-content\/uploads\/2026\/01\/Screenshot_20190219-141246-17.jpg","contentUrl":"https:\/\/peaksofthebalkans.info\/wp-content\/uploads\/2026\/01\/Screenshot_20190219-141246-17.jpg","width":720,"height":519,"caption":"Sommets des Balkans"},"image":{"@id":"https:\/\/peaksofthebalkans.info\/#\/schema\/logo\/image\/"},"sameAs":["https:\/\/www.facebook.com\/peaksofthebalkans\/"],"description":"Les sommets des Balkans parcourent le sentier et voici le site officiel du sentier","foundingDate":"2015-01-13","numberOfEmployees":{"@type":"QuantitativeValue","minValue":"1","maxValue":"10"}}]}},"_links":{"self":[{"href":"https:\/\/peaksofthebalkans.info\/fr\/wp-json\/wp\/v2\/pages\/1283","targetHints":{"allow":["GET"]}}],"collection":[{"href":"https:\/\/peaksofthebalkans.info\/fr\/wp-json\/wp\/v2\/pages"}],"about":[{"href":"https:\/\/peaksofthebalkans.info\/fr\/wp-json\/wp\/v2\/types\/page"}],"author":[{"embeddable":true,"href":"https:\/\/peaksofthebalkans.info\/fr\/wp-json\/wp\/v2\/users\/5"}],"replies":[{"embeddable":true,"href":"https:\/\/peaksofthebalkans.info\/fr\/wp-json\/wp\/v2\/comments?post=1283"}],"version-history":[{"count":23,"href":"https:\/\/peaksofthebalkans.info\/fr\/wp-json\/wp\/v2\/pages\/1283\/revisions"}],"predecessor-version":[{"id":2159,"href":"https:\/\/peaksofthebalkans.info\/fr\/wp-json\/wp\/v2\/pages\/1283\/revisions\/2159"}],"wp:attachment":[{"href":"https:\/\/peaksofthebalkans.info\/fr\/wp-json\/wp\/v2\/media?parent=1283"}],"curies":[{"name":"wp","href":"https:\/\/api.w.org\/{rel}","templated":true}]}}