{"id":1345,"date":"2022-01-05T14:28:59","date_gmt":"2022-01-05T13:28:59","guid":{"rendered":"https:\/\/peaksofthebalkans.info\/?page_id=1345"},"modified":"2026-03-08T07:19:46","modified_gmt":"2026-03-08T06:19:46","slug":"peaks-of-the-balkans-self-guided-tour-6-days","status":"publish","type":"page","link":"https:\/\/peaksofthebalkans.info\/fr\/peaks-of-the-balkans-self-guided-tour-6-days\/","title":{"rendered":"Sommets des Balkans | Visite libre 6 jours"},"content":{"rendered":"<h1><span style=\"color: #008000;\"><strong>Aper\u00e7u<\/strong><\/span><\/h1>\n<p style=\"text-align: justify;\" class=\"translation-block\"><span style=\"color: #000000\">Rejoignez-nous pour ce voyage autoguid\u00e9 de 6 jours sur les <a href=\"https:\/\/bnadventure.com\/peaks-of-the-balkans-trail\/\" target=\"_self\">Pics des Balkans<\/a>.\u00a0Des sites du patrimoine naturel et culturel, des gens et des traditions, ainsi que des paysages naturels et une nature sauvage se trouvent tous le long des routes qui traversent ces montagnes.<\/span><\/p>\n<p>\u00a0<\/p>\n<h2><span style=\"color: #000000;\">Itin\u00e9raire<\/span><\/h2>\n<p>\u00a0<\/p>\n<h5><strong>Jour 1 : Arriv\u00e9e \u00e0 Shkodra<\/strong><\/h5>\n<p class=\"translation-block\"><span style=\"color: #000000\">La visite comprend la premi\u00e8re nuit \u00e0 <a href=\"https:\/\/bnadventure.com\/shkodra-one-day-city-visit\/\" target=\"_self\">Shkodra<\/a> apr\u00e8s votre arriv\u00e9e en Albanie. Vous pouvez profiter de cette journ\u00e9e pour profiter de la richesse de l'offre culturelle de Shkodra.<\/span><\/p>\n<p>\u00a0<\/p>\n<h5><strong>Jour 2\u00a0:\u00a0Transfert \u00e0 Theth. Randonn\u00e9e Theth \u2013 Nderlyse \u2013 Theth<\/strong><\/h5>\n<p style=\"text-align: justify;\" class=\"translation-block\"><span style=\"color: #000000\">Le village de <a href=\"https:\/\/bnadventure.com\/theth-albania\/\" target=\"_self\">Theth<\/a> est l'un des endroits les plus pittoresques du nord de l'Albanie. Pr\u00e9serv\u00e9 par une nature sauvage et des routes en tr\u00e8s mauvais \u00e9tat, le village poss\u00e8de encore la Kulla et d'autres b\u00e2timents datant du Moyen \u00c2ge. Le village est 100 pour cent catholique et poss\u00e8de la structure la plus unique au monde. Kulla e Ngujimit, qui est un b\u00e2timent en pierre de trois \u00e9tages sans fen\u00eatres. Il s'agissait d'un exil volontaire pour les personnes impliqu\u00e9es dans des vendettas.<\/span><\/p>\n<p><span style=\"color: #000000;\">Distance\u00a0: 10\u00a0km,\u00a0 \u00a0\u2191 266\u00a0m\u00a0 \u00a0\u2193 435\u00a0m<\/span><\/p>\n<p><span style=\"color: #000000;\"><img loading=\"lazy\" decoding=\"async\" class=\"wp-image-1067 alignnone size-large\" src=\"https:\/\/peaksofthebalkans.info\/wp-content\/uploads\/2021\/11\/Theth_1080x608-1024x576.jpg\" alt=\"Theth, sommets des Balkans\" width=\"1024\" height=\"576\" srcset=\"https:\/\/peaksofthebalkans.info\/wp-content\/uploads\/2021\/11\/Theth_1080x608-1024x576.jpg 1024w, https:\/\/peaksofthebalkans.info\/wp-content\/uploads\/2021\/11\/Theth_1080x608-300x169.jpg 300w, https:\/\/peaksofthebalkans.info\/wp-content\/uploads\/2021\/11\/Theth_1080x608-768x432.jpg 768w, https:\/\/peaksofthebalkans.info\/wp-content\/uploads\/2021\/11\/Theth_1080x608-980x552.jpg 980w, https:\/\/peaksofthebalkans.info\/wp-content\/uploads\/2021\/11\/Theth_1080x608-480x270.jpg 480w, https:\/\/peaksofthebalkans.info\/wp-content\/uploads\/2021\/11\/Theth_1080x608.jpg 1080w\" sizes=\"auto, (max-width: 1024px) 100vw, 1024px\" \/><\/span><\/p>\n<h5><strong>Jour 3\u00a0:\u00a0Randonn\u00e9e Theth \u2013 Valbona<\/strong><\/h5>\n<p><span style=\"color: #000000;\">Aujourd'hui, vous ferez l'une des randonn\u00e9es les plus embl\u00e9matiques d'Albanie depuis Theth (728 m) en passant par le col de Valbona (1759 m) jusqu'\u00e0 la ville de Valbona (995 m) au c\u0153ur du parc national \u00e9ponyme.<br \/>Cet itin\u00e9raire de 20 kilom\u00e8tres suit le trac\u00e9 d'un ancien chemin muletier reliant les r\u00e9gions tribales.<br \/>de Shala et Nikaj.<\/span><\/p>\n<p><span style=\"color: #000000;\">Distance\u00a0: 19,5\u00a0km,\u00a0 \u00a0\u2191 1068\u00a0m\u00a0\u00a0\u00a0\u2193850\u00a0m<\/span><\/p>\n<p>\u00a0<\/p>\n<p>\u00a0<\/p>\n<h5><strong>Jour 4 : Transfert Valbone \u2013 Cerem. Randonn\u00e9e Cerem \u2013 Vusanje<\/strong><\/h5>\n<p style=\"text-align: justify;\"><span style=\"color: #000000;\">Aujourd'hui vous commencerez par un transfert jusqu'au point de d\u00e9part de la randonn\u00e9e jusqu'au village de Cerem. Dans son ensemble, le sentier est l'un des sentiers les plus courts de tous les sommets des Balkans. Il traverse un petit village de bergers saisonniers albanais, quelques kilom\u00e8tres seulement avant le col de Bori, juste \u00e0 la fronti\u00e8re entre l'Albanie et le Mont\u00e9n\u00e9gro. C'est un sentier tr\u00e8s pittoresque qui serpente \u00e0 travers la for\u00eat de h\u00eatres et de bouleaux. De nombreux habitants de Cerrem et Vusanje sont parmi eux cousins. Le Cerem a donc \u00e9t\u00e9 cr\u00e9\u00e9 au d\u00e9but des ann\u00e9es cinquante lorsque les bergers de Vusanje ont commenc\u00e9 \u00e0 utiliser les p\u00e2turages en Albanie. Apr\u00e8s ces intrusions, l'\u00c9tat albanais a d\u00e9cid\u00e9 d'envoyer les forces arm\u00e9es et de sceller les fronti\u00e8res. Les habitants des deux villages Cerem (Albanie) et Vusanje (Mont\u00e9n\u00e9gro)\u00a0appartiennent au m\u00eame groupe ethnique albanais.<\/span><\/p>\n<p style=\"text-align: justify;\"><span style=\"color: #000000;\">Distance\u00a0: 12,8\u00a0km,\u00a0 \u00a0\u2191 801\u00a0m\u00a0 \u00a0\u21931015\u00a0m<\/span><\/p>\n<p style=\"text-align: justify;\">\u00a0<\/p>\n<p style=\"text-align: justify;\">\u00a0<\/p>\n<h5><strong>Jour 5\u00a0:\u00a0Transfert Vusanje \u2013 Vall\u00e9e de Grbaja. Randonn\u00e9e jusqu'au sommet Taljanka. Transfert \u00e0 Vu\u0161anje<\/strong><\/h5>\n<p><span style=\"color: #000000;\">Gerbaja, situ\u00e9e au Mont\u00e9n\u00e9gro, \u00e9tait consid\u00e9r\u00e9e comme la plus belle vall\u00e9e de la Yougoslavie de Tito, qui compte aujourd'hui 7 \u00c9tats ind\u00e9pendants. C\u2019est un d\u00e9tour par les classiques Pics des Balkans. Nous consid\u00e9rons qu'il est dommage que cette vall\u00e9e ait \u00e9t\u00e9 laiss\u00e9e \u00e0 l'\u00e9cart des classiques Sommets des Balkans. Pour d\u00e9marrer la randonn\u00e9e, vous prendrez un transport de 20 minutes. La randonn\u00e9e d\u00e9butera par une ascension du paradis vert du pic Taljanka avec une vue sur Karanfil, un massif rocheux rugueux.<\/span><\/p>\n<p><span style=\"color: #000000;\">\u00a0Distance\u00a0:\u00a09,8\u00a0km,\u00a0 \u00a0\u2191 834\u00a0m\u00a0\u00a0\u00a0\u2193908\u00a0m<\/span><\/p>\n<p><span style=\"color: #000000;\"><img loading=\"lazy\" decoding=\"async\" class=\"wp-image-1353 alignnone size-large\" src=\"https:\/\/peaksofthebalkans.info\/wp-content\/uploads\/2022\/01\/Taljanka-peak-1024x575.jpg\" alt=\"Taljanka peak, Peaks of the Balkans\" width=\"1024\" height=\"575\" srcset=\"https:\/\/peaksofthebalkans.info\/wp-content\/uploads\/2022\/01\/Taljanka-peak-1024x575.jpg 1024w, https:\/\/peaksofthebalkans.info\/wp-content\/uploads\/2022\/01\/Taljanka-peak-300x169.jpg 300w, https:\/\/peaksofthebalkans.info\/wp-content\/uploads\/2022\/01\/Taljanka-peak-768x431.jpg 768w, https:\/\/peaksofthebalkans.info\/wp-content\/uploads\/2022\/01\/Taljanka-peak-1536x863.jpg 1536w, https:\/\/peaksofthebalkans.info\/wp-content\/uploads\/2022\/01\/Taljanka-peak-2048x1151.jpg 2048w, https:\/\/peaksofthebalkans.info\/wp-content\/uploads\/2022\/01\/Taljanka-peak-1080x607.jpg 1080w\" sizes=\"auto, (max-width: 1024px) 100vw, 1024px\" \/><\/span><\/p>\n<p>\u00a0<\/p>\n<h5><strong>Jour 6\u00a0:\u00a0Randonn\u00e9e Vusanje \u2013 Theth. Transfert \u00e0 Shkodra<\/strong><\/h5>\n<p class=\"translation-block\"><span style=\"color: #000000\">De Vusanje Prokletije, vous commencerez la randonn\u00e9e de 21 kilom\u00e8tres jusqu'au village albanais historique de Theth. Le sentier longe la partie la plus escarp\u00e9e des <a href=\"https:\/\/www.lonelyplanet.com\/albania\/the-accursed-mountains\" target=\"_self\">Montagnes Maudites<\/a> ou Prokletije\/Alpes albanaises, qui \u00e9taient une zone interdite \u00e0 l'\u00e9poque communiste. En plus des falaises spectaculaires qui forment la toile de fond de la randonn\u00e9e de la journ\u00e9e, vous verrez \u00e9galement un bunker militaire et les anciens panneaux de passage de la fronti\u00e8re lorsque vous traverserez l'Albanie.<\/span><\/p>\n<p><span style=\"color: #000000;\">\u00a0Apr\u00e8s la randonn\u00e9e, vous serez transf\u00e9r\u00e9 \u00e0 Shkoder.<\/span><\/p>\n<p><span style=\"color: #000000;\">Distance\u00a0: 21,3\u00a0km,\u00a0 \u00a0\u2191 1\u00a0110\u00a0m\u00a0 \u00a0\u21931440\u00a0m<\/span><\/p>\n<h3>Inclus<\/h3>\n<ul>\n<li>Traces GPS \u00e0 utiliser via une application pour smartphone ou sur votre propre appareil GPS<\/li>\n<li>H\u00e9bergement pour 6 nuits en h\u00f4tel, pension et refuges de montagne. A la montagne, les chambres sont partag\u00e9es<\/li>\n<li>Transferts depuis et vers Shkodra<\/li>\n<li>6 petits d\u00e9jeuners, 5 d\u00e9jeuners, 4 d\u00eeners<\/li>\n<li>Notre bureau\/repr\u00e9sentant local fournit un service client 24h\/24 et 7j\/7.<\/li>\n<\/ul>\n<p>\u00a0<\/p>\n<h3>Exclus<\/h3>\n<ul>\n<li>Transfert de bagages (peut \u00eatre propos\u00e9 sur demande)<\/li>\n<li>Prise en charge et retour \u00e0 l'a\u00e9roport (peuvent \u00eatre fournis sur demande)<\/li>\n<li>Assurance voyage (doit \u00eatre assur\u00e9e par les voyageurs)<\/li>\n<\/ul>\n<h5>\u00a0<\/h5>\n<h5>\u00a0<\/h5>\n<h5>\u00a0<\/h5>\n<h5>\u00a0<\/h5>\n<h5><strong>Pays\u00a0: <\/strong>Albanie et Mont\u00e9n\u00e9gro\u00a0 \u00a0 \u00a0<\/h5>\n<h5><strong>Dur\u00e9e : 6\u00a0<\/strong>jours\u00a0 \u00a0 \u00a0 |\u00a0\u00a0<strong>Style de voyage\u00a0:<\/strong>\u00a0Autoguid\u00e9<\/h5>\n<h5 class=\"translation-block\"><span><strong>Difficult\u00e9\u00a0: <\/strong>Mod\u00e9r\u00e9e\u00a0 <span style=\"color: #800080\">|\u00a0\u00a0<\/span><strong>Disponibilit\u00e9\u00a0: <\/strong>Juin \u2013 octobre<\/span><\/h5>\n<p>\u00a0<\/p>\n\n\n<p><a href=\"https:\/\/bnadventure.com\/products\/6-days-self-guided-peaks-of-the-balkans\/\">Cliquez ici pour votre r\u00e9servation <\/a><\/p>\n\n\n\n<p><\/p>","protected":false},"excerpt":{"rendered":"<p>Overview Join us on this 6 days self-guided trip on Peaks of the Balkans.\u00a0Natural and cultural heritage sights, people and [&hellip;]<\/p>","protected":false},"author":5,"featured_media":0,"parent":0,"menu_order":0,"comment_status":"closed","ping_status":"closed","template":"","meta":{"footnotes":""},"class_list":["post-1345","page","type-page","status-publish","hentry"],"yoast_head":"<!-- This site is optimized with the Yoast SEO Premium plugin v27.1 (Yoast SEO v27.1.1) - https:\/\/yoast.com\/product\/yoast-seo-premium-wordpress\/ -->\n<title>Sommets des Balkans \u2013 Visite autoguid\u00e9e de 6 jours<\/title>\n<meta name=\"description\" content=\"Discover the Peaks of the Balkans on a 6-day self-guided tour, exploring mountains, villages, and scenic trails at your own pace.\" \/>\n<meta name=\"robots\" content=\"index, follow, max-snippet:-1, max-image-preview:large, max-video-preview:-1\" \/>\n<link rel=\"canonical\" href=\"https:\/\/peaksofthebalkans.info\/fr\/peaks-of-the-balkans-self-guided-tour-6-days\/\" \/>\n<meta property=\"og:locale\" content=\"fr_FR\" \/>\n<meta property=\"og:type\" content=\"article\" \/>\n<meta property=\"og:title\" content=\"Sommets des Balkans | Visite libre 6 jours\" \/>\n<meta property=\"og:description\" content=\"Discover the Peaks of the Balkans on a 6-day self-guided tour, exploring mountains, villages, and scenic trails at your own pace.\" \/>\n<meta property=\"og:url\" content=\"https:\/\/peaksofthebalkans.info\/fr\/peaks-of-the-balkans-self-guided-tour-6-days\/\" \/>\n<meta property=\"og:site_name\" content=\"Peaks of the Balkans, Trail, Hiking Tours\" \/>\n<meta property=\"article:publisher\" content=\"https:\/\/www.facebook.com\/peaksofthebalkans\/\" \/>\n<meta property=\"article:modified_time\" content=\"2026-03-08T06:19:46+00:00\" \/>\n<meta property=\"og:image\" content=\"https:\/\/peaksofthebalkans.info\/wp-content\/uploads\/2021\/11\/Theth_1080x608.jpg\" \/>\n\t<meta property=\"og:image:width\" content=\"1080\" \/>\n\t<meta property=\"og:image:height\" content=\"608\" \/>\n\t<meta property=\"og:image:type\" content=\"image\/jpeg\" \/>\n<meta name=\"twitter:card\" content=\"summary_large_image\" \/>\n<meta name=\"twitter:label1\" content=\"Dur\u00e9e de lecture estim\u00e9e\" \/>\n\t<meta name=\"twitter:data1\" content=\"4 minutes\" \/>\n<script type=\"application\/ld+json\" class=\"yoast-schema-graph\">{\"@context\":\"https:\/\/schema.org\",\"@graph\":[{\"@type\":\"WebPage\",\"@id\":\"https:\/\/peaksofthebalkans.info\/peaks-of-the-balkans-self-guided-tour-6-days\/\",\"url\":\"https:\/\/peaksofthebalkans.info\/peaks-of-the-balkans-self-guided-tour-6-days\/\",\"name\":\"Sommets des Balkans \u2013 Visite autoguid\u00e9e de 6 jours\",\"isPartOf\":{\"@id\":\"https:\/\/peaksofthebalkans.info\/#website\"},\"primaryImageOfPage\":{\"@id\":\"https:\/\/peaksofthebalkans.info\/peaks-of-the-balkans-self-guided-tour-6-days\/#primaryimage\"},\"image\":{\"@id\":\"https:\/\/peaksofthebalkans.info\/peaks-of-the-balkans-self-guided-tour-6-days\/#primaryimage\"},\"thumbnailUrl\":\"https:\/\/peaksofthebalkans.info\/wp-content\/uploads\/2021\/11\/Theth_1080x608-1024x576.jpg\",\"datePublished\":\"2022-01-05T13:28:59+00:00\",\"dateModified\":\"2026-03-08T06:19:46+00:00\",\"description\":\"Discover the Peaks of the Balkans on a 6-day self-guided tour, exploring mountains, villages, and scenic trails at your own pace.\",\"breadcrumb\":{\"@id\":\"https:\/\/peaksofthebalkans.info\/peaks-of-the-balkans-self-guided-tour-6-days\/#breadcrumb\"},\"inLanguage\":\"fr\",\"potentialAction\":[{\"@type\":\"ReadAction\",\"target\":[\"https:\/\/peaksofthebalkans.info\/peaks-of-the-balkans-self-guided-tour-6-days\/\"]}]},{\"@type\":\"ImageObject\",\"inLanguage\":\"fr\",\"@id\":\"https:\/\/peaksofthebalkans.info\/peaks-of-the-balkans-self-guided-tour-6-days\/#primaryimage\",\"url\":\"https:\/\/peaksofthebalkans.info\/wp-content\/uploads\/2021\/11\/Theth_1080x608-1024x576.jpg\",\"contentUrl\":\"https:\/\/peaksofthebalkans.info\/wp-content\/uploads\/2021\/11\/Theth_1080x608-1024x576.jpg\"},{\"@type\":\"BreadcrumbList\",\"@id\":\"https:\/\/peaksofthebalkans.info\/peaks-of-the-balkans-self-guided-tour-6-days\/#breadcrumb\",\"itemListElement\":[{\"@type\":\"ListItem\",\"position\":1,\"name\":\"Accueil\",\"item\":\"https:\/\/peaksofthebalkans.info\/\"},{\"@type\":\"ListItem\",\"position\":2,\"name\":\"Sommets des Balkans | Visite libre 6 jours\"}]},{\"@type\":\"WebSite\",\"@id\":\"https:\/\/peaksofthebalkans.info\/#website\",\"url\":\"https:\/\/peaksofthebalkans.info\/\",\"name\":\"Sommets des Balkans\",\"description\":\"Sur ce site, vous pouvez trouver les derni\u00e8res informations sur le sentier des Sommets des Balkans, des GPS, des guides, des permis frontaliers et d'autres informations importantes.\",\"publisher\":{\"@id\":\"https:\/\/peaksofthebalkans.info\/#organization\"},\"alternateName\":\"Sentier des sommets des Balkans\",\"potentialAction\":[{\"@type\":\"SearchAction\",\"target\":{\"@type\":\"EntryPoint\",\"urlTemplate\":\"https:\/\/peaksofthebalkans.info\/?s={search_term_string}\"},\"query-input\":{\"@type\":\"PropertyValueSpecification\",\"valueRequired\":true,\"valueName\":\"search_term_string\"}}],\"inLanguage\":\"fr\"},{\"@type\":\"Organization\",\"@id\":\"https:\/\/peaksofthebalkans.info\/#organization\",\"name\":\"Sommets des Balkans\",\"url\":\"https:\/\/peaksofthebalkans.info\/\",\"logo\":{\"@type\":\"ImageObject\",\"inLanguage\":\"fr-FR\",\"@id\":\"https:\/\/peaksofthebalkans.info\/#\/schema\/logo\/image\/\",\"url\":\"https:\/\/peaksofthebalkans.info\/wp-content\/uploads\/2026\/01\/Screenshot_20190219-141246-17.jpg\",\"contentUrl\":\"https:\/\/peaksofthebalkans.info\/wp-content\/uploads\/2026\/01\/Screenshot_20190219-141246-17.jpg\",\"width\":720,\"height\":519,\"caption\":\"Sommets des Balkans\"},\"image\":{\"@id\":\"https:\/\/peaksofthebalkans.info\/#\/schema\/logo\/image\/\"},\"sameAs\":[\"https:\/\/www.facebook.com\/peaksofthebalkans\/\"],\"description\":\"Les sommets des Balkans parcourent le sentier et voici le site officiel du sentier\",\"foundingDate\":\"2015-01-13\",\"numberOfEmployees\":{\"@type\":\"QuantitativeValue\",\"minValue\":\"1\",\"maxValue\":\"10\"}}]}<\/script>\n<!-- \/ Yoast SEO Premium plugin. -->","yoast_head_json":{"title":"Sommets des Balkans \u2013 Visite autoguid\u00e9e de 6 jours","description":"Discover the Peaks of the Balkans on a 6-day self-guided tour, exploring mountains, villages, and scenic trails at your own pace.","robots":{"index":"index","follow":"follow","max-snippet":"max-snippet:-1","max-image-preview":"max-image-preview:large","max-video-preview":"max-video-preview:-1"},"canonical":"https:\/\/peaksofthebalkans.info\/fr\/peaks-of-the-balkans-self-guided-tour-6-days\/","og_locale":"fr_FR","og_type":"article","og_title":"Sommets des Balkans | Visite libre 6 jours","og_description":"Discover the Peaks of the Balkans on a 6-day self-guided tour, exploring mountains, villages, and scenic trails at your own pace.","og_url":"https:\/\/peaksofthebalkans.info\/fr\/peaks-of-the-balkans-self-guided-tour-6-days\/","og_site_name":"Peaks of the Balkans, Trail, Hiking Tours","article_publisher":"https:\/\/www.facebook.com\/peaksofthebalkans\/","article_modified_time":"2026-03-08T06:19:46+00:00","og_image":[{"width":1080,"height":608,"url":"https:\/\/peaksofthebalkans.info\/wp-content\/uploads\/2021\/11\/Theth_1080x608.jpg","type":"image\/jpeg"}],"twitter_card":"summary_large_image","twitter_misc":{"Dur\u00e9e de lecture estim\u00e9e":"4 minutes"},"schema":{"@context":"https:\/\/schema.org","@graph":[{"@type":"WebPage","@id":"https:\/\/peaksofthebalkans.info\/peaks-of-the-balkans-self-guided-tour-6-days\/","url":"https:\/\/peaksofthebalkans.info\/peaks-of-the-balkans-self-guided-tour-6-days\/","name":"Sommets des Balkans \u2013 Visite autoguid\u00e9e de 6 jours","isPartOf":{"@id":"https:\/\/peaksofthebalkans.info\/#website"},"primaryImageOfPage":{"@id":"https:\/\/peaksofthebalkans.info\/peaks-of-the-balkans-self-guided-tour-6-days\/#primaryimage"},"image":{"@id":"https:\/\/peaksofthebalkans.info\/peaks-of-the-balkans-self-guided-tour-6-days\/#primaryimage"},"thumbnailUrl":"https:\/\/peaksofthebalkans.info\/wp-content\/uploads\/2021\/11\/Theth_1080x608-1024x576.jpg","datePublished":"2022-01-05T13:28:59+00:00","dateModified":"2026-03-08T06:19:46+00:00","description":"Discover the Peaks of the Balkans on a 6-day self-guided tour, exploring mountains, villages, and scenic trails at your own pace.","breadcrumb":{"@id":"https:\/\/peaksofthebalkans.info\/peaks-of-the-balkans-self-guided-tour-6-days\/#breadcrumb"},"inLanguage":"fr","potentialAction":[{"@type":"ReadAction","target":["https:\/\/peaksofthebalkans.info\/peaks-of-the-balkans-self-guided-tour-6-days\/"]}]},{"@type":"ImageObject","inLanguage":"fr","@id":"https:\/\/peaksofthebalkans.info\/peaks-of-the-balkans-self-guided-tour-6-days\/#primaryimage","url":"https:\/\/peaksofthebalkans.info\/wp-content\/uploads\/2021\/11\/Theth_1080x608-1024x576.jpg","contentUrl":"https:\/\/peaksofthebalkans.info\/wp-content\/uploads\/2021\/11\/Theth_1080x608-1024x576.jpg"},{"@type":"BreadcrumbList","@id":"https:\/\/peaksofthebalkans.info\/peaks-of-the-balkans-self-guided-tour-6-days\/#breadcrumb","itemListElement":[{"@type":"ListItem","position":1,"name":"Accueil","item":"https:\/\/peaksofthebalkans.info\/"},{"@type":"ListItem","position":2,"name":"Sommets des Balkans | Visite libre 6 jours"}]},{"@type":"WebSite","@id":"https:\/\/peaksofthebalkans.info\/#website","url":"https:\/\/peaksofthebalkans.info\/","name":"Sommets des Balkans","description":"Sur ce site, vous pouvez trouver les derni\u00e8res informations sur le sentier des Sommets des Balkans, des GPS, des guides, des permis frontaliers et d'autres informations importantes.","publisher":{"@id":"https:\/\/peaksofthebalkans.info\/#organization"},"alternateName":"Sentier des sommets des Balkans","potentialAction":[{"@type":"SearchAction","target":{"@type":"EntryPoint","urlTemplate":"https:\/\/peaksofthebalkans.info\/?s={search_term_string}"},"query-input":{"@type":"PropertyValueSpecification","valueRequired":true,"valueName":"search_term_string"}}],"inLanguage":"fr"},{"@type":"Organization","@id":"https:\/\/peaksofthebalkans.info\/#organization","name":"Sommets des Balkans","url":"https:\/\/peaksofthebalkans.info\/","logo":{"@type":"ImageObject","inLanguage":"fr-FR","@id":"https:\/\/peaksofthebalkans.info\/#\/schema\/logo\/image\/","url":"https:\/\/peaksofthebalkans.info\/wp-content\/uploads\/2026\/01\/Screenshot_20190219-141246-17.jpg","contentUrl":"https:\/\/peaksofthebalkans.info\/wp-content\/uploads\/2026\/01\/Screenshot_20190219-141246-17.jpg","width":720,"height":519,"caption":"Sommets des Balkans"},"image":{"@id":"https:\/\/peaksofthebalkans.info\/#\/schema\/logo\/image\/"},"sameAs":["https:\/\/www.facebook.com\/peaksofthebalkans\/"],"description":"Les sommets des Balkans parcourent le sentier et voici le site officiel du sentier","foundingDate":"2015-01-13","numberOfEmployees":{"@type":"QuantitativeValue","minValue":"1","maxValue":"10"}}]}},"_links":{"self":[{"href":"https:\/\/peaksofthebalkans.info\/fr\/wp-json\/wp\/v2\/pages\/1345","targetHints":{"allow":["GET"]}}],"collection":[{"href":"https:\/\/peaksofthebalkans.info\/fr\/wp-json\/wp\/v2\/pages"}],"about":[{"href":"https:\/\/peaksofthebalkans.info\/fr\/wp-json\/wp\/v2\/types\/page"}],"author":[{"embeddable":true,"href":"https:\/\/peaksofthebalkans.info\/fr\/wp-json\/wp\/v2\/users\/5"}],"replies":[{"embeddable":true,"href":"https:\/\/peaksofthebalkans.info\/fr\/wp-json\/wp\/v2\/comments?post=1345"}],"version-history":[{"count":17,"href":"https:\/\/peaksofthebalkans.info\/fr\/wp-json\/wp\/v2\/pages\/1345\/revisions"}],"predecessor-version":[{"id":2157,"href":"https:\/\/peaksofthebalkans.info\/fr\/wp-json\/wp\/v2\/pages\/1345\/revisions\/2157"}],"wp:attachment":[{"href":"https:\/\/peaksofthebalkans.info\/fr\/wp-json\/wp\/v2\/media?parent=1345"}],"curies":[{"name":"wp","href":"https:\/\/api.w.org\/{rel}","templated":true}]}}