{"id":1947,"date":"2026-02-02T14:02:46","date_gmt":"2026-02-02T13:02:46","guid":{"rendered":"https:\/\/peaksofthebalkans.info\/?page_id=1947"},"modified":"2026-03-05T14:44:04","modified_gmt":"2026-03-05T13:44:04","slug":"pob-podkast","status":"publish","type":"page","link":"https:\/\/peaksofthebalkans.info\/fr\/pob-podcast\/","title":{"rendered":"Podcast Pob"},"content":{"rendered":"<div class=\"wp-block-columns is-layout-flex wp-container-core-columns-is-layout-9d6595d7 wp-block-columns-is-layout-flex\">\n<div class=\"wp-block-column is-layout-flow wp-block-column-is-layout-flow\">\n<figure class=\"wp-block-embed is-type-video is-provider-youtube wp-block-embed-youtube wp-embed-aspect-16-9 wp-has-aspect-ratio\"><div class=\"wp-block-embed__wrapper\">\n<iframe loading=\"lazy\" title=\"Premier \u00e9pisode : Mentor dans les cimes des Balkans\" width=\"500\" height=\"281\" src=\"https:\/\/www.youtube.com\/embed\/RrxYU0HqKGU?feature=oembed\" frameborder=\"0\" allow=\"accelerometer; autoplay; clipboard-write; encrypted-media; gyroscope; picture-in-picture; web-share\" referrerpolicy=\"strict-origin-when-cross-origin\" allowfullscreen><\/iframe>\n<\/div><\/figure>\n\n\n\n<blockquote class=\"wp-block-quote is-layout-flow wp-block-quote-is-layout-flow\">\n<p>Mentor Vokshi, l'un des meilleurs guides des sommets des Balkans <\/p>\n<\/blockquote>\n<\/div>\n\n\n\n<div class=\"wp-block-column is-layout-flow wp-block-column-is-layout-flow\">\n<figure class=\"wp-block-embed is-type-video is-provider-youtube wp-block-embed-youtube wp-embed-aspect-16-9 wp-has-aspect-ratio\"><div class=\"wp-block-embed__wrapper\">\n<iframe loading=\"lazy\" title=\"Adriatik des sommets des Balkans\" width=\"500\" height=\"281\" src=\"https:\/\/www.youtube.com\/embed\/pdr-56-GJMg?feature=oembed\" frameborder=\"0\" allow=\"accelerometer; autoplay; clipboard-write; encrypted-media; gyroscope; picture-in-picture; web-share\" referrerpolicy=\"strict-origin-when-cross-origin\" allowfullscreen><\/iframe>\n<\/div><\/figure>\n\n\n\n<blockquote class=\"wp-block-quote is-layout-flow wp-block-quote-is-layout-flow\">\n<p>Adriatik Gacaferri comparant les sommets des Balkans avec d'autres sentiers du monde entier.]<\/p>\n<\/blockquote>\n<\/div>\n\n\n\n<div class=\"wp-block-column is-layout-flow wp-block-column-is-layout-flow\">\n<figure class=\"wp-block-embed is-type-video is-provider-youtube wp-block-embed-youtube wp-embed-aspect-16-9 wp-has-aspect-ratio\"><div class=\"wp-block-embed__wrapper\">\n<iframe loading=\"lazy\" title=\"Sommets des Balkans, analyses section par section\" width=\"500\" height=\"281\" src=\"https:\/\/www.youtube.com\/embed\/d3Vf_cPnT4U?feature=oembed\" frameborder=\"0\" allow=\"accelerometer; autoplay; clipboard-write; encrypted-media; gyroscope; picture-in-picture; web-share\" referrerpolicy=\"strict-origin-when-cross-origin\" allowfullscreen><\/iframe>\n<\/div><\/figure>\n\n\n\n<blockquote class=\"wp-block-quote is-layout-flow wp-block-quote-is-layout-flow\">\n<p>Astrit la poliglotte de Peaks of the Balkans discussion section par section. <\/p>\n<\/blockquote>\n<\/div>\n<\/div>\n\n\n\n<p><\/p>\n\n\n\n<div class=\"wp-block-columns is-layout-flex wp-container-core-columns-is-layout-9d6595d7 wp-block-columns-is-layout-flex\">\n<div class=\"wp-block-column is-layout-flow wp-block-column-is-layout-flow\">\n<figure class=\"wp-block-embed is-type-video is-provider-youtube wp-block-embed-youtube wp-embed-aspect-16-9 wp-has-aspect-ratio\"><div class=\"wp-block-embed__wrapper\">\n<iframe loading=\"lazy\" title=\"Les Sommets des Balkans avec Fitore Sadiku\" width=\"500\" height=\"281\" src=\"https:\/\/www.youtube.com\/embed\/76nE2JwmUeQ?feature=oembed\" frameborder=\"0\" allow=\"accelerometer; autoplay; clipboard-write; encrypted-media; gyroscope; picture-in-picture; web-share\" referrerpolicy=\"strict-origin-when-cross-origin\" allowfullscreen><\/iframe>\n<\/div><\/figure>\n\n\n\n<blockquote class=\"wp-block-quote is-layout-flow wp-block-quote-is-layout-flow\">\n<p>Sommets des Balkans en fran\u00e7ais. <\/p>\n<\/blockquote>\n<\/div>\n\n\n\n<div class=\"wp-block-column is-layout-flow wp-block-column-is-layout-flow\">\n<figure class=\"wp-block-embed is-type-video is-provider-youtube wp-block-embed-youtube wp-embed-aspect-16-9 wp-has-aspect-ratio\"><div class=\"wp-block-embed__wrapper\">\n<iframe loading=\"lazy\" title=\"Sommets hivernaux des Balkans\" width=\"500\" height=\"281\" src=\"https:\/\/www.youtube.com\/embed\/Ioajfhu38yM?feature=oembed\" frameborder=\"0\" allow=\"accelerometer; autoplay; clipboard-write; encrypted-media; gyroscope; picture-in-picture; web-share\" referrerpolicy=\"strict-origin-when-cross-origin\" allowfullscreen><\/iframe>\n<\/div><\/figure>\n\n\n\n<blockquote class=\"wp-block-quote is-layout-flow wp-block-quote-is-layout-flow\">\n<p>Sentiers pour l'hiver, discutez-en. <\/p>\n<\/blockquote>\n<\/div>\n\n\n\n<div class=\"wp-block-column is-layout-flow wp-block-column-is-layout-flow\">\n<figure class=\"wp-block-embed is-type-video is-provider-youtube wp-block-embed-youtube wp-embed-aspect-16-9 wp-has-aspect-ratio\"><div class=\"wp-block-embed__wrapper\">\n<iframe loading=\"lazy\" title=\"Sommets des Balkans\" width=\"500\" height=\"281\" src=\"https:\/\/www.youtube.com\/embed\/emzlrhx_rck?feature=oembed\" frameborder=\"0\" allow=\"accelerometer; autoplay; clipboard-write; encrypted-media; gyroscope; picture-in-picture; web-share\" referrerpolicy=\"strict-origin-when-cross-origin\" allowfullscreen><\/iframe>\n<\/div><\/figure>\n\n\n\n<blockquote class=\"wp-block-quote is-layout-flow wp-block-quote-is-layout-flow\">\n<p>Animation compl\u00e8te du parcours<\/p>\n<\/blockquote>\n<\/div>\n<\/div>\n\n\n\n<h3 class=\"wp-block-heading\">Podcast Peaks of the Balkans \u2013 Voix du sentier<\/h3>\n\n\n\n<p class=\"translation-block\">Le <strong>podcast vid\u00e9o des sommets des Balkans<\/strong> vous emm\u00e8ne \u00e0 l'int\u00e9rieur de l'un des itin\u00e9raires de randonn\u00e9e de longue distance les plus remarquables d'Europe. Il est enregistr\u00e9 directement sur le sentier, \u00e0 travers le <strong><a href=\"https:\/\/www.britannica.com\/place\/Kosovo\" target=\"_self\">Kosovo<\/a>, le <a href=\"https:\/\/www.britannica.com\/search?query=albania\" target=\"_self\">Albanie<\/a> et l'<a href=\"https:\/\/www.britannica.com\/search?query=montenegro\" target=\"_self\">Mont\u00e9n\u00e9gro<\/a><\/strong>. Chaque \u00e9pisode relie les paysages aux personnes qui les fa\u00e7onnent.<\/p>\n\n\n\n<p>Premi\u00e8rement, nous nous concentrons sur des histoires vraies. Guides de montagne, randonneurs et h\u00f4tes locaux partagent leur quotidien dans les Alpes balkaniques. Ils parlent de la m\u00e9t\u00e9o, du terrain et du rythme des montagnes. En cons\u00e9quence, les auditeurs b\u00e9n\u00e9ficient d\u2019une vision authentique du sentier, au-del\u00e0 des guides et des cartes.<\/p>\n\n\n\n<p class=\"translation-block\">Ensuite, le podcast explore les connaissances pratiques. Nous discutons de la <strong>planification du trek<\/strong>, des passages frontaliers, de l'h\u00e9bergement et des conditions saisonni\u00e8res. Ces \u00e9pisodes aident les randonneurs \u00e0 se pr\u00e9parer avec des attentes r\u00e9alistes. Dans le m\u00eame temps, ils expliquent pourquoi la flexibilit\u00e9 et la connaissance locale sont importantes sur cet itin\u00e9raire.<\/p>\n\n\n\n<p>De plus, nous examinons la culture et l\u2019histoire. De nombreux villages le long des sommets des Balkans pr\u00e9servent leurs traditions depuis des g\u00e9n\u00e9rations. \u00c0 travers des conversations, nous mettons en lumi\u00e8re la nourriture, les coutumes et les histoires li\u00e9es \u00e0 la vie en montagne. Cela ajoute de la profondeur \u00e0 l\u2019exp\u00e9rience de randonn\u00e9e et relie le voyage au lieu.<\/p>\n\n\n\n<p>De plus, la durabilit\u00e9 est un th\u00e8me r\u00e9current. Nous parlons de trekking responsable, de tourisme \u00e0 petite \u00e9chelle et de protection des environnements alpins fragiles. Ces discussions montrent comment la randonn\u00e9e peut soutenir les communaut\u00e9s locales tout en respectant la nature.<\/p>\n\n\n\n<p>Enfin, le podcast s\u2019adresse aussi aux simples curieux. Vous n'avez pas besoin d'\u00eatre sur la piste pour \u00e9couter. Les \u00e9pisodes offrent un voyage lent, une r\u00e9flexion et un contexte \u00e0 toute personne int\u00e9ress\u00e9e par les Balkans occidentaux.<\/p>\n\n\n\n<p>Ci-dessous, vous pouvez regarder les derni\u00e8res vid\u00e9os podcast. Chacun ajoute une autre couche \u00e0 l\u2019histoire des sommets des Balkans. Pas \u00e0 pas, \u00e9pisode par \u00e9pisode, le parcours prend vie.<\/p>\n\n\n\n<p><\/p>\n\n\n\n<p><a href=\"https:\/\/peaksofthebalkans.info\/fr\/guides-locaux\/\" data-type=\"page\" data-id=\"358\">Les guides du sentier discutent.<\/a><\/p>\n\n\n\n<p><\/p>","protected":false},"excerpt":{"rendered":"<p>Mentor Vokshi, l'un des meilleurs guides des sommets des Balkans Adriatik Gacaferri comparant les sommets des Balkans [\u2026]<\/p>","protected":false},"author":2,"featured_media":0,"parent":0,"menu_order":0,"comment_status":"closed","ping_status":"closed","template":"","meta":{"footnotes":""},"class_list":["post-1947","page","type-page","status-publish","hentry"],"yoast_head":"<!-- This site is optimized with the Yoast SEO Premium plugin v27.1 (Yoast SEO v27.1.1) - https:\/\/yoast.com\/product\/yoast-seo-premium-wordpress\/ -->\n<title>Podcast Peaks of the Balkans \u2013 Histoires et conseils sur les sentiers<\/title>\n<meta name=\"description\" content=\"\u00c9coutez le podcast Peaks of the Balkans pour d\u00e9couvrir des r\u00e9cits de sentiers, des conseils de randonn\u00e9e et des informations sur l&#039;Albanie, le Kosovo et le Mont\u00e9n\u00e9gro.\" \/>\n<meta name=\"robots\" content=\"index, follow, max-snippet:-1, max-image-preview:large, max-video-preview:-1\" \/>\n<link rel=\"canonical\" href=\"https:\/\/peaksofthebalkans.info\/fr\/pob-podcast\/\" \/>\n<meta property=\"og:locale\" content=\"fr_FR\" \/>\n<meta property=\"og:type\" content=\"article\" \/>\n<meta property=\"og:title\" content=\"Podcast Pob\" \/>\n<meta property=\"og:description\" content=\"\u00c9coutez le podcast Peaks of the Balkans pour d\u00e9couvrir des r\u00e9cits de sentiers, des conseils de randonn\u00e9e et des informations sur l&#039;Albanie, le Kosovo et le Mont\u00e9n\u00e9gro.\" \/>\n<meta property=\"og:url\" content=\"https:\/\/peaksofthebalkans.info\/fr\/pob-podcast\/\" \/>\n<meta property=\"og:site_name\" content=\"Peaks of the Balkans, Trail, Hiking Tours\" \/>\n<meta property=\"article:publisher\" content=\"https:\/\/www.facebook.com\/peaksofthebalkans\/\" \/>\n<meta property=\"article:modified_time\" content=\"2026-03-05T13:44:04+00:00\" \/>\n<meta property=\"og:image\" content=\"https:\/\/peaksofthebalkans.info\/wp-content\/uploads\/2019\/11\/Grbaja-Valley.jpeg\" \/>\n\t<meta property=\"og:image:width\" content=\"1280\" \/>\n\t<meta property=\"og:image:height\" content=\"720\" \/>\n\t<meta property=\"og:image:type\" content=\"image\/jpeg\" \/>\n<meta name=\"twitter:card\" content=\"summary_large_image\" \/>\n<meta name=\"twitter:label1\" content=\"Dur\u00e9e de lecture estim\u00e9e\" \/>\n\t<meta name=\"twitter:data1\" content=\"2 minutes\" \/>\n<script type=\"application\/ld+json\" class=\"yoast-schema-graph\">{\"@context\":\"https:\/\/schema.org\",\"@graph\":[{\"@type\":\"WebPage\",\"@id\":\"https:\/\/peaksofthebalkans.info\/pob-podkast\/\",\"url\":\"https:\/\/peaksofthebalkans.info\/pob-podkast\/\",\"name\":\"Podcast Peaks of the Balkans \u2013 Histoires et conseils sur les sentiers\",\"isPartOf\":{\"@id\":\"https:\/\/peaksofthebalkans.info\/#website\"},\"datePublished\":\"2026-02-02T13:02:46+00:00\",\"dateModified\":\"2026-03-05T13:44:04+00:00\",\"description\":\"\u00c9coutez le podcast Peaks of the Balkans pour d\u00e9couvrir des r\u00e9cits de sentiers, des conseils de randonn\u00e9e et des informations sur l'Albanie, le Kosovo et le Mont\u00e9n\u00e9gro.\",\"breadcrumb\":{\"@id\":\"https:\/\/peaksofthebalkans.info\/pob-podkast\/#breadcrumb\"},\"inLanguage\":\"fr\",\"potentialAction\":[{\"@type\":\"ReadAction\",\"target\":[\"https:\/\/peaksofthebalkans.info\/pob-podkast\/\"]}]},{\"@type\":\"BreadcrumbList\",\"@id\":\"https:\/\/peaksofthebalkans.info\/pob-podkast\/#breadcrumb\",\"itemListElement\":[{\"@type\":\"ListItem\",\"position\":1,\"name\":\"Accueil\",\"item\":\"https:\/\/peaksofthebalkans.info\/\"},{\"@type\":\"ListItem\",\"position\":2,\"name\":\"Podcast Pob\"}]},{\"@type\":\"WebSite\",\"@id\":\"https:\/\/peaksofthebalkans.info\/#website\",\"url\":\"https:\/\/peaksofthebalkans.info\/\",\"name\":\"Sommets des Balkans\",\"description\":\"Sur ce site, vous pouvez trouver les derni\u00e8res informations sur le sentier des Sommets des Balkans, des GPS, des guides, des permis frontaliers et d'autres informations importantes.\",\"publisher\":{\"@id\":\"https:\/\/peaksofthebalkans.info\/#organization\"},\"alternateName\":\"Sentier des sommets des Balkans\",\"potentialAction\":[{\"@type\":\"SearchAction\",\"target\":{\"@type\":\"EntryPoint\",\"urlTemplate\":\"https:\/\/peaksofthebalkans.info\/?s={search_term_string}\"},\"query-input\":{\"@type\":\"PropertyValueSpecification\",\"valueRequired\":true,\"valueName\":\"search_term_string\"}}],\"inLanguage\":\"fr\"},{\"@type\":\"Organization\",\"@id\":\"https:\/\/peaksofthebalkans.info\/#organization\",\"name\":\"Sommets des Balkans\",\"url\":\"https:\/\/peaksofthebalkans.info\/\",\"logo\":{\"@type\":\"ImageObject\",\"inLanguage\":\"fr-FR\",\"@id\":\"https:\/\/peaksofthebalkans.info\/#\/schema\/logo\/image\/\",\"url\":\"https:\/\/peaksofthebalkans.info\/wp-content\/uploads\/2026\/01\/Screenshot_20190219-141246-17.jpg\",\"contentUrl\":\"https:\/\/peaksofthebalkans.info\/wp-content\/uploads\/2026\/01\/Screenshot_20190219-141246-17.jpg\",\"width\":720,\"height\":519,\"caption\":\"Sommets des Balkans\"},\"image\":{\"@id\":\"https:\/\/peaksofthebalkans.info\/#\/schema\/logo\/image\/\"},\"sameAs\":[\"https:\/\/www.facebook.com\/peaksofthebalkans\/\"],\"description\":\"Les sommets des Balkans parcourent le sentier et voici le site officiel du sentier\",\"foundingDate\":\"2015-01-13\",\"numberOfEmployees\":{\"@type\":\"QuantitativeValue\",\"minValue\":\"1\",\"maxValue\":\"10\"}}]}<\/script>\n<!-- \/ Yoast SEO Premium plugin. -->","yoast_head_json":{"title":"Podcast Peaks of the Balkans \u2013 Histoires et conseils sur les sentiers","description":"\u00c9coutez le podcast Peaks of the Balkans pour d\u00e9couvrir des r\u00e9cits de sentiers, des conseils de randonn\u00e9e et des informations sur l'Albanie, le Kosovo et le Mont\u00e9n\u00e9gro.","robots":{"index":"index","follow":"follow","max-snippet":"max-snippet:-1","max-image-preview":"max-image-preview:large","max-video-preview":"max-video-preview:-1"},"canonical":"https:\/\/peaksofthebalkans.info\/fr\/pob-podcast\/","og_locale":"fr_FR","og_type":"article","og_title":"Podcast Pob","og_description":"\u00c9coutez le podcast Peaks of the Balkans pour d\u00e9couvrir des r\u00e9cits de sentiers, des conseils de randonn\u00e9e et des informations sur l'Albanie, le Kosovo et le Mont\u00e9n\u00e9gro.","og_url":"https:\/\/peaksofthebalkans.info\/fr\/pob-podcast\/","og_site_name":"Peaks of the Balkans, Trail, Hiking Tours","article_publisher":"https:\/\/www.facebook.com\/peaksofthebalkans\/","article_modified_time":"2026-03-05T13:44:04+00:00","og_image":[{"width":1280,"height":720,"url":"https:\/\/peaksofthebalkans.info\/wp-content\/uploads\/2019\/11\/Grbaja-Valley.jpeg","type":"image\/jpeg"}],"twitter_card":"summary_large_image","twitter_misc":{"Dur\u00e9e de lecture estim\u00e9e":"2 minutes"},"schema":{"@context":"https:\/\/schema.org","@graph":[{"@type":"WebPage","@id":"https:\/\/peaksofthebalkans.info\/pob-podkast\/","url":"https:\/\/peaksofthebalkans.info\/pob-podkast\/","name":"Podcast Peaks of the Balkans \u2013 Histoires et conseils sur les sentiers","isPartOf":{"@id":"https:\/\/peaksofthebalkans.info\/#website"},"datePublished":"2026-02-02T13:02:46+00:00","dateModified":"2026-03-05T13:44:04+00:00","description":"\u00c9coutez le podcast Peaks of the Balkans pour d\u00e9couvrir des r\u00e9cits de sentiers, des conseils de randonn\u00e9e et des informations sur l'Albanie, le Kosovo et le Mont\u00e9n\u00e9gro.","breadcrumb":{"@id":"https:\/\/peaksofthebalkans.info\/pob-podkast\/#breadcrumb"},"inLanguage":"fr","potentialAction":[{"@type":"ReadAction","target":["https:\/\/peaksofthebalkans.info\/pob-podkast\/"]}]},{"@type":"BreadcrumbList","@id":"https:\/\/peaksofthebalkans.info\/pob-podkast\/#breadcrumb","itemListElement":[{"@type":"ListItem","position":1,"name":"Accueil","item":"https:\/\/peaksofthebalkans.info\/"},{"@type":"ListItem","position":2,"name":"Podcast Pob"}]},{"@type":"WebSite","@id":"https:\/\/peaksofthebalkans.info\/#website","url":"https:\/\/peaksofthebalkans.info\/","name":"Sommets des Balkans","description":"Sur ce site, vous pouvez trouver les derni\u00e8res informations sur le sentier des Sommets des Balkans, des GPS, des guides, des permis frontaliers et d'autres informations importantes.","publisher":{"@id":"https:\/\/peaksofthebalkans.info\/#organization"},"alternateName":"Sentier des sommets des Balkans","potentialAction":[{"@type":"SearchAction","target":{"@type":"EntryPoint","urlTemplate":"https:\/\/peaksofthebalkans.info\/?s={search_term_string}"},"query-input":{"@type":"PropertyValueSpecification","valueRequired":true,"valueName":"search_term_string"}}],"inLanguage":"fr"},{"@type":"Organization","@id":"https:\/\/peaksofthebalkans.info\/#organization","name":"Sommets des Balkans","url":"https:\/\/peaksofthebalkans.info\/","logo":{"@type":"ImageObject","inLanguage":"fr-FR","@id":"https:\/\/peaksofthebalkans.info\/#\/schema\/logo\/image\/","url":"https:\/\/peaksofthebalkans.info\/wp-content\/uploads\/2026\/01\/Screenshot_20190219-141246-17.jpg","contentUrl":"https:\/\/peaksofthebalkans.info\/wp-content\/uploads\/2026\/01\/Screenshot_20190219-141246-17.jpg","width":720,"height":519,"caption":"Sommets des Balkans"},"image":{"@id":"https:\/\/peaksofthebalkans.info\/#\/schema\/logo\/image\/"},"sameAs":["https:\/\/www.facebook.com\/peaksofthebalkans\/"],"description":"Les sommets des Balkans parcourent le sentier et voici le site officiel du sentier","foundingDate":"2015-01-13","numberOfEmployees":{"@type":"QuantitativeValue","minValue":"1","maxValue":"10"}}]}},"_links":{"self":[{"href":"https:\/\/peaksofthebalkans.info\/fr\/wp-json\/wp\/v2\/pages\/1947","targetHints":{"allow":["GET"]}}],"collection":[{"href":"https:\/\/peaksofthebalkans.info\/fr\/wp-json\/wp\/v2\/pages"}],"about":[{"href":"https:\/\/peaksofthebalkans.info\/fr\/wp-json\/wp\/v2\/types\/page"}],"author":[{"embeddable":true,"href":"https:\/\/peaksofthebalkans.info\/fr\/wp-json\/wp\/v2\/users\/2"}],"replies":[{"embeddable":true,"href":"https:\/\/peaksofthebalkans.info\/fr\/wp-json\/wp\/v2\/comments?post=1947"}],"version-history":[{"count":7,"href":"https:\/\/peaksofthebalkans.info\/fr\/wp-json\/wp\/v2\/pages\/1947\/revisions"}],"predecessor-version":[{"id":1965,"href":"https:\/\/peaksofthebalkans.info\/fr\/wp-json\/wp\/v2\/pages\/1947\/revisions\/1965"}],"wp:attachment":[{"href":"https:\/\/peaksofthebalkans.info\/fr\/wp-json\/wp\/v2\/media?parent=1947"}],"curies":[{"name":"wp","href":"https:\/\/api.w.org\/{rel}","templated":true}]}}