{"id":358,"date":"2019-02-18T14:42:34","date_gmt":"2019-02-18T13:42:34","guid":{"rendered":"https:\/\/peaksofthebalkans.info\/?page_id=358"},"modified":"2026-02-02T00:41:04","modified_gmt":"2026-02-01T23:41:04","slug":"local-guides","status":"publish","type":"page","link":"https:\/\/peaksofthebalkans.info\/fr\/guides-locaux\/","title":{"rendered":"Guides locaux"},"content":{"rendered":"<section class=\"pob-page-hero\">\n    <div class=\"site-container\">\n        <p class=\"pob-page-hero__eyebrow\">Experts certifi\u00e9s<\/p>\n        <h1>Guides locaux pour les sommets des Balkans<\/h1>\n        <p class=\"pob-page-hero__lede\">Contactez l'un de nos guides certifi\u00e9s pour vous aider \u00e0 planifier votre aventure personnalis\u00e9e, \u00e0 organiser l'h\u00e9bergement et \u00e0 partager des connaissances privil\u00e9gi\u00e9es chaque jour.<\/p>\n        <a class=\"pob-page-hero__cta\" href=\"https:\/\/peaksofthebalkans.info\/fr\/contact\/\">Connectez-vous avec un guide<\/a>\n    <\/div>\n<\/section>\n\n<section class=\"pob-content-shell\">\n    <div class=\"site-container\">\n        <div class=\"pob-plain-content\">\n                            <p>Nous travaillons avec une \u00e9quipe de guides agr\u00e9\u00e9s qui vivent sur le sentier et comprennent la langue, la culture et la logistique de chaque village.<\/p>\n                <p>Les \u00e9quipes de guides g\u00e8rent les transferts, les passages de fronti\u00e8res et les briefings sur les sentiers afin que vous puissiez profiter de la randonn\u00e9e longue distance sans vous soucier des micro-d\u00e9tails.<\/p>\n                    <\/div>\n        <div class=\"pob-page-grid\">\n                            <article>\n                    <h3>Mentor Vokshi<\/h3>\n                    <p>Guide certifi\u00e9 des Sommets des Balkans. Disponible pour les groupes priv\u00e9s, le soutien de suivi et les briefings de s\u00e9curit\u00e9.<\/p>\n                    <p>Contactez-nous pour r\u00e9server un guide pour les \u00e9tapes de trail ou une boucle compl\u00e8te.<\/p>\n                <\/article>\n                            <article>\n                    <h3>Gezim Murati<\/h3>\n                    <p>Guide certifi\u00e9 des Sommets des Balkans. Disponible pour les groupes priv\u00e9s, le soutien de suivi et les briefings de s\u00e9curit\u00e9.<\/p>\n                    <p>Contactez-nous pour r\u00e9server un guide pour les \u00e9tapes de trail ou une boucle compl\u00e8te.<\/p>\n                <\/article>\n                            <article>\n                    <h3>Agim Ha\u00e7ku<\/h3>\n                    <p>Guide certifi\u00e9 des Sommets des Balkans. Disponible pour les groupes priv\u00e9s, le soutien de suivi et les briefings de s\u00e9curit\u00e9.<\/p>\n                    <p>Contactez-nous pour r\u00e9server un guide pour les \u00e9tapes de trail ou une boucle compl\u00e8te.<\/p>\n                <\/article>\n                            <article>\n                    <h3>Nol Krasniqi<\/h3>\n                    <p>Guide certifi\u00e9 des Sommets des Balkans. Disponible pour les groupes priv\u00e9s, le soutien de suivi et les briefings de s\u00e9curit\u00e9.<\/p>\n                    <p>Contactez-nous pour r\u00e9server un guide pour les \u00e9tapes de trail ou une boucle compl\u00e8te.<\/p>\n                <\/article>\n                            <article>\n                    <h3>Fisnik \u00c7avolli<\/h3>\n                    <p>Guide certifi\u00e9 des Sommets des Balkans. Disponible pour les groupes priv\u00e9s, le soutien de suivi et les briefings de s\u00e9curit\u00e9.<\/p>\n                    <p>Contactez-nous pour r\u00e9server un guide pour les \u00e9tapes de trail ou une boucle compl\u00e8te.<\/p>\n                <\/article>\n                            <article>\n                    <h3>Kushtrim Mema<\/h3>\n                    <p>Guide certifi\u00e9 des Sommets des Balkans. Disponible pour les groupes priv\u00e9s, le soutien de suivi et les briefings de s\u00e9curit\u00e9.<\/p>\n                    <p>Contactez-nous pour r\u00e9server un guide pour les \u00e9tapes de trail ou une boucle compl\u00e8te.<\/p>\n                <\/article>\n                            <article>\n                    <h3>Donika Matoshi<\/h3>\n                    <p>Guide certifi\u00e9 des Sommets des Balkans. Disponible pour les groupes priv\u00e9s, le soutien de suivi et les briefings de s\u00e9curit\u00e9.<\/p>\n                    <p>Contactez-nous pour r\u00e9server un guide pour les \u00e9tapes de trail ou une boucle compl\u00e8te.<\/p>\n                <\/article>\n                            <article>\n                    <h3>Erind Zalli<\/h3>\n                    <p>Guide certifi\u00e9 des Sommets des Balkans. Disponible pour les groupes priv\u00e9s, le soutien de suivi et les briefings de s\u00e9curit\u00e9.<\/p>\n                    <p>Contactez-nous pour r\u00e9server un guide pour les \u00e9tapes de trail ou une boucle compl\u00e8te.<\/p>\n                <\/article>\n                            <article>\n                    <h3>Fidan Abazi<\/h3>\n                    <p>Guide certifi\u00e9 des Sommets des Balkans. Disponible pour les groupes priv\u00e9s, le soutien de suivi et les briefings de s\u00e9curit\u00e9.<\/p>\n                    <p>Contactez-nous pour r\u00e9server un guide pour les \u00e9tapes de trail ou une boucle compl\u00e8te.<\/p>\n                <\/article>\n                    <\/div>\n    <\/div>\n<\/section>\n\n<section class=\"pob-page-cta\">\n    <div class=\"site-container\">\n        <h2>Besoin d'un expert local ?<\/h2>\n        <p>Dites-nous pour quelle \u00e9tape vous avez besoin d'aide et nous vous mettrons en contact avec un guide \u00e0 proximit\u00e9 et coordonnerons la logistique.<\/p>\n        <a class=\"pob-page-cta__button\" href=\"https:\/\/peaksofthebalkans.info\/fr\/contact\/\">Demander un guide<\/a>\n    <\/div>\n<\/section>","protected":false},"excerpt":{"rendered":"","protected":false},"author":1,"featured_media":0,"parent":0,"menu_order":0,"comment_status":"closed","ping_status":"closed","template":"","meta":{"footnotes":""},"class_list":["post-358","page","type-page","status-publish","hentry"],"yoast_head":"<!-- This site is optimized with the Yoast SEO Premium plugin v27.1 (Yoast SEO v27.1.1) - https:\/\/yoast.com\/product\/yoast-seo-premium-wordpress\/ -->\n<title>Guides locaux POB<\/title>\n<meta name=\"robots\" content=\"index, follow, max-snippet:-1, max-image-preview:large, max-video-preview:-1\" \/>\n<link rel=\"canonical\" href=\"https:\/\/peaksofthebalkans.info\/fr\/guides-locaux\/\" \/>\n<meta property=\"og:locale\" content=\"fr_FR\" \/>\n<meta property=\"og:type\" content=\"article\" \/>\n<meta property=\"og:title\" content=\"Guides locaux\" \/>\n<meta property=\"og:url\" content=\"https:\/\/peaksofthebalkans.info\/fr\/guides-locaux\/\" \/>\n<meta property=\"og:site_name\" content=\"Peaks of the Balkans, Trail, Hiking Tours\" \/>\n<meta property=\"article:publisher\" content=\"https:\/\/www.facebook.com\/peaksofthebalkans\/\" \/>\n<meta property=\"article:modified_time\" content=\"2026-02-01T23:41:04+00:00\" \/>\n<meta property=\"og:image\" content=\"https:\/\/peaksofthebalkans.info\/wp-content\/uploads\/2019\/11\/Grbaja-Valley.jpeg\" \/>\n\t<meta property=\"og:image:width\" content=\"1280\" \/>\n\t<meta property=\"og:image:height\" content=\"720\" \/>\n\t<meta property=\"og:image:type\" content=\"image\/jpeg\" \/>\n<meta name=\"twitter:card\" content=\"summary_large_image\" \/>\n<script type=\"application\/ld+json\" class=\"yoast-schema-graph\">{\"@context\":\"https:\/\/schema.org\",\"@graph\":[{\"@type\":\"WebPage\",\"@id\":\"https:\/\/peaksofthebalkans.info\/local-guides\/\",\"url\":\"https:\/\/peaksofthebalkans.info\/local-guides\/\",\"name\":\"Guides locaux POB\",\"isPartOf\":{\"@id\":\"https:\/\/peaksofthebalkans.info\/#website\"},\"datePublished\":\"2019-02-18T13:42:34+00:00\",\"dateModified\":\"2026-02-01T23:41:04+00:00\",\"breadcrumb\":{\"@id\":\"https:\/\/peaksofthebalkans.info\/local-guides\/#breadcrumb\"},\"inLanguage\":\"fr\",\"potentialAction\":[{\"@type\":\"ReadAction\",\"target\":[\"https:\/\/peaksofthebalkans.info\/local-guides\/\"]}]},{\"@type\":\"BreadcrumbList\",\"@id\":\"https:\/\/peaksofthebalkans.info\/local-guides\/#breadcrumb\",\"itemListElement\":[{\"@type\":\"ListItem\",\"position\":1,\"name\":\"Accueil\",\"item\":\"https:\/\/peaksofthebalkans.info\/\"},{\"@type\":\"ListItem\",\"position\":2,\"name\":\"Guides locaux\"}]},{\"@type\":\"WebSite\",\"@id\":\"https:\/\/peaksofthebalkans.info\/#website\",\"url\":\"https:\/\/peaksofthebalkans.info\/\",\"name\":\"Sommets des Balkans\",\"description\":\"Sur ce site, vous pouvez trouver les derni\u00e8res informations sur le sentier des Sommets des Balkans, des GPS, des guides, des permis frontaliers et d'autres informations importantes.\",\"publisher\":{\"@id\":\"https:\/\/peaksofthebalkans.info\/#organization\"},\"alternateName\":\"Sentier des sommets des Balkans\",\"potentialAction\":[{\"@type\":\"SearchAction\",\"target\":{\"@type\":\"EntryPoint\",\"urlTemplate\":\"https:\/\/peaksofthebalkans.info\/?s={search_term_string}\"},\"query-input\":{\"@type\":\"PropertyValueSpecification\",\"valueRequired\":true,\"valueName\":\"search_term_string\"}}],\"inLanguage\":\"fr\"},{\"@type\":\"Organization\",\"@id\":\"https:\/\/peaksofthebalkans.info\/#organization\",\"name\":\"Sommets des Balkans\",\"url\":\"https:\/\/peaksofthebalkans.info\/\",\"logo\":{\"@type\":\"ImageObject\",\"inLanguage\":\"fr-FR\",\"@id\":\"https:\/\/peaksofthebalkans.info\/#\/schema\/logo\/image\/\",\"url\":\"https:\/\/peaksofthebalkans.info\/wp-content\/uploads\/2026\/01\/Screenshot_20190219-141246-17.jpg\",\"contentUrl\":\"https:\/\/peaksofthebalkans.info\/wp-content\/uploads\/2026\/01\/Screenshot_20190219-141246-17.jpg\",\"width\":720,\"height\":519,\"caption\":\"Sommets des Balkans\"},\"image\":{\"@id\":\"https:\/\/peaksofthebalkans.info\/#\/schema\/logo\/image\/\"},\"sameAs\":[\"https:\/\/www.facebook.com\/peaksofthebalkans\/\"],\"description\":\"Les sommets des Balkans parcourent le sentier et voici le site officiel du sentier\",\"foundingDate\":\"2015-01-13\",\"numberOfEmployees\":{\"@type\":\"QuantitativeValue\",\"minValue\":\"1\",\"maxValue\":\"10\"}}]}<\/script>\n<!-- \/ Yoast SEO Premium plugin. -->","yoast_head_json":{"title":"Guides locaux POB","robots":{"index":"index","follow":"follow","max-snippet":"max-snippet:-1","max-image-preview":"max-image-preview:large","max-video-preview":"max-video-preview:-1"},"canonical":"https:\/\/peaksofthebalkans.info\/fr\/guides-locaux\/","og_locale":"fr_FR","og_type":"article","og_title":"Guides locaux","og_url":"https:\/\/peaksofthebalkans.info\/fr\/guides-locaux\/","og_site_name":"Peaks of the Balkans, Trail, Hiking Tours","article_publisher":"https:\/\/www.facebook.com\/peaksofthebalkans\/","article_modified_time":"2026-02-01T23:41:04+00:00","og_image":[{"width":1280,"height":720,"url":"https:\/\/peaksofthebalkans.info\/wp-content\/uploads\/2019\/11\/Grbaja-Valley.jpeg","type":"image\/jpeg"}],"twitter_card":"summary_large_image","schema":{"@context":"https:\/\/schema.org","@graph":[{"@type":"WebPage","@id":"https:\/\/peaksofthebalkans.info\/local-guides\/","url":"https:\/\/peaksofthebalkans.info\/local-guides\/","name":"Guides locaux POB","isPartOf":{"@id":"https:\/\/peaksofthebalkans.info\/#website"},"datePublished":"2019-02-18T13:42:34+00:00","dateModified":"2026-02-01T23:41:04+00:00","breadcrumb":{"@id":"https:\/\/peaksofthebalkans.info\/local-guides\/#breadcrumb"},"inLanguage":"fr","potentialAction":[{"@type":"ReadAction","target":["https:\/\/peaksofthebalkans.info\/local-guides\/"]}]},{"@type":"BreadcrumbList","@id":"https:\/\/peaksofthebalkans.info\/local-guides\/#breadcrumb","itemListElement":[{"@type":"ListItem","position":1,"name":"Accueil","item":"https:\/\/peaksofthebalkans.info\/"},{"@type":"ListItem","position":2,"name":"Guides locaux"}]},{"@type":"WebSite","@id":"https:\/\/peaksofthebalkans.info\/#website","url":"https:\/\/peaksofthebalkans.info\/","name":"Sommets des Balkans","description":"Sur ce site, vous pouvez trouver les derni\u00e8res informations sur le sentier des Sommets des Balkans, des GPS, des guides, des permis frontaliers et d'autres informations importantes.","publisher":{"@id":"https:\/\/peaksofthebalkans.info\/#organization"},"alternateName":"Sentier des sommets des Balkans","potentialAction":[{"@type":"SearchAction","target":{"@type":"EntryPoint","urlTemplate":"https:\/\/peaksofthebalkans.info\/?s={search_term_string}"},"query-input":{"@type":"PropertyValueSpecification","valueRequired":true,"valueName":"search_term_string"}}],"inLanguage":"fr"},{"@type":"Organization","@id":"https:\/\/peaksofthebalkans.info\/#organization","name":"Sommets des Balkans","url":"https:\/\/peaksofthebalkans.info\/","logo":{"@type":"ImageObject","inLanguage":"fr-FR","@id":"https:\/\/peaksofthebalkans.info\/#\/schema\/logo\/image\/","url":"https:\/\/peaksofthebalkans.info\/wp-content\/uploads\/2026\/01\/Screenshot_20190219-141246-17.jpg","contentUrl":"https:\/\/peaksofthebalkans.info\/wp-content\/uploads\/2026\/01\/Screenshot_20190219-141246-17.jpg","width":720,"height":519,"caption":"Sommets des Balkans"},"image":{"@id":"https:\/\/peaksofthebalkans.info\/#\/schema\/logo\/image\/"},"sameAs":["https:\/\/www.facebook.com\/peaksofthebalkans\/"],"description":"Les sommets des Balkans parcourent le sentier et voici le site officiel du sentier","foundingDate":"2015-01-13","numberOfEmployees":{"@type":"QuantitativeValue","minValue":"1","maxValue":"10"}}]}},"_links":{"self":[{"href":"https:\/\/peaksofthebalkans.info\/fr\/wp-json\/wp\/v2\/pages\/358","targetHints":{"allow":["GET"]}}],"collection":[{"href":"https:\/\/peaksofthebalkans.info\/fr\/wp-json\/wp\/v2\/pages"}],"about":[{"href":"https:\/\/peaksofthebalkans.info\/fr\/wp-json\/wp\/v2\/types\/page"}],"author":[{"embeddable":true,"href":"https:\/\/peaksofthebalkans.info\/fr\/wp-json\/wp\/v2\/users\/1"}],"replies":[{"embeddable":true,"href":"https:\/\/peaksofthebalkans.info\/fr\/wp-json\/wp\/v2\/comments?post=358"}],"version-history":[{"count":27,"href":"https:\/\/peaksofthebalkans.info\/fr\/wp-json\/wp\/v2\/pages\/358\/revisions"}],"predecessor-version":[{"id":1887,"href":"https:\/\/peaksofthebalkans.info\/fr\/wp-json\/wp\/v2\/pages\/358\/revisions\/1887"}],"wp:attachment":[{"href":"https:\/\/peaksofthebalkans.info\/fr\/wp-json\/wp\/v2\/media?parent=358"}],"curies":[{"name":"wp","href":"https:\/\/api.w.org\/{rel}","templated":true}]}}